{"id":5802,"date":"2025-08-04T09:29:33","date_gmt":"2025-08-04T08:29:33","guid":{"rendered":"https:\/\/bpont.hu\/shop\/index.php\/product\/lsn-fenyjelzo-erzekelo-aljzatba-aljzathangjelzobe-szerelheto\/"},"modified":"2026-03-11T16:40:41","modified_gmt":"2026-03-11T14:40:41","slug":"lsn-fenyjelzo-erzekelo-aljzatba-aljzathangjelzobe-szerelheto","status":"publish","type":"product","link":"https:\/\/bpont.hu\/shop\/index.php\/product\/lsn-fenyjelzo-erzekelo-aljzatba-aljzathangjelzobe-szerelheto\/","title":{"rendered":"FNS-420-R<br>LSN f\u00e9nyjelz\u0151, \u00e9rz\u00e9kel\u0151 aljzatba, aljzathangjelz\u0151be szerelhet\u0151"},"content":{"rendered":"<p>FNS-420-R<br \/>\nTulajdons\u00e1gok:<br \/>\n&#8211; A k\u00e9sz\u00fcl\u00e9k nem EN 54-23 tan\u00fas\u00edt\u00e1s\u00fa. Nem haszn\u00e1lhat\u00f3 t\u0171zjelz\u0151k\u00e9nt az E- tag\u00e1llamaiban.<br \/>\n&#8211; Kompakt, robusztus \u00e9s karbantart\u00e1s-mentes<br \/>\n&#8211; Megb\u00edzhat\u00f3, \u00e9l\u00e9nk f\u00e9ny\u0171 \u00e9s hossz\u00fa \u00e9lettartam\u00fa Xenon villan\u00f3cs\u00f6vekkel<br \/>\n&#8211; 12 V DC \u00e9s 24 V DC \u00fczemi fesz\u00fclts\u00e9ghez<br \/>\n&#8211; Sz\u00e9ls\u0151s\u00e9ges k\u00f6rnyezeti felt\u00e9telek k\u00f6z\u00f6tt haszn\u00e1lhat\u00f3<\/p>\n","protected":false},"excerpt":{"rendered":"<p>Rendel\u00e9si k\u00f3d: F.01U.516.089<\/p>\n","protected":false},"featured_media":5801,"template":"","meta":[],"product_brand":[],"product_cat":[395],"product_tag":[25],"class_list":{"0":"post-5802","1":"product","2":"type-product","3":"status-publish","4":"has-post-thumbnail","6":"product_cat-intelligens-hang-fenyjelzok-hang-es-fenyjelzok","7":"product_tag-bosch","9":"first","10":"instock","11":"taxable","12":"shipping-taxable","13":"purchasable","14":"product-type-simple"},"jetpack_sharing_enabled":true,"_links":{"self":[{"href":"https:\/\/bpont.hu\/shop\/index.php\/wp-json\/wp\/v2\/product\/5802","targetHints":{"allow":["GET"]}}],"collection":[{"href":"https:\/\/bpont.hu\/shop\/index.php\/wp-json\/wp\/v2\/product"}],"about":[{"href":"https:\/\/bpont.hu\/shop\/index.php\/wp-json\/wp\/v2\/types\/product"}],"version-history":[{"count":3,"href":"https:\/\/bpont.hu\/shop\/index.php\/wp-json\/wp\/v2\/product\/5802\/revisions"}],"predecessor-version":[{"id":8460,"href":"https:\/\/bpont.hu\/shop\/index.php\/wp-json\/wp\/v2\/product\/5802\/revisions\/8460"}],"wp:featuredmedia":[{"embeddable":true,"href":"https:\/\/bpont.hu\/shop\/index.php\/wp-json\/wp\/v2\/media\/5801"}],"wp:attachment":[{"href":"https:\/\/bpont.hu\/shop\/index.php\/wp-json\/wp\/v2\/media?parent=5802"}],"wp:term":[{"taxonomy":"product_brand","embeddable":true,"href":"https:\/\/bpont.hu\/shop\/index.php\/wp-json\/wp\/v2\/product_brand?post=5802"},{"taxonomy":"product_cat","embeddable":true,"href":"https:\/\/bpont.hu\/shop\/index.php\/wp-json\/wp\/v2\/product_cat?post=5802"},{"taxonomy":"product_tag","embeddable":true,"href":"https:\/\/bpont.hu\/shop\/index.php\/wp-json\/wp\/v2\/product_tag?post=5802"}],"curies":[{"name":"wp","href":"https:\/\/api.w.org\/{rel}","templated":true}]}}