{"id":5799,"date":"2025-08-04T09:29:32","date_gmt":"2025-08-04T08:29:32","guid":{"rendered":"https:\/\/bpont.hu\/shop\/index.php\/product\/lx-jelzofeny-feher-villogas-piros-burkolat-fali-kivitel-magas-aljzat\/"},"modified":"2026-03-11T16:40:41","modified_gmt":"2026-03-11T14:40:41","slug":"lx-jelzofeny-feher-villogas-piros-burkolat-fali-kivitel-magas-aljzat","status":"publish","type":"product","link":"https:\/\/bpont.hu\/shop\/index.php\/product\/lx-jelzofeny-feher-villogas-piros-burkolat-fali-kivitel-magas-aljzat\/","title":{"rendered":"SOL-LX-W-WF-R-D<br>LX jelz\u0151f\u00e9ny, feh\u00e9r villog\u00e1s, piros burkolat, fali kivitel, magas aljzat"},"content":{"rendered":"<p>SOL-LX-W-WF-R-D<br \/>\nAz egyed\u00fcl\u00e1ll\u00f3 lencs\u00e9s kialak\u00edt\u00e1snak k\u00f6sz\u00f6nhet\u0151en a k\u00e9sz\u00fcl\u00e9k f\u00e9nyhat\u00e1sa el\u00e9ri az EN54-23 szabv\u00e1ny \u00e1ltal el\u0151\u00edrt sz\u00fcks\u00e9ges \u00e9rt\u00e9ket. A villog\u00e1s \u00fcteme \u00e9s a cs\u00f6kkentett lefedetts\u00e9gi t\u00e9rfogat DIP-kapcsol\u00f3val \u00e1ll\u00edthat\u00f3 be.<br \/>\nA mennyezeti eszk\u00f6z a f\u00e9nyt henger alakban bocs\u00e1tja ki, a fali eszk\u00f6z pedig kocka alakban.<br \/>\nA k\u00e9sz\u00fcl\u00e9k sz\u00e1mos alkalmaz\u00e1shoz haszn\u00e1lhat\u00f3.Tulajdons\u00e1gok:<br \/>\n&#8211; Megfelel az EN54-23 szabv\u00e1nynak<br \/>\n&#8211; Ak\u00e1r 7,5 m-es lefedetts\u00e9g<br \/>\n&#8211; V\u00e1ltakoz\u00f3 villog\u00e1si \u00fctem<br \/>\n&#8211; Alacsony \u00e1ramfelv\u00e9tel<br \/>\n&#8211; LED technol\u00f3gia<\/p>\n","protected":false},"excerpt":{"rendered":"<p>Rendel\u00e9si k\u00f3d: F.01U.288.466<\/p>\n","protected":false},"featured_media":5798,"template":"","meta":[],"product_brand":[],"product_cat":[397],"product_tag":[25],"class_list":{"0":"post-5799","1":"product","2":"type-product","3":"status-publish","4":"has-post-thumbnail","6":"product_cat-hagyomanyos-hang-fenyjelzok","7":"product_tag-bosch","9":"first","10":"instock","11":"taxable","12":"shipping-taxable","13":"purchasable","14":"product-type-simple"},"jetpack_sharing_enabled":true,"_links":{"self":[{"href":"https:\/\/bpont.hu\/shop\/index.php\/wp-json\/wp\/v2\/product\/5799","targetHints":{"allow":["GET"]}}],"collection":[{"href":"https:\/\/bpont.hu\/shop\/index.php\/wp-json\/wp\/v2\/product"}],"about":[{"href":"https:\/\/bpont.hu\/shop\/index.php\/wp-json\/wp\/v2\/types\/product"}],"version-history":[{"count":3,"href":"https:\/\/bpont.hu\/shop\/index.php\/wp-json\/wp\/v2\/product\/5799\/revisions"}],"predecessor-version":[{"id":8458,"href":"https:\/\/bpont.hu\/shop\/index.php\/wp-json\/wp\/v2\/product\/5799\/revisions\/8458"}],"wp:featuredmedia":[{"embeddable":true,"href":"https:\/\/bpont.hu\/shop\/index.php\/wp-json\/wp\/v2\/media\/5798"}],"wp:attachment":[{"href":"https:\/\/bpont.hu\/shop\/index.php\/wp-json\/wp\/v2\/media?parent=5799"}],"wp:term":[{"taxonomy":"product_brand","embeddable":true,"href":"https:\/\/bpont.hu\/shop\/index.php\/wp-json\/wp\/v2\/product_brand?post=5799"},{"taxonomy":"product_cat","embeddable":true,"href":"https:\/\/bpont.hu\/shop\/index.php\/wp-json\/wp\/v2\/product_cat?post=5799"},{"taxonomy":"product_tag","embeddable":true,"href":"https:\/\/bpont.hu\/shop\/index.php\/wp-json\/wp\/v2\/product_tag?post=5799"}],"curies":[{"name":"wp","href":"https:\/\/api.w.org\/{rel}","templated":true}]}}