{"id":5782,"date":"2025-08-04T09:29:28","date_gmt":"2025-08-04T08:29:28","guid":{"rendered":"https:\/\/bpont.hu\/shop\/index.php\/product\/szirena-led-jelzofennyel-feluletre-szerelheto\/"},"modified":"2026-05-05T14:46:34","modified_gmt":"2026-05-05T12:46:34","slug":"szirena-led-jelzofennyel-feluletre-szerelheto","status":"publish","type":"product","link":"https:\/\/bpont.hu\/shop\/index.php\/product\/szirena-led-jelzofennyel-feluletre-szerelheto\/","title":{"rendered":"FNM-320LED-SRD<br>Szir\u00e9na LED jelz\u0151f\u00e9nnyel, fel\u00fcletre szerelhet\u0151"},"content":{"rendered":"<p>FNM-320LED-SRD<br \/>\nA(z) FNM-320 hangjelz\u0151k hang\u00e1talak\u00edt\u00f3val ell\u00e1tott hangjelz\u0151 k\u00e9sz\u00fcl\u00e9kek.<br \/>\nAz integr\u00e1lt hang\u00e1talak\u00edt\u00f3 32 hangv\u00e1ltozat el\u0151\u00e1ll\u00edt\u00e1s\u00e1ra k\u00e9pes, bele\u00e9rtve k\u00fcl\u00f6nb\u00f6z\u0151 siv\u00edt\u00f3 \u00e9s t\u0171zjelz\u0151 hangokat ( pl. DIN-hangok az EN 457 \/ DIN 33404 szerint) \u00e9s m\u00e1s speci\u00e1lis modul\u00e1ci\u00f3kat.<br \/>\nA hangok \u00e9s a hanger\u0151 be\u00e1ll\u00edt\u00e1sa egy hatt\u0171s DIPkapcsol\u00f3val lehets\u00e9ges a jelz\u0151k\u00e9sz\u00fcl\u00e9ken.<br \/>\nKiv\u00e1lasztott hangt\u00edpus mellett a m\u00e1sodik bemenet aktiv\u00e1l\u00e1s\u00e1val a m\u00e1sik hang kapcsol\u00f3dik be.<br \/>\nA hang t\u00edpus\u00e1t\u00f3l, a be\u00e1ll\u00edtott hanger\u0151t\u0151l \u00e9s az \u00fczemi fesz\u00fclts\u00e9gt\u0151l f\u00fcgg\u0151en a hangnyom\u00e1s maximum 112 dB(A) \u00e9rt\u00e9kig v\u00e1ltozhat.<br \/>\nMegfigyelt kapcsolat is l\u00e9tezhet a t\u0171zjelz\u0151 k\u00f6zpontokkal.<br \/>\nA bajonettz\u00e1r egyszer\u0171v\u00e9 teszi a szerel\u00e9st.<br \/>\nTulajdons\u00e1gok:<br \/>\n&#8211; Ak\u00e1r 112 dB(A) hanger\u0151<br \/>\n&#8211; Sz\u00e9ls\u0151s\u00e9ges k\u00f6rnyezeti felt\u00e9telek k\u00f6z\u00f6tt is haszn\u00e1lhat\u00f3k<br \/>\n&#8211; 12 V DC \u00e9s 24 V DC \u00fczemi fesz\u00fclts\u00e9ghez<br \/>\n&#8211; Polarit\u00e1scsere elleni v\u00e9delem<br \/>\n&#8211; Rendelkez\u00e9sre \u00e1ll fel\u00fcleti \u00e9s s\u00fcllyesztett k\u00e1belvezet\u00e9shez<\/p>\n","protected":false},"excerpt":{"rendered":"<p>Rendel\u00e9si k\u00f3d: F.01U.143.882<\/p>\n","protected":false},"featured_media":5781,"template":"","meta":[],"product_brand":[],"product_cat":[397],"product_tag":[25],"class_list":{"0":"post-5782","1":"product","2":"type-product","3":"status-publish","4":"has-post-thumbnail","6":"product_cat-hagyomanyos-hang-fenyjelzok","7":"product_tag-bosch","9":"first","10":"instock","11":"taxable","12":"shipping-taxable","13":"product-type-simple"},"jetpack_sharing_enabled":true,"_links":{"self":[{"href":"https:\/\/bpont.hu\/shop\/index.php\/wp-json\/wp\/v2\/product\/5782","targetHints":{"allow":["GET"]}}],"collection":[{"href":"https:\/\/bpont.hu\/shop\/index.php\/wp-json\/wp\/v2\/product"}],"about":[{"href":"https:\/\/bpont.hu\/shop\/index.php\/wp-json\/wp\/v2\/types\/product"}],"version-history":[{"count":3,"href":"https:\/\/bpont.hu\/shop\/index.php\/wp-json\/wp\/v2\/product\/5782\/revisions"}],"predecessor-version":[{"id":8447,"href":"https:\/\/bpont.hu\/shop\/index.php\/wp-json\/wp\/v2\/product\/5782\/revisions\/8447"}],"wp:featuredmedia":[{"embeddable":true,"href":"https:\/\/bpont.hu\/shop\/index.php\/wp-json\/wp\/v2\/media\/5781"}],"wp:attachment":[{"href":"https:\/\/bpont.hu\/shop\/index.php\/wp-json\/wp\/v2\/media?parent=5782"}],"wp:term":[{"taxonomy":"product_brand","embeddable":true,"href":"https:\/\/bpont.hu\/shop\/index.php\/wp-json\/wp\/v2\/product_brand?post=5782"},{"taxonomy":"product_cat","embeddable":true,"href":"https:\/\/bpont.hu\/shop\/index.php\/wp-json\/wp\/v2\/product_cat?post=5782"},{"taxonomy":"product_tag","embeddable":true,"href":"https:\/\/bpont.hu\/shop\/index.php\/wp-json\/wp\/v2\/product_tag?post=5782"}],"curies":[{"name":"wp","href":"https:\/\/api.w.org\/{rel}","templated":true}]}}