{"id":5768,"date":"2025-08-04T09:29:21","date_gmt":"2025-08-04T08:29:21","guid":{"rendered":"https:\/\/bpont.hu\/shop\/index.php\/product\/fedolap-aljzat-hangjelzohoz-feher\/"},"modified":"2026-05-05T14:46:33","modified_gmt":"2026-05-05T12:46:33","slug":"fedolap-aljzat-hangjelzohoz-feher","status":"publish","type":"product","link":"https:\/\/bpont.hu\/shop\/index.php\/product\/fedolap-aljzat-hangjelzohoz-feher\/","title":{"rendered":"FNM-COVER-WH<br>Fed\u0151lap aljzat hangjelz\u0151h\u00f6z, feh\u00e9r"},"content":{"rendered":"<p>FNM-COVER-WH<\/p>\n","protected":false},"excerpt":{"rendered":"<p>Rendel\u00e9si k\u00f3d: F.01U.064.695<\/p>\n","protected":false},"featured_media":5767,"template":"","meta":[],"product_brand":[],"product_cat":[396],"product_tag":[25],"class_list":{"0":"post-5768","1":"product","2":"type-product","3":"status-publish","4":"has-post-thumbnail","6":"product_cat-hang-fenyjelzok-kiegeszito","7":"product_tag-bosch","9":"first","10":"instock","11":"taxable","12":"shipping-taxable","13":"product-type-simple"},"jetpack_sharing_enabled":true,"_links":{"self":[{"href":"https:\/\/bpont.hu\/shop\/index.php\/wp-json\/wp\/v2\/product\/5768","targetHints":{"allow":["GET"]}}],"collection":[{"href":"https:\/\/bpont.hu\/shop\/index.php\/wp-json\/wp\/v2\/product"}],"about":[{"href":"https:\/\/bpont.hu\/shop\/index.php\/wp-json\/wp\/v2\/types\/product"}],"version-history":[{"count":3,"href":"https:\/\/bpont.hu\/shop\/index.php\/wp-json\/wp\/v2\/product\/5768\/revisions"}],"predecessor-version":[{"id":8440,"href":"https:\/\/bpont.hu\/shop\/index.php\/wp-json\/wp\/v2\/product\/5768\/revisions\/8440"}],"wp:featuredmedia":[{"embeddable":true,"href":"https:\/\/bpont.hu\/shop\/index.php\/wp-json\/wp\/v2\/media\/5767"}],"wp:attachment":[{"href":"https:\/\/bpont.hu\/shop\/index.php\/wp-json\/wp\/v2\/media?parent=5768"}],"wp:term":[{"taxonomy":"product_brand","embeddable":true,"href":"https:\/\/bpont.hu\/shop\/index.php\/wp-json\/wp\/v2\/product_brand?post=5768"},{"taxonomy":"product_cat","embeddable":true,"href":"https:\/\/bpont.hu\/shop\/index.php\/wp-json\/wp\/v2\/product_cat?post=5768"},{"taxonomy":"product_tag","embeddable":true,"href":"https:\/\/bpont.hu\/shop\/index.php\/wp-json\/wp\/v2\/product_tag?post=5768"}],"curies":[{"name":"wp","href":"https:\/\/api.w.org\/{rel}","templated":true}]}}