{"id":576,"date":"2025-06-27T11:11:04","date_gmt":"2025-06-27T10:11:04","guid":{"rendered":"https:\/\/bpont.shop.hu\/?post_type=product&#038;p=576"},"modified":"2026-03-11T16:39:15","modified_gmt":"2026-03-11T14:39:15","slug":"ltc-9213-01-ltc9210-hez-csohoz-rogzito-adapter-rozsdamentes-hevederekkel","status":"publish","type":"product","link":"https:\/\/bpont.hu\/shop\/index.php\/product\/ltc-9213-01-ltc9210-hez-csohoz-rogzito-adapter-rozsdamentes-hevederekkel\/","title":{"rendered":"LTC 9213\/01<br>LTC9210-hez Cs\u0151h\u00f6z r\u00f6gz\u00edt\u0151 adapter rozsdamentes hevederekkel"},"content":{"rendered":"<p>LTC 9213\/01<\/p>\n<p>A belt\u00e9ri\/k\u00fclt\u00e9ri szerelv\u00e9nytart\u00f3k e sorozata 9 kg-ig terjed\u0151 n\u00e9vleges terhel\u00e9sre k\u00e9sz\u00fclt, r\u00f6gz\u00edtett kamera vagy kamerah\u00e1z-felszerel\u00e9s sz\u00e1m\u00e1ra.<\/p>\n<p>Mindegyik t\u00edpus k\u00f6nny\u0171 alum\u00edniumb\u00f3l k\u00e9sz\u00fclt, jellemz\u0151j\u00fck a hegesztett szerkezet, amely rendk\u00edv\u00fcl merev kamerat\u00e1maszt\u00e1st biztos\u00edt.<\/p>\n<p>Minden tart\u00f3 teljesen \u00f6sszeszerelt \u00e1llapotban ker\u00fcl kisz\u00e1ll\u00edt\u00e1sra.<\/p>\n<p>Tulajdons\u00e1gok:<\/p>\n<p>&#8211; Maxim\u00e1lis terhel\u00e9s: 9 kg<\/p>\n<p>&#8211; Vonz\u00f3 megjelen\u00e9s<\/p>\n<p>&#8211; Sokoldal\u00fa kivitel<\/p>\n<p>&#8211; \u00c1ll\u00edthat\u00f3 szerelv\u00e9nyfejek<\/p>\n<p>&#8211; K\u00f6nny\u0171 s\u00faly<\/p>\n","protected":false},"excerpt":{"rendered":"<p>Rendel\u00e9si k\u00f3d: F.01U.009.291<\/p>\n","protected":false},"featured_media":577,"template":"","meta":[],"product_brand":[],"product_cat":[320],"product_tag":[25],"class_list":{"0":"post-576","1":"product","2":"type-product","3":"status-publish","4":"has-post-thumbnail","6":"product_cat-kamerahazak-konzolok","7":"product_tag-bosch","9":"first","10":"instock","11":"taxable","12":"shipping-taxable","13":"purchasable","14":"product-type-simple"},"jetpack_sharing_enabled":true,"_links":{"self":[{"href":"https:\/\/bpont.hu\/shop\/index.php\/wp-json\/wp\/v2\/product\/576","targetHints":{"allow":["GET"]}}],"collection":[{"href":"https:\/\/bpont.hu\/shop\/index.php\/wp-json\/wp\/v2\/product"}],"about":[{"href":"https:\/\/bpont.hu\/shop\/index.php\/wp-json\/wp\/v2\/types\/product"}],"version-history":[{"count":5,"href":"https:\/\/bpont.hu\/shop\/index.php\/wp-json\/wp\/v2\/product\/576\/revisions"}],"predecessor-version":[{"id":7395,"href":"https:\/\/bpont.hu\/shop\/index.php\/wp-json\/wp\/v2\/product\/576\/revisions\/7395"}],"wp:featuredmedia":[{"embeddable":true,"href":"https:\/\/bpont.hu\/shop\/index.php\/wp-json\/wp\/v2\/media\/577"}],"wp:attachment":[{"href":"https:\/\/bpont.hu\/shop\/index.php\/wp-json\/wp\/v2\/media?parent=576"}],"wp:term":[{"taxonomy":"product_brand","embeddable":true,"href":"https:\/\/bpont.hu\/shop\/index.php\/wp-json\/wp\/v2\/product_brand?post=576"},{"taxonomy":"product_cat","embeddable":true,"href":"https:\/\/bpont.hu\/shop\/index.php\/wp-json\/wp\/v2\/product_cat?post=576"},{"taxonomy":"product_tag","embeddable":true,"href":"https:\/\/bpont.hu\/shop\/index.php\/wp-json\/wp\/v2\/product_tag?post=576"}],"curies":[{"name":"wp","href":"https:\/\/api.w.org\/{rel}","templated":true}]}}