{"id":5754,"date":"2025-08-04T09:29:17","date_gmt":"2025-08-04T08:29:17","guid":{"rendered":"https:\/\/bpont.hu\/shop\/index.php\/product\/lsn-szirena-belteri-szunetmentes-feher\/"},"modified":"2026-03-11T16:40:38","modified_gmt":"2026-03-11T14:40:38","slug":"lsn-szirena-belteri-szunetmentes-feher","status":"publish","type":"product","link":"https:\/\/bpont.hu\/shop\/index.php\/product\/lsn-szirena-belteri-szunetmentes-feher\/","title":{"rendered":"FNM-420U-A-WH<br>LSN Szir\u00e9na, belt\u00e9ri, sz\u00fcnetmentes, feh\u00e9r"},"content":{"rendered":"<p>FNM-420U-A-WH<br \/>\nTulajdons\u00e1gok:<br \/>\n&#8211; Folyamatos \u00fczem\u0171 riaszt\u00e1s-jelz\u00e9s<br \/>\n&#8211; A maxim\u00e1lis \u00e1ramfelv\u00e9tel kevesebb mint 4.35 mA<br \/>\n&#8211; Maxim\u00e1lis hanger\u0151 93.1 dB(A)<br \/>\n&#8211; Szinkroniz\u00e1lhat\u00f3<br \/>\n&#8211; Hossz\u00fa \u00e9letciklus \u00e9s modern kialak\u00edt\u00e1s<br \/>\n&#8211; 3V l\u00edthium akkuml\u00e1tor v\u00e1rhat\u00f3 \u00e9letciklusa 10 \u00e9v<\/p>\n","protected":false},"excerpt":{"rendered":"<p>Rendel\u00e9si k\u00f3d: F.01U.168.578<\/p>\n","protected":false},"featured_media":5752,"template":"","meta":[],"product_brand":[],"product_cat":[395],"product_tag":[25],"class_list":{"0":"post-5754","1":"product","2":"type-product","3":"status-publish","4":"has-post-thumbnail","6":"product_cat-intelligens-hang-fenyjelzok-hang-es-fenyjelzok","7":"product_tag-bosch","9":"first","10":"instock","11":"taxable","12":"shipping-taxable","13":"purchasable","14":"product-type-simple"},"jetpack_sharing_enabled":true,"_links":{"self":[{"href":"https:\/\/bpont.hu\/shop\/index.php\/wp-json\/wp\/v2\/product\/5754","targetHints":{"allow":["GET"]}}],"collection":[{"href":"https:\/\/bpont.hu\/shop\/index.php\/wp-json\/wp\/v2\/product"}],"about":[{"href":"https:\/\/bpont.hu\/shop\/index.php\/wp-json\/wp\/v2\/types\/product"}],"version-history":[{"count":3,"href":"https:\/\/bpont.hu\/shop\/index.php\/wp-json\/wp\/v2\/product\/5754\/revisions"}],"predecessor-version":[{"id":8432,"href":"https:\/\/bpont.hu\/shop\/index.php\/wp-json\/wp\/v2\/product\/5754\/revisions\/8432"}],"wp:featuredmedia":[{"embeddable":true,"href":"https:\/\/bpont.hu\/shop\/index.php\/wp-json\/wp\/v2\/media\/5752"}],"wp:attachment":[{"href":"https:\/\/bpont.hu\/shop\/index.php\/wp-json\/wp\/v2\/media?parent=5754"}],"wp:term":[{"taxonomy":"product_brand","embeddable":true,"href":"https:\/\/bpont.hu\/shop\/index.php\/wp-json\/wp\/v2\/product_brand?post=5754"},{"taxonomy":"product_cat","embeddable":true,"href":"https:\/\/bpont.hu\/shop\/index.php\/wp-json\/wp\/v2\/product_cat?post=5754"},{"taxonomy":"product_tag","embeddable":true,"href":"https:\/\/bpont.hu\/shop\/index.php\/wp-json\/wp\/v2\/product_tag?post=5754"}],"curies":[{"name":"wp","href":"https:\/\/api.w.org\/{rel}","templated":true}]}}