{"id":5753,"date":"2025-08-04T09:29:17","date_gmt":"2025-08-04T08:29:17","guid":{"rendered":"https:\/\/bpont.hu\/shop\/index.php\/product\/lsn-szirena-belteri-szunetmentes-piros\/"},"modified":"2026-03-11T16:40:38","modified_gmt":"2026-03-11T14:40:38","slug":"lsn-szirena-belteri-szunetmentes-piros","status":"publish","type":"product","link":"https:\/\/bpont.hu\/shop\/index.php\/product\/lsn-szirena-belteri-szunetmentes-piros\/","title":{"rendered":"FNM-420U-A-RD<br>LSN Szir\u00e9na, belt\u00e9ri, sz\u00fcnetmentes, piros"},"content":{"rendered":"<p>FNM-420U-A-RD<br \/>\nTulajdons\u00e1gok:<br \/>\n&#8211; Folyamatos \u00fczem\u0171 riaszt\u00e1s-jelz\u00e9s<br \/>\n&#8211; A maxim\u00e1lis \u00e1ramfelv\u00e9tel kevesebb mint 4.35 mA<br \/>\n&#8211; Maxim\u00e1lis hanger\u0151 93.1 dB(A)<br \/>\n&#8211; Szinkroniz\u00e1lhat\u00f3<br \/>\n&#8211; Hossz\u00fa \u00e9letciklus \u00e9s modern kialak\u00edt\u00e1s<br \/>\n&#8211; 3V l\u00edtium akkumul\u00e1tor v\u00e1rhat\u00f3 \u00e9letciklusa 10 \u00e9vA k\u00e9sz\u00fcl\u00e9k nagy teljes\u00edtm\u00e9ny\u0171 \u00e1ramforr\u00e1ssal t\u00f6rt\u00e9n\u0151 ipari haszn\u00e1lat eset\u00e9n a VdS 3536 tan\u00fas\u00edtv\u00e1nyban foglaltaknak megfelel\u0151en folyamatos \u00fczem\u0171 riaszt\u00e1s-jelz\u00e9st biztos\u00edt az \u00e1ramforr\u00e1s \u00e1thidal\u00e1sa \u00e9rdek\u00e9ben egy \u00e1g szakad\u00e1sa vagy a buszrendszer maradand\u00f3 k\u00e1rosod\u00e1sa (pl. t\u0171zk\u00e1r) eset\u00e9n is.<br \/>\nAz \u00e1ramforr\u00e1s a sziv\u00e1rg\u00e1smentes kialak\u00edt\u00e1s \u00e9rdek\u00e9ben l\u00e9zerrel hegesztett. Az aranycsatlakoz\u00f3k lehet\u0151v\u00e9 teszik a k\u00e9sz\u00fcl\u00e9k sz\u00e9ls\u0151s\u00e9ges k\u00f6rnyezeti felt\u00e9telek k\u00f6z\u00f6tt t\u00f6rt\u00e9n\u0151 haszn\u00e1lat\u00e1t. A vez\u00e9rl\u0151k\u00f6zpont folyamatos \u00e9s megb\u00edzhat\u00f3 t\u00e1pell\u00e1t\u00e1s-megfigyel\u00e9st biztos\u00edt.<br \/>\nAz aljzatszir\u00e9na egyar\u00e1nt \u00fczembe helyezhet\u0151 \u00f6n\u00e1ll\u00f3 k\u00e9sz\u00fcl\u00e9kk\u00e9nt vagy egy 420-as sorozat\u00fa vagy FNS\u2011420\u2011R LSN f\u00e9nyjelz\u0151 automata \u00e9rz\u00e9kel\u0151j\u00e9vel egy\u00fctt.<\/p>\n","protected":false},"excerpt":{"rendered":"<p>Rendel\u00e9si k\u00f3d: F.01U.168.577<\/p>\n","protected":false},"featured_media":5752,"template":"","meta":[],"product_brand":[],"product_cat":[395],"product_tag":[25],"class_list":{"0":"post-5753","1":"product","2":"type-product","3":"status-publish","4":"has-post-thumbnail","6":"product_cat-intelligens-hang-fenyjelzok-hang-es-fenyjelzok","7":"product_tag-bosch","9":"first","10":"instock","11":"taxable","12":"shipping-taxable","13":"purchasable","14":"product-type-simple"},"jetpack_sharing_enabled":true,"_links":{"self":[{"href":"https:\/\/bpont.hu\/shop\/index.php\/wp-json\/wp\/v2\/product\/5753","targetHints":{"allow":["GET"]}}],"collection":[{"href":"https:\/\/bpont.hu\/shop\/index.php\/wp-json\/wp\/v2\/product"}],"about":[{"href":"https:\/\/bpont.hu\/shop\/index.php\/wp-json\/wp\/v2\/types\/product"}],"version-history":[{"count":3,"href":"https:\/\/bpont.hu\/shop\/index.php\/wp-json\/wp\/v2\/product\/5753\/revisions"}],"predecessor-version":[{"id":8431,"href":"https:\/\/bpont.hu\/shop\/index.php\/wp-json\/wp\/v2\/product\/5753\/revisions\/8431"}],"wp:featuredmedia":[{"embeddable":true,"href":"https:\/\/bpont.hu\/shop\/index.php\/wp-json\/wp\/v2\/media\/5752"}],"wp:attachment":[{"href":"https:\/\/bpont.hu\/shop\/index.php\/wp-json\/wp\/v2\/media?parent=5753"}],"wp:term":[{"taxonomy":"product_brand","embeddable":true,"href":"https:\/\/bpont.hu\/shop\/index.php\/wp-json\/wp\/v2\/product_brand?post=5753"},{"taxonomy":"product_cat","embeddable":true,"href":"https:\/\/bpont.hu\/shop\/index.php\/wp-json\/wp\/v2\/product_cat?post=5753"},{"taxonomy":"product_tag","embeddable":true,"href":"https:\/\/bpont.hu\/shop\/index.php\/wp-json\/wp\/v2\/product_tag?post=5753"}],"curies":[{"name":"wp","href":"https:\/\/api.w.org\/{rel}","templated":true}]}}