{"id":5745,"date":"2025-08-04T09:29:13","date_gmt":"2025-08-04T08:29:13","guid":{"rendered":"https:\/\/bpont.hu\/shop\/index.php\/product\/hangbemondasos-hangjelzo-belteri-piros\/"},"modified":"2026-03-11T16:40:38","modified_gmt":"2026-03-11T14:40:38","slug":"hangbemondasos-hangjelzo-belteri-piros","status":"publish","type":"product","link":"https:\/\/bpont.hu\/shop\/index.php\/product\/hangbemondasos-hangjelzo-belteri-piros\/","title":{"rendered":"FNM-420V-A-RD<br>Hangbemond\u00e1sos hangjelz\u0151, belt\u00e9ri, piros"},"content":{"rendered":"<p>FNM-420V-A-RD<br \/>\nEz az eszk\u00f6z, ha ipari t\u00e1pegys\u00e9ggel m\u0171k\u00f6dtetik az \u00e1ramell\u00e1t\u00e1st, \u00f6sszhangban biztos\u00edtja a sz\u00fcnetmentes riaszt\u00e1si jelz\u00e9st a VdS 3536-val m\u00e9g akkor is, ha a csonkvonal megszakad vagy a busz rendszer tart\u00f3san megs\u00e9r\u00fcl ( pl t\u0171z eset\u00e9n).<br \/>\nAz \u00e1ramforr\u00e1s l\u00e9zerhegeszt\u00e9ssel van ell\u00e1tva, \u00edgy sziv\u00e1rg\u00e1smentess\u00e9get biztos\u00edt. Az arany \u00e9rintkez\u0151k lehet\u0151v\u00e9 teszik a k\u00e9sz\u00fcl\u00e9k haszn\u00e1lat\u00e1t kedvez\u0151tlen k\u00f6rnyezeti felt\u00e9telek mellett is.<br \/>\nA k\u00f6zpont lehet\u0151v\u00e9 teszi az \u00e1ramforr\u00e1s folyamatos \u00e9s megb\u00edzhat\u00f3 ellen\u0151rz\u00e9s\u00e9t.<br \/>\n32 k\u00fcl\u00f6nb\u00f6z\u0151 hangsz\u00edn \u00e1ll rendelkez\u00e9sre (bele\u00e9rtve a DIN 33404-et is, 3. r\u00e9sz) \u00e9s a hangszint be\u00e1ll\u00edthat\u00f3 65 \u00e9s 101 dB (A) k\u00f6z\u00f6tt. Azonos t\u00f3nus t\u00edpus\u00fa eszk\u00f6z\u00f6k egy hurkon bel\u00fcl azonnali szinkroniz\u00e1l\u00e1st ny\u00fajtanak.<br \/>\nA k\u00e9sz\u00fcl\u00e9k k\u00f6nnyen \u00e9s vil\u00e1gosan programozhat\u00f3 vez\u00e9rl\u0151pulton kereszt\u00fcl.<br \/>\nTulajdons\u00e1gok:<br \/>\n&#8211; Sz\u00fcnetmentes v\u00e9szjelz\u00e9s (akkumul\u00e1toros h\u00e1tt\u00e9r-kapacit\u00e1s)<br \/>\n&#8211; 32 hangsz\u00edn, 7 nyelven<br \/>\n&#8211; Szinkroniz\u00e1l\u00e1s adott hurkon bel\u00fcl<br \/>\n&#8211; Egyedileg programozhat\u00f3 \u00e9s konfigur\u00e1lhat\u00f3 szoftverrel<\/p>\n","protected":false},"excerpt":{"rendered":"<p>Rendel\u00e9si k\u00f3d: F.01U.268.723<\/p>\n","protected":false},"featured_media":5744,"template":"","meta":[],"product_brand":[],"product_cat":[395],"product_tag":[25],"class_list":{"0":"post-5745","1":"product","2":"type-product","3":"status-publish","4":"has-post-thumbnail","6":"product_cat-intelligens-hang-fenyjelzok-hang-es-fenyjelzok","7":"product_tag-bosch","9":"first","10":"instock","11":"taxable","12":"shipping-taxable","13":"purchasable","14":"product-type-simple"},"jetpack_sharing_enabled":true,"_links":{"self":[{"href":"https:\/\/bpont.hu\/shop\/index.php\/wp-json\/wp\/v2\/product\/5745","targetHints":{"allow":["GET"]}}],"collection":[{"href":"https:\/\/bpont.hu\/shop\/index.php\/wp-json\/wp\/v2\/product"}],"about":[{"href":"https:\/\/bpont.hu\/shop\/index.php\/wp-json\/wp\/v2\/types\/product"}],"version-history":[{"count":3,"href":"https:\/\/bpont.hu\/shop\/index.php\/wp-json\/wp\/v2\/product\/5745\/revisions"}],"predecessor-version":[{"id":8427,"href":"https:\/\/bpont.hu\/shop\/index.php\/wp-json\/wp\/v2\/product\/5745\/revisions\/8427"}],"wp:featuredmedia":[{"embeddable":true,"href":"https:\/\/bpont.hu\/shop\/index.php\/wp-json\/wp\/v2\/media\/5744"}],"wp:attachment":[{"href":"https:\/\/bpont.hu\/shop\/index.php\/wp-json\/wp\/v2\/media?parent=5745"}],"wp:term":[{"taxonomy":"product_brand","embeddable":true,"href":"https:\/\/bpont.hu\/shop\/index.php\/wp-json\/wp\/v2\/product_brand?post=5745"},{"taxonomy":"product_cat","embeddable":true,"href":"https:\/\/bpont.hu\/shop\/index.php\/wp-json\/wp\/v2\/product_cat?post=5745"},{"taxonomy":"product_tag","embeddable":true,"href":"https:\/\/bpont.hu\/shop\/index.php\/wp-json\/wp\/v2\/product_tag?post=5745"}],"curies":[{"name":"wp","href":"https:\/\/api.w.org\/{rel}","templated":true}]}}