{"id":5743,"date":"2025-08-04T09:29:13","date_gmt":"2025-08-04T08:29:13","guid":{"rendered":"https:\/\/bpont.hu\/shop\/index.php\/product\/falra-szerelheto-doboz-flm420-sorozat-dsin-hez\/"},"modified":"2026-05-05T14:46:33","modified_gmt":"2026-05-05T12:46:33","slug":"falra-szerelheto-doboz-flm420-sorozat-dsin-hez","status":"publish","type":"product","link":"https:\/\/bpont.hu\/shop\/index.php\/product\/falra-szerelheto-doboz-flm420-sorozat-dsin-hez\/","title":{"rendered":"FLM-IFB126-S<br>Falra szerelhet\u0151 doboz, FLM420-sorozat (Dsin-hez)"},"content":{"rendered":"<p>FLM-IFB126-S<br \/>\nAz FLM\u2011IFB126\u2011S fel\u00fcletre szerelhet\u0151 bor\u00edt\u00e1s megtartja a DIN-s\u00edn t\u00edpus\u00fa modulokat vagy tartal\u00e9k bor\u00edt\u00e1sk\u00e9nt szolg\u00e1lhat a fel\u00fcletre szerelhet\u0151 t\u00edpushoz a 420- as sorozatban.<\/p>\n","protected":false},"excerpt":{"rendered":"<p>Rendel\u00e9si k\u00f3d: F.01U.029.614<\/p>\n","protected":false},"featured_media":5742,"template":"","meta":[],"product_brand":[],"product_cat":[393],"product_tag":[25],"class_list":{"0":"post-5743","1":"product","2":"type-product","3":"status-publish","4":"has-post-thumbnail","6":"product_cat-hurok-cimzheto-modulok","7":"product_tag-bosch","9":"first","10":"instock","11":"taxable","12":"shipping-taxable","13":"product-type-simple"},"jetpack_sharing_enabled":true,"_links":{"self":[{"href":"https:\/\/bpont.hu\/shop\/index.php\/wp-json\/wp\/v2\/product\/5743","targetHints":{"allow":["GET"]}}],"collection":[{"href":"https:\/\/bpont.hu\/shop\/index.php\/wp-json\/wp\/v2\/product"}],"about":[{"href":"https:\/\/bpont.hu\/shop\/index.php\/wp-json\/wp\/v2\/types\/product"}],"version-history":[{"count":3,"href":"https:\/\/bpont.hu\/shop\/index.php\/wp-json\/wp\/v2\/product\/5743\/revisions"}],"predecessor-version":[{"id":8426,"href":"https:\/\/bpont.hu\/shop\/index.php\/wp-json\/wp\/v2\/product\/5743\/revisions\/8426"}],"wp:featuredmedia":[{"embeddable":true,"href":"https:\/\/bpont.hu\/shop\/index.php\/wp-json\/wp\/v2\/media\/5742"}],"wp:attachment":[{"href":"https:\/\/bpont.hu\/shop\/index.php\/wp-json\/wp\/v2\/media?parent=5743"}],"wp:term":[{"taxonomy":"product_brand","embeddable":true,"href":"https:\/\/bpont.hu\/shop\/index.php\/wp-json\/wp\/v2\/product_brand?post=5743"},{"taxonomy":"product_cat","embeddable":true,"href":"https:\/\/bpont.hu\/shop\/index.php\/wp-json\/wp\/v2\/product_cat?post=5743"},{"taxonomy":"product_tag","embeddable":true,"href":"https:\/\/bpont.hu\/shop\/index.php\/wp-json\/wp\/v2\/product_tag?post=5743"}],"curies":[{"name":"wp","href":"https:\/\/api.w.org\/{rel}","templated":true}]}}