{"id":5741,"date":"2025-08-04T09:29:12","date_gmt":"2025-08-04T08:29:12","guid":{"rendered":"https:\/\/bpont.hu\/shop\/index.php\/product\/modul-doboz-falra-szerelheto-w-modulokhoz\/"},"modified":"2026-03-11T16:40:38","modified_gmt":"2026-03-11T14:40:38","slug":"modul-doboz-falra-szerelheto-w-modulokhoz","status":"publish","type":"product","link":"https:\/\/bpont.hu\/shop\/index.php\/product\/modul-doboz-falra-szerelheto-w-modulokhoz\/","title":{"rendered":"FMX-IFB55-S<br>Modul doboz, falra szerelhet\u0151 (W modulokhoz)"},"content":{"rendered":"<p>FMX-IFB55-S<br \/>\nAz FMX\u2011IFB55\u2011S fel\u00fcletre szerelhet\u0151 csatol\u00f3dobozba a 420-as modul-sorozat falra szerelhet\u0151 t\u00edpusa illeszthet\u0151 be.<\/p>\n","protected":false},"excerpt":{"rendered":"<p>Rendel\u00e9si k\u00f3d: F.01U.012.595<\/p>\n","protected":false},"featured_media":5740,"template":"","meta":[],"product_brand":[],"product_cat":[393],"product_tag":[25],"class_list":{"0":"post-5741","1":"product","2":"type-product","3":"status-publish","4":"has-post-thumbnail","6":"product_cat-hurok-cimzheto-modulok","7":"product_tag-bosch","9":"first","10":"instock","11":"taxable","12":"shipping-taxable","13":"purchasable","14":"product-type-simple"},"jetpack_sharing_enabled":true,"_links":{"self":[{"href":"https:\/\/bpont.hu\/shop\/index.php\/wp-json\/wp\/v2\/product\/5741","targetHints":{"allow":["GET"]}}],"collection":[{"href":"https:\/\/bpont.hu\/shop\/index.php\/wp-json\/wp\/v2\/product"}],"about":[{"href":"https:\/\/bpont.hu\/shop\/index.php\/wp-json\/wp\/v2\/types\/product"}],"version-history":[{"count":3,"href":"https:\/\/bpont.hu\/shop\/index.php\/wp-json\/wp\/v2\/product\/5741\/revisions"}],"predecessor-version":[{"id":8425,"href":"https:\/\/bpont.hu\/shop\/index.php\/wp-json\/wp\/v2\/product\/5741\/revisions\/8425"}],"wp:featuredmedia":[{"embeddable":true,"href":"https:\/\/bpont.hu\/shop\/index.php\/wp-json\/wp\/v2\/media\/5740"}],"wp:attachment":[{"href":"https:\/\/bpont.hu\/shop\/index.php\/wp-json\/wp\/v2\/media?parent=5741"}],"wp:term":[{"taxonomy":"product_brand","embeddable":true,"href":"https:\/\/bpont.hu\/shop\/index.php\/wp-json\/wp\/v2\/product_brand?post=5741"},{"taxonomy":"product_cat","embeddable":true,"href":"https:\/\/bpont.hu\/shop\/index.php\/wp-json\/wp\/v2\/product_cat?post=5741"},{"taxonomy":"product_tag","embeddable":true,"href":"https:\/\/bpont.hu\/shop\/index.php\/wp-json\/wp\/v2\/product_tag?post=5741"}],"curies":[{"name":"wp","href":"https:\/\/api.w.org\/{rel}","templated":true}]}}