{"id":5739,"date":"2025-08-04T09:29:11","date_gmt":"2025-08-04T08:29:11","guid":{"rendered":"https:\/\/bpont.hu\/shop\/index.php\/product\/1-es-kisfeszultsegu-rele-modul-din-sinre-szerelheto-lsn-lsni-hurokra\/"},"modified":"2026-05-05T14:46:33","modified_gmt":"2026-05-05T12:46:33","slug":"1-es-kisfeszultsegu-rele-modul-din-sinre-szerelheto-lsn-lsni-hurokra","status":"publish","type":"product","link":"https:\/\/bpont.hu\/shop\/index.php\/product\/1-es-kisfeszultsegu-rele-modul-din-sinre-szerelheto-lsn-lsni-hurokra\/","title":{"rendered":"FLM-420-RLV1-D<br>1-es Kisfesz\u00fclts\u00e9g\u0171 rel\u00e9 modul, DIN s\u00ednre szerelhet\u0151, LSN-LSNi hurokra"},"content":{"rendered":"<p>FLM-420-RLV1-D<br \/>\nAz FLM-420-RLV1 kisfesz\u00fclts\u00e9g\u0171 csatol\u00f3modulok v\u00e1lt\u00f3\u00e9rintkez\u0151s rel\u00e9vel rendelkeznek a potenci\u00e1lmentes kimeneti kontaktus biztos\u00edt\u00e1sa \u00e9rdek\u00e9ben.<br \/>\nEzek k\u00e9tvezet\u00e9kes LSN elemek.<br \/>\nAz FPA-5000 \u00e9s az FPA-1200 t\u0171zjelz\u0151 k\u00f6zponthoz t\u00f6rt\u00e9n\u0151 csatlakoztat\u00e1s eset\u00e9n a csatol\u00f3modul az LSN improved technol\u00f3gia minden tov\u00e1bbfejlesztett funkci\u00f3j\u00e1val rendelkezik.<br \/>\nTulajdons\u00e1gok:<br \/>\n&#8211; Maxim\u00e1lis kapcsolhat\u00f3 fesz\u00fclts\u00e9g 5 A (DIN-s\u00edn t\u00edpus) \/ 1 A (E t\u00edpus)<br \/>\n&#8211; Alacsony \u00e1ramfelv\u00e9tel<br \/>\n&#8211; Fenntartja az LSN-hurokfunkci\u00f3t huzalszakad\u00e1s vagy r\u00f6vidz\u00e1rlat eset\u00e9<\/p>\n","protected":false},"excerpt":{"rendered":"<p>Rendel\u00e9si k\u00f3d: F.01U.012.594<\/p>\n","protected":false},"featured_media":5738,"template":"","meta":[],"product_brand":[],"product_cat":[393],"product_tag":[25],"class_list":{"0":"post-5739","1":"product","2":"type-product","3":"status-publish","4":"has-post-thumbnail","6":"product_cat-hurok-cimzheto-modulok","7":"product_tag-bosch","9":"first","10":"instock","11":"taxable","12":"shipping-taxable","13":"product-type-simple"},"jetpack_sharing_enabled":true,"_links":{"self":[{"href":"https:\/\/bpont.hu\/shop\/index.php\/wp-json\/wp\/v2\/product\/5739","targetHints":{"allow":["GET"]}}],"collection":[{"href":"https:\/\/bpont.hu\/shop\/index.php\/wp-json\/wp\/v2\/product"}],"about":[{"href":"https:\/\/bpont.hu\/shop\/index.php\/wp-json\/wp\/v2\/types\/product"}],"version-history":[{"count":3,"href":"https:\/\/bpont.hu\/shop\/index.php\/wp-json\/wp\/v2\/product\/5739\/revisions"}],"predecessor-version":[{"id":8424,"href":"https:\/\/bpont.hu\/shop\/index.php\/wp-json\/wp\/v2\/product\/5739\/revisions\/8424"}],"wp:featuredmedia":[{"embeddable":true,"href":"https:\/\/bpont.hu\/shop\/index.php\/wp-json\/wp\/v2\/media\/5738"}],"wp:attachment":[{"href":"https:\/\/bpont.hu\/shop\/index.php\/wp-json\/wp\/v2\/media?parent=5739"}],"wp:term":[{"taxonomy":"product_brand","embeddable":true,"href":"https:\/\/bpont.hu\/shop\/index.php\/wp-json\/wp\/v2\/product_brand?post=5739"},{"taxonomy":"product_cat","embeddable":true,"href":"https:\/\/bpont.hu\/shop\/index.php\/wp-json\/wp\/v2\/product_cat?post=5739"},{"taxonomy":"product_tag","embeddable":true,"href":"https:\/\/bpont.hu\/shop\/index.php\/wp-json\/wp\/v2\/product_tag?post=5739"}],"curies":[{"name":"wp","href":"https:\/\/api.w.org\/{rel}","templated":true}]}}