{"id":5735,"date":"2025-08-04T09:29:10","date_gmt":"2025-08-04T08:29:10","guid":{"rendered":"https:\/\/bpont.hu\/shop\/index.php\/product\/2-es-bemeneti-modul-din-sinre-szerelheto-lsni-hurokra\/"},"modified":"2026-05-05T14:46:33","modified_gmt":"2026-05-05T12:46:33","slug":"2-es-bemeneti-modul-din-sinre-szerelheto-lsni-hurokra","status":"publish","type":"product","link":"https:\/\/bpont.hu\/shop\/index.php\/product\/2-es-bemeneti-modul-din-sinre-szerelheto-lsni-hurokra\/","title":{"rendered":"FLM-420-I2-D<br>2-es Bemeneti modul, DIN s\u00ednre szerelhet\u0151, LSNi hurokra"},"content":{"rendered":"<p>FLM-420-I2-D<br \/>\nAz FLM\u2011420\u2011I2 bemeneti csatol\u00f3modulok k\u00e9t ellen\u00e1ll\u00e1ssal lez\u00e1rhat\u00f3 bemenetettel rendelkeznek.<br \/>\nEzek k\u00e9tvezet\u00e9kes LSN-elemek a helyi biztons\u00e1gi h\u00e1l\u00f3zathoz t\u00f6rt\u00e9n\u0151 csatlakoztat\u00e1shoz, LSN improved verzi\u00f3 b\u0151v\u00edtett funkci\u00f3kkal.<br \/>\nTulajdons\u00e1gok:<br \/>\n&#8211; Vezet\u00e9kfel\u00fcgyelet ellen\u00e1ll\u00e1sos lez\u00e1r\u00e1ssal<br \/>\n&#8211; Kontaktus fel\u00fcgyelete<br \/>\n&#8211; Fesz\u00fclts\u00e9g fel\u00fcgyelete<br \/>\n&#8211; A k\u00e9t bemenet k\u00fcl\u00f6n programozhat\u00f3<br \/>\n&#8211; Dupla izol\u00e1torral rendelkezik (LSN bemeneten \u00e9s kimeneten)<\/p>\n","protected":false},"excerpt":{"rendered":"<p>Rendel\u00e9si k\u00f3d: F.01U.012.578<\/p>\n","protected":false},"featured_media":5734,"template":"","meta":[],"product_brand":[],"product_cat":[393],"product_tag":[25],"class_list":{"0":"post-5735","1":"product","2":"type-product","3":"status-publish","4":"has-post-thumbnail","6":"product_cat-hurok-cimzheto-modulok","7":"product_tag-bosch","9":"first","10":"instock","11":"taxable","12":"shipping-taxable","13":"product-type-simple"},"jetpack_sharing_enabled":true,"_links":{"self":[{"href":"https:\/\/bpont.hu\/shop\/index.php\/wp-json\/wp\/v2\/product\/5735","targetHints":{"allow":["GET"]}}],"collection":[{"href":"https:\/\/bpont.hu\/shop\/index.php\/wp-json\/wp\/v2\/product"}],"about":[{"href":"https:\/\/bpont.hu\/shop\/index.php\/wp-json\/wp\/v2\/types\/product"}],"version-history":[{"count":3,"href":"https:\/\/bpont.hu\/shop\/index.php\/wp-json\/wp\/v2\/product\/5735\/revisions"}],"predecessor-version":[{"id":8422,"href":"https:\/\/bpont.hu\/shop\/index.php\/wp-json\/wp\/v2\/product\/5735\/revisions\/8422"}],"wp:featuredmedia":[{"embeddable":true,"href":"https:\/\/bpont.hu\/shop\/index.php\/wp-json\/wp\/v2\/media\/5734"}],"wp:attachment":[{"href":"https:\/\/bpont.hu\/shop\/index.php\/wp-json\/wp\/v2\/media?parent=5735"}],"wp:term":[{"taxonomy":"product_brand","embeddable":true,"href":"https:\/\/bpont.hu\/shop\/index.php\/wp-json\/wp\/v2\/product_brand?post=5735"},{"taxonomy":"product_cat","embeddable":true,"href":"https:\/\/bpont.hu\/shop\/index.php\/wp-json\/wp\/v2\/product_cat?post=5735"},{"taxonomy":"product_tag","embeddable":true,"href":"https:\/\/bpont.hu\/shop\/index.php\/wp-json\/wp\/v2\/product_tag?post=5735"}],"curies":[{"name":"wp","href":"https:\/\/api.w.org\/{rel}","templated":true}]}}