{"id":5727,"date":"2025-08-04T09:29:07","date_gmt":"2025-08-04T08:29:07","guid":{"rendered":"https:\/\/bpont.hu\/shop\/index.php\/product\/hagyomanyos-zona-illeszto-2-bemenet-din-sinre-rogzitheto-lsn-lsni-hurokra\/"},"modified":"2026-03-11T16:40:38","modified_gmt":"2026-03-11T14:40:38","slug":"hagyomanyos-zona-illeszto-2-bemenet-din-sinre-rogzitheto-lsn-lsni-hurokra","status":"publish","type":"product","link":"https:\/\/bpont.hu\/shop\/index.php\/product\/hagyomanyos-zona-illeszto-2-bemenet-din-sinre-rogzitheto-lsn-lsni-hurokra\/","title":{"rendered":"FLM-420\/4-CON-D<br>Hagyom\u00e1nyos z\u00f3na illeszt\u0151 (2 bemenet), DIN s\u00ednre r\u00f6gz\u00edthet\u0151, LSN-LSNi hurokra"},"content":{"rendered":"<p>FLM-420\/4-CON-D<br \/>\nAz FLM-420\/4-CON hagyom\u00e1nyos z\u00f3na-illeszt\u0151 modulok lehet\u0151v\u00e9 teszik a hagyom\u00e1nyos \u00e9rz\u00e9kel\u0151k LSN t\u0171zjelz\u0151 k\u00f6zpontokhoz t\u00f6rt\u00e9n\u0151 csatlakoztat\u00e1s\u00e1t n\u00e9gyvezet\u00e9kes LSN h\u00e1l\u00f3zaton kereszt\u00fcl (helyi biztons\u00e1gi h\u00e1l\u00f3zat kieg\u00e9sz\u00edt\u0151 t\u00e1pegys\u00e9ggel).<br \/>\nA 420-as sorozat az LSN improved technol\u00f3gia minden b\u0151v\u00edtett funkci\u00f3j\u00e1val rendelkez\u0151 csatol\u00f3moduljait kifejezetten LSN improved verzi\u00f3j\u00fa helyi biztons\u00e1gi h\u00e1l\u00f3zathoz val\u00f3 csatlakoztat\u00e1shoz tervezt\u00e9k.<br \/>\nClassic m\u00f3dban (a be\u00e9p\u00edtett forg\u00f3kapcsol\u00f3k seg\u00edts\u00e9g\u00e9vel v\u00e1laszthat\u00f3) a csatol\u00f3modulok az \u00f6sszes LSN classic t\u0171zjelz\u0151 k\u00f6zponthoz csatlakoztathat\u00f3k.<br \/>\nTulajdons\u00e1gok:<br \/>\n&#8211; A hagyom\u00e1nyos \u00e9rz\u00e9kel\u0151k sz\u00e9les sk\u00e1l\u00e1j\u00e1val haszn\u00e1lhat\u00f3<br \/>\n&#8211; A hagyom\u00e1nyos vonalak fel\u00fcgyelete riaszt\u00e1sra, r\u00f6vidz\u00e1rra \u00e9s huzalszakad\u00e1sra vonatkoz\u00f3an<br \/>\n&#8211; A hagyom\u00e1nyos \u00e9rz\u00e9kel\u0151ket \u00e1g- vagy hurok elrendez\u00e9sben lehet csatlakoztatni<br \/>\n&#8211; Egyedi \u00e9rz\u00e9kel\u0151-param\u00e9terek programozhat\u00f3k be az egyes vonalakhoz<br \/>\n&#8211; Dupla izol\u00e1torral rendelkezik (LSN bemeneten \u00e9s kimeneten)<\/p>\n","protected":false},"excerpt":{"rendered":"<p>Rendel\u00e9si k\u00f3d: F.01U.012.535<\/p>\n","protected":false},"featured_media":5726,"template":"","meta":[],"product_brand":[],"product_cat":[393],"product_tag":[25],"class_list":{"0":"post-5727","1":"product","2":"type-product","3":"status-publish","4":"has-post-thumbnail","6":"product_cat-hurok-cimzheto-modulok","7":"product_tag-bosch","9":"first","10":"instock","11":"taxable","12":"shipping-taxable","13":"purchasable","14":"product-type-simple"},"jetpack_sharing_enabled":true,"_links":{"self":[{"href":"https:\/\/bpont.hu\/shop\/index.php\/wp-json\/wp\/v2\/product\/5727","targetHints":{"allow":["GET"]}}],"collection":[{"href":"https:\/\/bpont.hu\/shop\/index.php\/wp-json\/wp\/v2\/product"}],"about":[{"href":"https:\/\/bpont.hu\/shop\/index.php\/wp-json\/wp\/v2\/types\/product"}],"version-history":[{"count":3,"href":"https:\/\/bpont.hu\/shop\/index.php\/wp-json\/wp\/v2\/product\/5727\/revisions"}],"predecessor-version":[{"id":8418,"href":"https:\/\/bpont.hu\/shop\/index.php\/wp-json\/wp\/v2\/product\/5727\/revisions\/8418"}],"wp:featuredmedia":[{"embeddable":true,"href":"https:\/\/bpont.hu\/shop\/index.php\/wp-json\/wp\/v2\/media\/5726"}],"wp:attachment":[{"href":"https:\/\/bpont.hu\/shop\/index.php\/wp-json\/wp\/v2\/media?parent=5727"}],"wp:term":[{"taxonomy":"product_brand","embeddable":true,"href":"https:\/\/bpont.hu\/shop\/index.php\/wp-json\/wp\/v2\/product_brand?post=5727"},{"taxonomy":"product_cat","embeddable":true,"href":"https:\/\/bpont.hu\/shop\/index.php\/wp-json\/wp\/v2\/product_cat?post=5727"},{"taxonomy":"product_tag","embeddable":true,"href":"https:\/\/bpont.hu\/shop\/index.php\/wp-json\/wp\/v2\/product_tag?post=5727"}],"curies":[{"name":"wp","href":"https:\/\/api.w.org\/{rel}","templated":true}]}}