{"id":5723,"date":"2025-08-04T09:29:03","date_gmt":"2025-08-04T08:29:03","guid":{"rendered":"https:\/\/bpont.hu\/shop\/index.php\/product\/nagyfeszultsegu-rele-modul-2-rele-2-bemenet-din-sinre-rogzitheto-lsn-lsni-hurokra\/"},"modified":"2026-03-11T16:40:38","modified_gmt":"2026-03-11T14:40:38","slug":"nagyfeszultsegu-rele-modul-2-rele-2-bemenet-din-sinre-rogzitheto-lsn-lsni-hurokra","status":"publish","type":"product","link":"https:\/\/bpont.hu\/shop\/index.php\/product\/nagyfeszultsegu-rele-modul-2-rele-2-bemenet-din-sinre-rogzitheto-lsn-lsni-hurokra\/","title":{"rendered":"FLM-420-RHV-D<br>Nagyfesz\u00fclts\u00e9g\u0171 rel\u00e9 modul (2 rel\u00e9 2 bemenet), DIN s\u00ednre r\u00f6gz\u00edthet\u0151, LSN-LSNi hurokra"},"content":{"rendered":"<p>FLM-420-RHV-D<br \/>\nAz FLM-420-RHV nagyfesz\u00fclts\u00e9g\u0171 rel\u00e9s csatol\u00f3modul k\u00fcls\u0151 eszk\u00f6z\u00f6k aktiv\u00e1l\u00e1s\u00e1ra, pl. f\u00fcstcsappanty\u00fa vagy szell\u0151z\u0151k (FAN-funkci\u00f3), LSN h\u00e1l\u00f3zaton kereszt\u00fcl.<br \/>\nA csatol\u00f3modulok k\u00e9t v\u00e1lt\u00f3\u00e9rintkez\u0151s rel\u00e9t (C-form\u00e1tum\u00fa) tartalmaznak a k\u00fcls\u0151 eszk\u00f6z\u00f6k vez\u00e9rl\u00e9s\u00e9hez. (10A 120VAC\/230VAC\/24VDC vagy 6A 30 VDC)<br \/>\n2 bemenet visszacsatol\u00e1sra, vagy egyedi bemenetk\u00e9nt haszn\u00e1lhat\u00f3.<br \/>\nTulajdons\u00e1gok:<br \/>\n&#8211; Forg\u00f3kapcsol\u00f3k az automatikus vagy k\u00e9zi c\u00edmz\u00e9shez<br \/>\n&#8211; 2 nagyfesz\u00fclts\u00e9g\u0171 kimenet 2 visszacsatol\u00f3 bemenet<br \/>\n&#8211; \u00dczem\u00e1llapot-jelz\u0151 LED<br \/>\n&#8211; T\u00e1pell\u00e1t\u00e1s LSN-en kereszt\u00fcl<br \/>\n&#8211; Dupla izol\u00e1tor<br \/>\n&#8211; Falon k\u00edv\u00fclre szerelt h\u00e1zzal vagy DIN-s\u00ednre szerelt adapterrel kaphat\u00f3<\/p>\n","protected":false},"excerpt":{"rendered":"<p>Rendel\u00e9si k\u00f3d: F.01U.508.714<\/p>\n","protected":false},"featured_media":5721,"template":"","meta":[],"product_brand":[],"product_cat":[393],"product_tag":[25],"class_list":{"0":"post-5723","1":"product","2":"type-product","3":"status-publish","4":"has-post-thumbnail","6":"product_cat-hurok-cimzheto-modulok","7":"product_tag-bosch","9":"first","10":"instock","11":"taxable","12":"shipping-taxable","13":"purchasable","14":"product-type-simple"},"jetpack_sharing_enabled":true,"_links":{"self":[{"href":"https:\/\/bpont.hu\/shop\/index.php\/wp-json\/wp\/v2\/product\/5723","targetHints":{"allow":["GET"]}}],"collection":[{"href":"https:\/\/bpont.hu\/shop\/index.php\/wp-json\/wp\/v2\/product"}],"about":[{"href":"https:\/\/bpont.hu\/shop\/index.php\/wp-json\/wp\/v2\/types\/product"}],"version-history":[{"count":3,"href":"https:\/\/bpont.hu\/shop\/index.php\/wp-json\/wp\/v2\/product\/5723\/revisions"}],"predecessor-version":[{"id":8416,"href":"https:\/\/bpont.hu\/shop\/index.php\/wp-json\/wp\/v2\/product\/5723\/revisions\/8416"}],"wp:featuredmedia":[{"embeddable":true,"href":"https:\/\/bpont.hu\/shop\/index.php\/wp-json\/wp\/v2\/media\/5721"}],"wp:attachment":[{"href":"https:\/\/bpont.hu\/shop\/index.php\/wp-json\/wp\/v2\/media?parent=5723"}],"wp:term":[{"taxonomy":"product_brand","embeddable":true,"href":"https:\/\/bpont.hu\/shop\/index.php\/wp-json\/wp\/v2\/product_brand?post=5723"},{"taxonomy":"product_cat","embeddable":true,"href":"https:\/\/bpont.hu\/shop\/index.php\/wp-json\/wp\/v2\/product_cat?post=5723"},{"taxonomy":"product_tag","embeddable":true,"href":"https:\/\/bpont.hu\/shop\/index.php\/wp-json\/wp\/v2\/product_tag?post=5723"}],"curies":[{"name":"wp","href":"https:\/\/api.w.org\/{rel}","templated":true}]}}