{"id":5715,"date":"2025-08-04T09:29:00","date_gmt":"2025-08-04T08:29:00","guid":{"rendered":"https:\/\/bpont.hu\/shop\/index.php\/product\/8-kisfeszultsegu-rele-dobozolva-lsni-hurokra\/"},"modified":"2026-05-05T14:46:32","modified_gmt":"2026-05-05T12:46:32","slug":"8-kisfeszultsegu-rele-dobozolva-lsni-hurokra","status":"publish","type":"product","link":"https:\/\/bpont.hu\/shop\/index.php\/product\/8-kisfeszultsegu-rele-dobozolva-lsni-hurokra\/","title":{"rendered":"FLM-420-RLV8-S<br>8 kisfesz\u00fclts\u00e9g\u0171 rel\u00e9, dobozolva, LSNi hurokra"},"content":{"rendered":"<p>FLM-420-RLV8-S<br \/>\nAz FLM-420-RLV8-S nyolc-rel\u00e9s, kisfesz\u00fclts\u00e9g\u0171 csatol\u00f3modulok nyolc v\u00e1lt\u00f3\u00e9rintkez\u0151 rel\u00e9vel rendelkeznek a potenci\u00e1lmentes kimenetek biztos\u00edt\u00e1s\u00e1hoz.<br \/>\nAz FPA-5000 \u00e9s FPA-1200 t\u0171zjelz\u0151 k\u00f6zponthoz t\u00f6rt\u00e9n\u0151 csatlakoztat\u00e1s eset\u00e9n a csatol\u00f3modul az LSN improved technol\u00f3gia minden b\u0151v\u00edtett funkci\u00f3j\u00e1val rendelkezik.<br \/>\nTulajdons\u00e1gok:<br \/>\n&#8211; Forg\u00f3kapcsol\u00f3k az automatikus vagy k\u00e9zi c\u00edmz\u00e9shez<br \/>\n&#8211; A rel\u00e9k maxim\u00e1lis kapcsol\u00e1si teljes\u00edtm\u00e9nye 2 A \/30 V DC<br \/>\n&#8211; Alacsony \u00e1ramfelv\u00e9tel<br \/>\n&#8211; Dupla izol\u00e1tor<\/p>\n","protected":false},"excerpt":{"rendered":"<p>Rendel\u00e9si k\u00f3d: F.01U.033.247<\/p>\n","protected":false},"featured_media":5714,"template":"","meta":[],"product_brand":[],"product_cat":[393],"product_tag":[25],"class_list":{"0":"post-5715","1":"product","2":"type-product","3":"status-publish","4":"has-post-thumbnail","6":"product_cat-hurok-cimzheto-modulok","7":"product_tag-bosch","9":"first","10":"instock","11":"taxable","12":"shipping-taxable","13":"product-type-simple"},"jetpack_sharing_enabled":true,"_links":{"self":[{"href":"https:\/\/bpont.hu\/shop\/index.php\/wp-json\/wp\/v2\/product\/5715","targetHints":{"allow":["GET"]}}],"collection":[{"href":"https:\/\/bpont.hu\/shop\/index.php\/wp-json\/wp\/v2\/product"}],"about":[{"href":"https:\/\/bpont.hu\/shop\/index.php\/wp-json\/wp\/v2\/types\/product"}],"version-history":[{"count":3,"href":"https:\/\/bpont.hu\/shop\/index.php\/wp-json\/wp\/v2\/product\/5715\/revisions"}],"predecessor-version":[{"id":8411,"href":"https:\/\/bpont.hu\/shop\/index.php\/wp-json\/wp\/v2\/product\/5715\/revisions\/8411"}],"wp:featuredmedia":[{"embeddable":true,"href":"https:\/\/bpont.hu\/shop\/index.php\/wp-json\/wp\/v2\/media\/5714"}],"wp:attachment":[{"href":"https:\/\/bpont.hu\/shop\/index.php\/wp-json\/wp\/v2\/media?parent=5715"}],"wp:term":[{"taxonomy":"product_brand","embeddable":true,"href":"https:\/\/bpont.hu\/shop\/index.php\/wp-json\/wp\/v2\/product_brand?post=5715"},{"taxonomy":"product_cat","embeddable":true,"href":"https:\/\/bpont.hu\/shop\/index.php\/wp-json\/wp\/v2\/product_cat?post=5715"},{"taxonomy":"product_tag","embeddable":true,"href":"https:\/\/bpont.hu\/shop\/index.php\/wp-json\/wp\/v2\/product_tag?post=5715"}],"curies":[{"name":"wp","href":"https:\/\/api.w.org\/{rel}","templated":true}]}}