{"id":5713,"date":"2025-08-04T09:29:00","date_gmt":"2025-08-04T08:29:00","guid":{"rendered":"https:\/\/bpont.hu\/shop\/index.php\/product\/1-oc-kimenet1bemenet-din-sinre-rogzitheto-lsni-hurokra\/"},"modified":"2026-03-11T16:40:38","modified_gmt":"2026-03-11T14:40:38","slug":"1-oc-kimenet1bemenet-din-sinre-rogzitheto-lsni-hurokra","status":"publish","type":"product","link":"https:\/\/bpont.hu\/shop\/index.php\/product\/1-oc-kimenet1bemenet-din-sinre-rogzitheto-lsni-hurokra\/","title":{"rendered":"FLM-420-O1I1-D<br>1 OC kimenet+1Bemenet DIN s\u00ednre r\u00f6gz\u00edthet\u0151, LSNi hurokra"},"content":{"rendered":"<p>FLM-420-O1I1-D<br \/>\n1 Opencollector-os kimenettel \u00e9s 1 szabadon programozhat\u00f3 bemenettel rendelkez\u0151 modul LSN\/LSNi h\u00e1l\u00f3zatra. Az elektronikus kiment maximum 700mA-el terhelhet\u0151, a bemenet kontaktusos, vagy fel\u00fcgyelt lez\u00e1r\u00f3ellen\u00e1ll\u00e1s\u00fa m\u0171k\u00f6d\u00e9sre konfigur\u00e1lhat\u00f3.<br \/>\nForg\u00f3kapcsol\u00f3k az automatikus vagy k\u00e9zi c\u00edmz\u00e9shez OC kimenet, max 700mA Falon k\u00edv\u00fclre szerelt h\u00e1zba, s\u00fcllyesztett k\u00f6t\u0151 dobozba tehet\u0151 vagy DIN-s\u00ednre szerelhet\u0151 Dupla izol\u00e1tor<br \/>\nTulajdons\u00e1gok:<br \/>\n&#8211; Forg\u00f3kapcsol\u00f3k az automatikus vagy k\u00e9zi c\u00edmz\u00e9shez<br \/>\n&#8211; A kimenet maxim\u00e1lis kapcsol\u00e1si teljes\u00edtm\u00e9nye 700mA<br \/>\n&#8211; A bemenet Programozhat\u00f3 (NO-NC, EOL, Fesz\u00fclts\u00e9g)<br \/>\n&#8211; Alacsony \u00e1ramfelv\u00e9tel<br \/>\n&#8211; Dupla izol\u00e1tor<\/p>\n","protected":false},"excerpt":{"rendered":"<p>Rendel\u00e9si k\u00f3d: F.01U.033.256<\/p>\n","protected":false},"featured_media":5712,"template":"","meta":[],"product_brand":[],"product_cat":[393],"product_tag":[25],"class_list":{"0":"post-5713","1":"product","2":"type-product","3":"status-publish","4":"has-post-thumbnail","6":"product_cat-hurok-cimzheto-modulok","7":"product_tag-bosch","9":"first","10":"instock","11":"taxable","12":"shipping-taxable","13":"purchasable","14":"product-type-simple"},"jetpack_sharing_enabled":true,"_links":{"self":[{"href":"https:\/\/bpont.hu\/shop\/index.php\/wp-json\/wp\/v2\/product\/5713","targetHints":{"allow":["GET"]}}],"collection":[{"href":"https:\/\/bpont.hu\/shop\/index.php\/wp-json\/wp\/v2\/product"}],"about":[{"href":"https:\/\/bpont.hu\/shop\/index.php\/wp-json\/wp\/v2\/types\/product"}],"version-history":[{"count":3,"href":"https:\/\/bpont.hu\/shop\/index.php\/wp-json\/wp\/v2\/product\/5713\/revisions"}],"predecessor-version":[{"id":8410,"href":"https:\/\/bpont.hu\/shop\/index.php\/wp-json\/wp\/v2\/product\/5713\/revisions\/8410"}],"wp:featuredmedia":[{"embeddable":true,"href":"https:\/\/bpont.hu\/shop\/index.php\/wp-json\/wp\/v2\/media\/5712"}],"wp:attachment":[{"href":"https:\/\/bpont.hu\/shop\/index.php\/wp-json\/wp\/v2\/media?parent=5713"}],"wp:term":[{"taxonomy":"product_brand","embeddable":true,"href":"https:\/\/bpont.hu\/shop\/index.php\/wp-json\/wp\/v2\/product_brand?post=5713"},{"taxonomy":"product_cat","embeddable":true,"href":"https:\/\/bpont.hu\/shop\/index.php\/wp-json\/wp\/v2\/product_cat?post=5713"},{"taxonomy":"product_tag","embeddable":true,"href":"https:\/\/bpont.hu\/shop\/index.php\/wp-json\/wp\/v2\/product_tag?post=5713"}],"curies":[{"name":"wp","href":"https:\/\/api.w.org\/{rel}","templated":true}]}}