{"id":5711,"date":"2025-08-04T09:28:59","date_gmt":"2025-08-04T08:28:59","guid":{"rendered":"https:\/\/bpont.hu\/shop\/index.php\/product\/1-oc-kimenet1bemenet-csak-modul-lsni-hurokra\/"},"modified":"2026-03-11T16:40:37","modified_gmt":"2026-03-11T14:40:37","slug":"1-oc-kimenet1bemenet-csak-modul-lsni-hurokra","status":"publish","type":"product","link":"https:\/\/bpont.hu\/shop\/index.php\/product\/1-oc-kimenet1bemenet-csak-modul-lsni-hurokra\/","title":{"rendered":"FLM-420-O1I1-E<br>1 OC kimenet+1Bemenet (csak modul), LSNi hurokra"},"content":{"rendered":"<p>FLM-420-O1I1-E<br \/>\n1 Opencollector-os kimenettel \u00e9s 1 szabadon programozhat\u00f3 bemenettel rendelkez\u0151 modul LSN\/LSNi h\u00e1l\u00f3zatra. Az elektronikus kiment maximum 700mA-el terhelhet\u0151, a bemenet kontaktusos, vagy fel\u00fcgyelt lez\u00e1r\u00f3ellen\u00e1ll\u00e1s\u00fa m\u0171k\u00f6d\u00e9sre konfigur\u00e1lhat\u00f3.<br \/>\nTulajdons\u00e1gok:<br \/>\n&#8211;  Forg\u00f3kapcsol\u00f3k az automatikus vagy k\u00e9zi c\u00edmz\u00e9shez<br \/>\n&#8211;  OC kimenet, max 700mA<br \/>\n&#8211;  Falon k\u00edv\u00fclre szerelt h\u00e1zba, s\u00fcllyesztett k\u00f6t\u0151 dobozba tehet\u0151 vagy DIN-s\u00ednre szerelhet\u0151<br \/>\n&#8211;  Dupla izol\u00e1tor<\/p>\n","protected":false},"excerpt":{"rendered":"<p>Rendel\u00e9si k\u00f3d: F.01U.033.257<\/p>\n","protected":false},"featured_media":5710,"template":"","meta":[],"product_brand":[],"product_cat":[393],"product_tag":[25],"class_list":{"0":"post-5711","1":"product","2":"type-product","3":"status-publish","4":"has-post-thumbnail","6":"product_cat-hurok-cimzheto-modulok","7":"product_tag-bosch","9":"first","10":"instock","11":"taxable","12":"shipping-taxable","13":"purchasable","14":"product-type-simple"},"jetpack_sharing_enabled":true,"_links":{"self":[{"href":"https:\/\/bpont.hu\/shop\/index.php\/wp-json\/wp\/v2\/product\/5711","targetHints":{"allow":["GET"]}}],"collection":[{"href":"https:\/\/bpont.hu\/shop\/index.php\/wp-json\/wp\/v2\/product"}],"about":[{"href":"https:\/\/bpont.hu\/shop\/index.php\/wp-json\/wp\/v2\/types\/product"}],"version-history":[{"count":3,"href":"https:\/\/bpont.hu\/shop\/index.php\/wp-json\/wp\/v2\/product\/5711\/revisions"}],"predecessor-version":[{"id":8409,"href":"https:\/\/bpont.hu\/shop\/index.php\/wp-json\/wp\/v2\/product\/5711\/revisions\/8409"}],"wp:featuredmedia":[{"embeddable":true,"href":"https:\/\/bpont.hu\/shop\/index.php\/wp-json\/wp\/v2\/media\/5710"}],"wp:attachment":[{"href":"https:\/\/bpont.hu\/shop\/index.php\/wp-json\/wp\/v2\/media?parent=5711"}],"wp:term":[{"taxonomy":"product_brand","embeddable":true,"href":"https:\/\/bpont.hu\/shop\/index.php\/wp-json\/wp\/v2\/product_brand?post=5711"},{"taxonomy":"product_cat","embeddable":true,"href":"https:\/\/bpont.hu\/shop\/index.php\/wp-json\/wp\/v2\/product_cat?post=5711"},{"taxonomy":"product_tag","embeddable":true,"href":"https:\/\/bpont.hu\/shop\/index.php\/wp-json\/wp\/v2\/product_tag?post=5711"}],"curies":[{"name":"wp","href":"https:\/\/api.w.org\/{rel}","templated":true}]}}