{"id":571,"date":"2025-06-27T11:11:02","date_gmt":"2025-06-27T10:11:02","guid":{"rendered":"https:\/\/bpont.shop.hu\/?post_type=product&#038;p=571"},"modified":"2026-03-11T16:39:15","modified_gmt":"2026-03-11T14:39:15","slug":"mtc-s1001-ketcsuklos-erositett-belteri-kameratarto-ezust-5db-csomag","status":"publish","type":"product","link":"https:\/\/bpont.hu\/shop\/index.php\/product\/mtc-s1001-ketcsuklos-erositett-belteri-kameratarto-ezust-5db-csomag\/","title":{"rendered":"MTC-S1001<br>K\u00e9tcsukl\u00f3s er\u0151s\u00edtett belt\u00e9ri kameratart\u00f3 Ez\u00fcst 5db\/csomag"},"content":{"rendered":"<p>MTC-S1001<br \/>\nAz MTC\u2011S1001 \u00e9s MTC-G1001 belt\u00e9ri kameraszerelv\u00e9nyeket kifejezetten a Bosch Dinion kamer\u00e1khoz alak\u00edtott\u00e1k ki. Az MTC-S1001 ez\u00fcstsz\u00edn\u0171 bevonattal rendelkezik, \u00e9s a DinionXF sorozathoz haszn\u00e1lhat\u00f3. Amellett, hogy nagyon tetszet\u0151s, ez az ez\u00fcstsz\u00edn\u0171 bevonat teljes\u00edti az UN-D-1235 szabv\u00e1nyt, \u00e9s ellen\u00e1ll a vegyi anyagoknak. Az MTC-G1001 klasszikus sz\u00fcrke sz\u00ednben kaphat\u00f3, az \u00f6sszes t\u00f6bbi Dinion t\u00edpus kieg\u00e9sz\u00edt\u00e9s\u00e9re<br \/>\nTulajdons\u00e1gok:<br \/>\n&#8211; A Bosch Dinion kamer\u00e1khoz tervezve<br \/>\n&#8211; Minden Dinion \u00e9s DinionXF t\u00edpushoz alkalmazhat\u00f3<br \/>\n&#8211; Tart\u00f3s, de k\u00f6nny\u0171 s\u00faly\u00fa kialak\u00edt\u00e1s<br \/>\n&#8211; Bevezet\u0151ny\u00edl\u00e1s a k\u00e1belek sz\u00e1m\u00e1ra<br \/>\n&#8211; Vonz\u00f3 \u00e9s sokoldal\u00fa kialak\u00edt\u00e1s<\/p>\n","protected":false},"excerpt":{"rendered":"<p>Rendel\u00e9si k\u00f3d: F.01U.003.679<\/p>\n","protected":false},"featured_media":572,"template":"","meta":[],"product_brand":[],"product_cat":[320],"product_tag":[25],"class_list":{"0":"post-571","1":"product","2":"type-product","3":"status-publish","4":"has-post-thumbnail","6":"product_cat-kamerahazak-konzolok","7":"product_tag-bosch","9":"first","10":"instock","11":"taxable","12":"shipping-taxable","13":"purchasable","14":"product-type-simple"},"jetpack_sharing_enabled":true,"_links":{"self":[{"href":"https:\/\/bpont.hu\/shop\/index.php\/wp-json\/wp\/v2\/product\/571","targetHints":{"allow":["GET"]}}],"collection":[{"href":"https:\/\/bpont.hu\/shop\/index.php\/wp-json\/wp\/v2\/product"}],"about":[{"href":"https:\/\/bpont.hu\/shop\/index.php\/wp-json\/wp\/v2\/types\/product"}],"version-history":[{"count":5,"href":"https:\/\/bpont.hu\/shop\/index.php\/wp-json\/wp\/v2\/product\/571\/revisions"}],"predecessor-version":[{"id":7393,"href":"https:\/\/bpont.hu\/shop\/index.php\/wp-json\/wp\/v2\/product\/571\/revisions\/7393"}],"wp:featuredmedia":[{"embeddable":true,"href":"https:\/\/bpont.hu\/shop\/index.php\/wp-json\/wp\/v2\/media\/572"}],"wp:attachment":[{"href":"https:\/\/bpont.hu\/shop\/index.php\/wp-json\/wp\/v2\/media?parent=571"}],"wp:term":[{"taxonomy":"product_brand","embeddable":true,"href":"https:\/\/bpont.hu\/shop\/index.php\/wp-json\/wp\/v2\/product_brand?post=571"},{"taxonomy":"product_cat","embeddable":true,"href":"https:\/\/bpont.hu\/shop\/index.php\/wp-json\/wp\/v2\/product_cat?post=571"},{"taxonomy":"product_tag","embeddable":true,"href":"https:\/\/bpont.hu\/shop\/index.php\/wp-json\/wp\/v2\/product_tag?post=571"}],"curies":[{"name":"wp","href":"https:\/\/api.w.org\/{rel}","templated":true}]}}