{"id":5709,"date":"2025-08-04T09:28:59","date_gmt":"2025-08-04T08:28:59","guid":{"rendered":"https:\/\/bpont.hu\/shop\/index.php\/product\/8oc-kimenet2bemenet-dobozolva-lsni-hurokra\/"},"modified":"2026-03-11T16:40:37","modified_gmt":"2026-03-11T14:40:37","slug":"8oc-kimenet2bemenet-dobozolva-lsni-hurokra","status":"publish","type":"product","link":"https:\/\/bpont.hu\/shop\/index.php\/product\/8oc-kimenet2bemenet-dobozolva-lsni-hurokra\/","title":{"rendered":"FLM-420-O8I2-S<br>8OC kimenet+2Bemenet dobozolva, LSNi hurokra"},"content":{"rendered":"<p>FLM-420-O8I2-S<br \/>\nAz FLM-420-O8I2-S nyolc-kimenet\u0171 csatol\u00f3modulon nyolc, k\u00fcls\u0151 eszk\u00f6z\u00f6ket vez\u00e9rl\u0151 Open Collector-os kimenet \u00e9s k\u00e9t fel\u00fcgyelt bemenet tal\u00e1lhat\u00f3.<br \/>\nA kimenetek a 24VDC negat\u00edv pontj\u00e1hoz kapcsolnak akt\u00edv \u00e1llapotban, inakt\u00edv \u00e1llapotban a kimenet terhel\u00e9s n\u00e9lk\u00fcl lebeg.<br \/>\nAz FPA-5000 \u00e9s FPA-1200 t\u0171zjelz\u0151 k\u00f6zponthoz t\u00f6rt\u00e9n\u0151 csatlakoztat\u00e1s eset\u00e9n a csatol\u00f3modul az LSN improved technol\u00f3gia minden tov\u00e1bbfejlesztett funkci\u00f3j\u00e1val rendelkezik.<br \/>\nTulajdons\u00e1gok:<br \/>\n&#8211;  Nyolc egyedileg kapcsolhat\u00f3 f\u00e9lvezet\u0151 kimenet (OC)<br \/>\n&#8211;  A kimenetek elektromosan szigeteltek az LSN hurokt\u00f3l \u00e9s r\u00f6vidz\u00e1rlat ellen v\u00e9dettek<br \/>\n&#8211;  Max. kimenetenk\u00e9nti kapcsolhat\u00f3 \u00e1ramer\u0151ss\u00e9g 700 mA<br \/>\n&#8211;  A k\u00e9t bemenethez egyedileg kiv\u00e1laszthat\u00f3 fel\u00fcgyeleti funkci\u00f3k (EOL vagy kontaktus)<br \/>\n&#8211;  Dupla izol\u00e1tor<\/p>\n","protected":false},"excerpt":{"rendered":"<p>Rendel\u00e9si k\u00f3d: F.01U.033.255<\/p>\n","protected":false},"featured_media":5708,"template":"","meta":[],"product_brand":[],"product_cat":[393],"product_tag":[25],"class_list":{"0":"post-5709","1":"product","2":"type-product","3":"status-publish","4":"has-post-thumbnail","6":"product_cat-hurok-cimzheto-modulok","7":"product_tag-bosch","9":"first","10":"instock","11":"taxable","12":"shipping-taxable","13":"purchasable","14":"product-type-simple"},"jetpack_sharing_enabled":true,"_links":{"self":[{"href":"https:\/\/bpont.hu\/shop\/index.php\/wp-json\/wp\/v2\/product\/5709","targetHints":{"allow":["GET"]}}],"collection":[{"href":"https:\/\/bpont.hu\/shop\/index.php\/wp-json\/wp\/v2\/product"}],"about":[{"href":"https:\/\/bpont.hu\/shop\/index.php\/wp-json\/wp\/v2\/types\/product"}],"version-history":[{"count":3,"href":"https:\/\/bpont.hu\/shop\/index.php\/wp-json\/wp\/v2\/product\/5709\/revisions"}],"predecessor-version":[{"id":8408,"href":"https:\/\/bpont.hu\/shop\/index.php\/wp-json\/wp\/v2\/product\/5709\/revisions\/8408"}],"wp:featuredmedia":[{"embeddable":true,"href":"https:\/\/bpont.hu\/shop\/index.php\/wp-json\/wp\/v2\/media\/5708"}],"wp:attachment":[{"href":"https:\/\/bpont.hu\/shop\/index.php\/wp-json\/wp\/v2\/media?parent=5709"}],"wp:term":[{"taxonomy":"product_brand","embeddable":true,"href":"https:\/\/bpont.hu\/shop\/index.php\/wp-json\/wp\/v2\/product_brand?post=5709"},{"taxonomy":"product_cat","embeddable":true,"href":"https:\/\/bpont.hu\/shop\/index.php\/wp-json\/wp\/v2\/product_cat?post=5709"},{"taxonomy":"product_tag","embeddable":true,"href":"https:\/\/bpont.hu\/shop\/index.php\/wp-json\/wp\/v2\/product_tag?post=5709"}],"curies":[{"name":"wp","href":"https:\/\/api.w.org\/{rel}","templated":true}]}}