{"id":5699,"date":"2025-08-04T09:28:57","date_gmt":"2025-08-04T08:28:57","guid":{"rendered":"https:\/\/bpont.hu\/shop\/index.php\/product\/hagyomanyos-kezi-jelzesado-belteri-kek\/"},"modified":"2026-03-11T16:40:37","modified_gmt":"2026-03-11T14:40:37","slug":"hagyomanyos-kezi-jelzesado-belteri-kek","status":"publish","type":"product","link":"https:\/\/bpont.hu\/shop\/index.php\/product\/hagyomanyos-kezi-jelzesado-belteri-kek\/","title":{"rendered":"FMC-120-DKM-G-B<br>Hagyom\u00e1nyos K\u00e9zi jelz\u00e9sad\u00f3, belt\u00e9ri, k\u00e9k"},"content":{"rendered":"<p>FMC-120-DKM-G-B<br \/>\nAz FMC-120-DKM k\u00e9zi jelz\u00e9sad\u00f3 hagyom\u00e1nyos technol\u00f3gi\u00e1j\u00fa rendszerekben haszn\u00e1lhat\u00f3 k\u00e9zi riaszt\u00e1sind\u00edt\u00e1s ind\u00edt\u00e1s\u00e1ra.Riaszt\u00e1si esem\u00e9nykor el\u0151sz\u00f6r be kell t\u00f6rni az \u00fcveglapot, majd er\u0151sen meg kell nyomni a k\u00e9zi jelz\u00e9sad\u00f3t.<br \/>\nEz aktiv\u00e1lja a riaszt\u00e1st kiv\u00e1lt\u00f3 mikrokapcsol\u00f3t, \u00e9s a LED kijelz\u0151 villog. A mechanizmus benyomva tartja a gombot.<br \/>\nA k\u00e9zi jelz\u00e9sad\u00f3 a vissza\u00e1ll\u00edt\u00f3 karral vagy a k\u00e9zi jelz\u00e9sad\u00f3 ajtaj\u00e1nak bez\u00e1r\u00e1s\u00e1val \u00e1ll\u00edthat\u00f3 vissza, a LED kijelz\u0151 elalszik.<br \/>\nEz azonban nem \u00e1ll\u00edtja vissza a t\u0171zjelz\u0151 k\u00f6zponton a riaszt\u00e1st.<br \/>\nA jelz\u00e9sad\u00f3 egyedi c\u00edme megjelenik a t\u0171zjelz\u0151 k\u00f6zpont kijelz\u0151j\u00e9n, \u00edgy gyorsan azonos\u00edthat\u00f3 a m\u0171k\u00f6d\u00e9sbe hozott jelz\u00e9sad\u00f3 pontos helye.Tulajdons\u00e1gok:- A k\u00e9zi jelz\u00e9sad\u00f3 vissza\u00e1ll\u00edt\u00e1sa a riaszt\u00e1sind\u00edt\u00e1s ut\u00e1n<br \/>\n&#8211; LED kijelz\u0151 riaszt\u00e1s jelz\u00e9s\u00e9hez vagy m\u0171k\u00f6d\u00e9s ellen\u0151rz\u00e9s\u00e9hez<br \/>\n&#8211; M\u00e1sodik \u00e9rintkez\u0151 kontaktussal vez\u00e9rl\u00e9shez<br \/>\n&#8211; K\u00fclt\u00e9ri \u00e9s belt\u00e9ri haszn\u00e1latra alkalmas v\u00e1ltozatok<\/p>\n","protected":false},"excerpt":{"rendered":"<p>Rendel\u00e9si k\u00f3d: F.01U.011.953<\/p>\n","protected":false},"featured_media":5690,"template":"","meta":[],"product_brand":[],"product_cat":[391],"product_tag":[25],"class_list":{"0":"post-5699","1":"product","2":"type-product","3":"status-publish","4":"has-post-thumbnail","6":"product_cat-hagyomanyos-kezi-jelzesadok","7":"product_tag-bosch","9":"first","10":"instock","11":"taxable","12":"shipping-taxable","13":"purchasable","14":"product-type-simple"},"jetpack_sharing_enabled":true,"_links":{"self":[{"href":"https:\/\/bpont.hu\/shop\/index.php\/wp-json\/wp\/v2\/product\/5699","targetHints":{"allow":["GET"]}}],"collection":[{"href":"https:\/\/bpont.hu\/shop\/index.php\/wp-json\/wp\/v2\/product"}],"about":[{"href":"https:\/\/bpont.hu\/shop\/index.php\/wp-json\/wp\/v2\/types\/product"}],"version-history":[{"count":3,"href":"https:\/\/bpont.hu\/shop\/index.php\/wp-json\/wp\/v2\/product\/5699\/revisions"}],"predecessor-version":[{"id":8401,"href":"https:\/\/bpont.hu\/shop\/index.php\/wp-json\/wp\/v2\/product\/5699\/revisions\/8401"}],"wp:featuredmedia":[{"embeddable":true,"href":"https:\/\/bpont.hu\/shop\/index.php\/wp-json\/wp\/v2\/media\/5690"}],"wp:attachment":[{"href":"https:\/\/bpont.hu\/shop\/index.php\/wp-json\/wp\/v2\/media?parent=5699"}],"wp:term":[{"taxonomy":"product_brand","embeddable":true,"href":"https:\/\/bpont.hu\/shop\/index.php\/wp-json\/wp\/v2\/product_brand?post=5699"},{"taxonomy":"product_cat","embeddable":true,"href":"https:\/\/bpont.hu\/shop\/index.php\/wp-json\/wp\/v2\/product_cat?post=5699"},{"taxonomy":"product_tag","embeddable":true,"href":"https:\/\/bpont.hu\/shop\/index.php\/wp-json\/wp\/v2\/product_tag?post=5699"}],"curies":[{"name":"wp","href":"https:\/\/api.w.org\/{rel}","templated":true}]}}