{"id":5694,"date":"2025-08-04T09:28:55","date_gmt":"2025-08-04T08:28:55","guid":{"rendered":"https:\/\/bpont.hu\/shop\/index.php\/product\/kezi-jelzesado-kettos-mukodtetesu-lsni-belteri-sarga\/"},"modified":"2026-03-11T16:40:36","modified_gmt":"2026-03-11T14:40:36","slug":"kezi-jelzesado-kettos-mukodtetesu-lsni-belteri-sarga","status":"publish","type":"product","link":"https:\/\/bpont.hu\/shop\/index.php\/product\/kezi-jelzesado-kettos-mukodtetesu-lsni-belteri-sarga\/","title":{"rendered":"FMC-210-DM-G-Y<br>K\u00e9zi jelz\u00e9sad\u00f3 kett\u0151s m\u0171k\u00f6dtet\u00e9s\u0171 LSNi belt\u00e9ri, s\u00e1rga"},"content":{"rendered":"<p>FMC-210-DM-G-Y<br \/>\nAz LSN \u00e9s az LSN improved helyi biztons\u00e1gi h\u00e1l\u00f3zatba telep\u00edtett FMC-210-DM k\u00e9zi jelz\u00e9sad\u00f3k k\u00e9zi riaszt\u00e1sind\u00edt\u00e1sra szolg\u00e1lnak.<br \/>\nH kivitel\u0171 k\u00e9zi jelz\u00e9sad\u00f3k k\u00fclt\u00e9ri, m\u00edg a G kivitel\u0171 k\u00e9zi jelz\u00e9sad\u00f3k belt\u00e9ri telep\u00edt\u00e9sre k\u00e9sz\u00fcltek.<\/p>\n<p>Riaszt\u00e1si esem\u00e9nykor el\u0151sz\u00f6r be kell t\u00f6rni az \u00fcveglapot, majd er\u0151sen meg kell nyomni a k\u00e9zi jelz\u00e9sad\u00f3t.<br \/>\nEz aktiv\u00e1lja a riaszt\u00e1st kiv\u00e1lt\u00f3 mikrokapcsol\u00f3t, \u00e9s a LED kijelz\u0151 villog. A mechanizmus benyomva tartja a gombot.<br \/>\nA k\u00e9zi jelz\u00e9sad\u00f3 a vissza\u00e1ll\u00edt\u00f3 karral vagy a k\u00e9zi jelz\u00e9sad\u00f3 ajtaj\u00e1nak bez\u00e1r\u00e1s\u00e1val \u00e1ll\u00edthat\u00f3 vissza, a LED kijelz\u0151 elalszik.<br \/>\nEz azonban nem \u00e1ll\u00edtja vissza a t\u0171zjelz\u0151 k\u00f6zponton a riaszt\u00e1st.<br \/>\nA jelz\u00e9sad\u00f3 egyedi c\u00edme megjelenik a t\u0171zjelz\u0151 k\u00f6zpont kijelz\u0151j\u00e9n, \u00edgy gyorsan azonos\u00edthat\u00f3 a m\u0171k\u00f6d\u00e9sbe hozott jelz\u00e9sad\u00f3 pontos helye.<\/p>\n<p>Tulajdons\u00e1gok:<br \/>\n&#8211; A k\u00e9zi jelz\u00e9sad\u00f3 vissza\u00e1ll\u00edt\u00e1sa a riaszt\u00e1s ind\u00edt\u00e1sa ut\u00e1n<br \/>\n&#8211; Automatikus vagy k\u00e9zi c\u00edmz\u00e9s lehets\u00e9ges forg\u00f3kapcsol\u00f3kkal<br \/>\n&#8211; LED kijelz\u0151 riaszt\u00e1shoz vagy m\u0171k\u00f6d\u00e9s ellen\u0151rz\u00e9s\u00e9hez<br \/>\n&#8211; Jelz\u00e9sad\u00f3-lek\u00e9rdez\u0151 rutinok ki\u00e9rt\u00e9kel\u00e9ssel \u00e9s t\u00f6bbsz\u00f6ri \u00e1tvitellel<br \/>\n&#8211; Egyedi jelz\u00e9sad\u00f3-azonos\u00edt\u00e1s<\/p>\n<p>H kivitel\u0171 k\u00e9zi jelz\u00e9sad\u00f3k k\u00fclt\u00e9ri, m\u00edg a G kivitel\u0171 k\u00e9zi jelz\u00e9sad\u00f3k belt\u00e9ri telep\u00edt\u00e9sre k\u00e9sz\u00fcltek.<\/p>\n","protected":false},"excerpt":{"rendered":"<p>Rendel\u00e9si k\u00f3d: F.01U.011.961<\/p>\n","protected":false},"featured_media":5693,"template":"","meta":[],"product_brand":[],"product_cat":[343],"product_tag":[25],"class_list":{"0":"post-5694","1":"product","2":"type-product","3":"status-publish","4":"has-post-thumbnail","6":"product_cat-lsn-lsni-kezi-jelzesadok","7":"product_tag-bosch","9":"first","10":"instock","11":"taxable","12":"shipping-taxable","13":"purchasable","14":"product-type-simple"},"jetpack_sharing_enabled":true,"_links":{"self":[{"href":"https:\/\/bpont.hu\/shop\/index.php\/wp-json\/wp\/v2\/product\/5694","targetHints":{"allow":["GET"]}}],"collection":[{"href":"https:\/\/bpont.hu\/shop\/index.php\/wp-json\/wp\/v2\/product"}],"about":[{"href":"https:\/\/bpont.hu\/shop\/index.php\/wp-json\/wp\/v2\/types\/product"}],"version-history":[{"count":3,"href":"https:\/\/bpont.hu\/shop\/index.php\/wp-json\/wp\/v2\/product\/5694\/revisions"}],"predecessor-version":[{"id":8396,"href":"https:\/\/bpont.hu\/shop\/index.php\/wp-json\/wp\/v2\/product\/5694\/revisions\/8396"}],"wp:featuredmedia":[{"embeddable":true,"href":"https:\/\/bpont.hu\/shop\/index.php\/wp-json\/wp\/v2\/media\/5693"}],"wp:attachment":[{"href":"https:\/\/bpont.hu\/shop\/index.php\/wp-json\/wp\/v2\/media?parent=5694"}],"wp:term":[{"taxonomy":"product_brand","embeddable":true,"href":"https:\/\/bpont.hu\/shop\/index.php\/wp-json\/wp\/v2\/product_brand?post=5694"},{"taxonomy":"product_cat","embeddable":true,"href":"https:\/\/bpont.hu\/shop\/index.php\/wp-json\/wp\/v2\/product_cat?post=5694"},{"taxonomy":"product_tag","embeddable":true,"href":"https:\/\/bpont.hu\/shop\/index.php\/wp-json\/wp\/v2\/product_tag?post=5694"}],"curies":[{"name":"wp","href":"https:\/\/api.w.org\/{rel}","templated":true}]}}