{"id":5682,"date":"2025-08-04T09:28:51","date_gmt":"2025-08-04T08:28:51","guid":{"rendered":"https:\/\/bpont.hu\/shop\/index.php\/product\/legcsatorna-mintavetelezo-cso-457-cm\/"},"modified":"2026-03-11T16:40:36","modified_gmt":"2026-03-11T14:40:36","slug":"legcsatorna-mintavetelezo-cso-457-cm","status":"publish","type":"product","link":"https:\/\/bpont.hu\/shop\/index.php\/product\/legcsatorna-mintavetelezo-cso-457-cm\/","title":{"rendered":"D344-1.5<br>L\u00e9gcsatorna mintav\u00e9telez\u0151 cs\u0151, 45,7 cm"},"content":{"rendered":"<p>D344-1.5<\/p>\n","protected":false},"excerpt":{"rendered":"<p>Rendel\u00e9si k\u00f3d: F.01U.029.219<\/p>\n","protected":false},"featured_media":5681,"template":"","meta":[],"product_brand":[],"product_cat":[388],"product_tag":[25],"class_list":{"0":"post-5682","1":"product","2":"type-product","3":"status-publish","4":"has-post-thumbnail","6":"product_cat-legcsatorna-erzekelo","7":"product_tag-bosch","9":"first","10":"instock","11":"taxable","12":"shipping-taxable","13":"purchasable","14":"product-type-simple"},"jetpack_sharing_enabled":true,"_links":{"self":[{"href":"https:\/\/bpont.hu\/shop\/index.php\/wp-json\/wp\/v2\/product\/5682","targetHints":{"allow":["GET"]}}],"collection":[{"href":"https:\/\/bpont.hu\/shop\/index.php\/wp-json\/wp\/v2\/product"}],"about":[{"href":"https:\/\/bpont.hu\/shop\/index.php\/wp-json\/wp\/v2\/types\/product"}],"version-history":[{"count":3,"href":"https:\/\/bpont.hu\/shop\/index.php\/wp-json\/wp\/v2\/product\/5682\/revisions"}],"predecessor-version":[{"id":8388,"href":"https:\/\/bpont.hu\/shop\/index.php\/wp-json\/wp\/v2\/product\/5682\/revisions\/8388"}],"wp:featuredmedia":[{"embeddable":true,"href":"https:\/\/bpont.hu\/shop\/index.php\/wp-json\/wp\/v2\/media\/5681"}],"wp:attachment":[{"href":"https:\/\/bpont.hu\/shop\/index.php\/wp-json\/wp\/v2\/media?parent=5682"}],"wp:term":[{"taxonomy":"product_brand","embeddable":true,"href":"https:\/\/bpont.hu\/shop\/index.php\/wp-json\/wp\/v2\/product_brand?post=5682"},{"taxonomy":"product_cat","embeddable":true,"href":"https:\/\/bpont.hu\/shop\/index.php\/wp-json\/wp\/v2\/product_cat?post=5682"},{"taxonomy":"product_tag","embeddable":true,"href":"https:\/\/bpont.hu\/shop\/index.php\/wp-json\/wp\/v2\/product_tag?post=5682"}],"curies":[{"name":"wp","href":"https:\/\/api.w.org\/{rel}","templated":true}]}}