{"id":568,"date":"2025-06-27T11:11:02","date_gmt":"2025-06-27T10:11:02","guid":{"rendered":"https:\/\/bpont.shop.hu\/?post_type=product&#038;p=568"},"modified":"2026-03-11T16:39:15","modified_gmt":"2026-03-11T14:39:15","slug":"tc9210u-belteri-fali-tarto-boxkamerakhoz-150mm","status":"publish","type":"product","link":"https:\/\/bpont.hu\/shop\/index.php\/product\/tc9210u-belteri-fali-tarto-boxkamerakhoz-150mm\/","title":{"rendered":"TC9210U<br>Belt\u00e9ri Fali tart\u00f3 box kamer\u00e1khoz (150mm)"},"content":{"rendered":"<p>TC9210U<br \/>\nA TC92xx sorozat\u00fa belt\u00e9ri kameraszerelv\u00e9nyek fix, vagy variof\u00f3kuszos CCD kamer\u00e1kkal haszn\u00e1lhat\u00f3k.<br \/>\nEzek a massz\u00edv, tetszet\u0151s szerelv\u00e9nyek teljes m\u00e9rt\u00e9kben \u00e1ll\u00edthat\u00f3 fejszerelv\u00e9nyekkel \u00e9s szabv\u00e1nyos 1\/4-20 kamerar\u00f6gz\u00edt\u0151 csavarokkal vannak ell\u00e1tva.<br \/>\nA legnagyobb terhelhet\u0151s\u00e9g 2 kg \u00e9s 10 kg k\u00f6z\u00f6tt van.<br \/>\nEzek a sokoldal\u00fa t\u00edpusok talapzati, fali vagy mennyezeti szerelv\u00e9nyk\u00e9nt haszn\u00e1lhat\u00f3k, \u00e9s kiv\u00e1l\u00f3an alkalmasak CCD kamer\u00e1k sz\u00e1m\u00e1ra.<br \/>\nA TC9210- belt\u00e9ri szerelv\u00e9ny belt\u00e9ri alkalmaz\u00e1sok kamer\u00e1inak felszerel\u00e9s\u00e9re szolg\u00e1l.<br \/>\nLegfeljebb 4,5 kg terhel\u00e9sre szolg\u00e1l, \u00e9s alum\u00edniumb\u00f3l \u00e9s ac\u00e9lb\u00f3l k\u00e9sz\u00fcl, rendk\u00edv\u00fcl merev kamerar\u00f6gz\u00edt\u00e9st biztos\u00edtva.<br \/>\nMenetes toldataival, ez a t\u00edpus h\u00e1rom k\u00fcl\u00f6nb\u00f6z\u0151 hossz\u00fas\u00e1gban \u00e1ll\u00edthat\u00f3, \u00e9s k\u00f6nnyen felszerelhet\u0151 a hozz\u00e1 tartoz\u00f3 szerel\u0151anyagokkal. Ez a t\u00edpus sz\u00e1mos CCD kamera t\u00edpussal haszn\u00e1lhat\u00f3.<\/p>\n","protected":false},"excerpt":{"rendered":"<p>Rendel\u00e9si k\u00f3d: F.01U.143.373<\/p>\n","protected":false},"featured_media":569,"template":"","meta":[],"product_brand":[],"product_cat":[320],"product_tag":[25],"class_list":{"0":"post-568","1":"product","2":"type-product","3":"status-publish","4":"has-post-thumbnail","6":"product_cat-kamerahazak-konzolok","7":"product_tag-bosch","9":"first","10":"instock","11":"taxable","12":"shipping-taxable","13":"purchasable","14":"product-type-simple"},"jetpack_sharing_enabled":true,"_links":{"self":[{"href":"https:\/\/bpont.hu\/shop\/index.php\/wp-json\/wp\/v2\/product\/568","targetHints":{"allow":["GET"]}}],"collection":[{"href":"https:\/\/bpont.hu\/shop\/index.php\/wp-json\/wp\/v2\/product"}],"about":[{"href":"https:\/\/bpont.hu\/shop\/index.php\/wp-json\/wp\/v2\/types\/product"}],"version-history":[{"count":5,"href":"https:\/\/bpont.hu\/shop\/index.php\/wp-json\/wp\/v2\/product\/568\/revisions"}],"predecessor-version":[{"id":7392,"href":"https:\/\/bpont.hu\/shop\/index.php\/wp-json\/wp\/v2\/product\/568\/revisions\/7392"}],"wp:featuredmedia":[{"embeddable":true,"href":"https:\/\/bpont.hu\/shop\/index.php\/wp-json\/wp\/v2\/media\/569"}],"wp:attachment":[{"href":"https:\/\/bpont.hu\/shop\/index.php\/wp-json\/wp\/v2\/media?parent=568"}],"wp:term":[{"taxonomy":"product_brand","embeddable":true,"href":"https:\/\/bpont.hu\/shop\/index.php\/wp-json\/wp\/v2\/product_brand?post=568"},{"taxonomy":"product_cat","embeddable":true,"href":"https:\/\/bpont.hu\/shop\/index.php\/wp-json\/wp\/v2\/product_cat?post=568"},{"taxonomy":"product_tag","embeddable":true,"href":"https:\/\/bpont.hu\/shop\/index.php\/wp-json\/wp\/v2\/product_tag?post=568"}],"curies":[{"name":"wp","href":"https:\/\/api.w.org\/{rel}","templated":true}]}}