{"id":5678,"date":"2025-08-04T09:28:49","date_gmt":"2025-08-04T08:28:49","guid":{"rendered":"https:\/\/bpont.hu\/shop\/index.php\/product\/fad-420-hs-en-legcsatorna-fusterzekelo-haz-ms-400-aljzattal\/"},"modified":"2026-03-11T16:40:36","modified_gmt":"2026-03-11T14:40:36","slug":"fad-420-hs-en-legcsatorna-fusterzekelo-haz-ms-400-aljzattal","status":"publish","type":"product","link":"https:\/\/bpont.hu\/shop\/index.php\/product\/fad-420-hs-en-legcsatorna-fusterzekelo-haz-ms-400-aljzattal\/","title":{"rendered":"FAD-420-HS-EN<br>FAD-420-HS-EN L\u00e9gcsatorna f\u00fcst\u00e9rz\u00e9kel\u0151 h\u00e1z MS 400 aljzattal"},"content":{"rendered":"<p>FAD-420-HS-EN<br \/>\nAz FAD\u2011420\u2011HS\u2011EN l\u00e9gcsatorna f\u00fcst\u00e9rz\u00e9kel\u0151 a be\u00e9p\u00edtett FAD\u2011O420 \u00e9rz\u00e9kel\u0151vel szell\u0151z\u0151csatorn\u00e1kban \u00e9rz\u00e9keli a f\u00fcst\u00f6t. A leveg\u0151 \u00e1ltal sz\u00e1ll\u00edtott f\u00fcstr\u00e9szecsk\u00e9ket az \u00e9rz\u00e9kel\u0151 megb\u00edzhat\u0151en \u00e9rz\u00e9keli \u00e9s jelenti az LSN improved buszrendszeren a t\u0171zjelz\u0151 k\u00f6zpontnak.<br \/>\nTulajdons\u00e1gok:<br \/>\n-1,5 m\/s \u2013 20 m\/s k\u00f6z\u00f6tti l\u00e9gsebess\u00e9g\u0171 szell\u0151z\u0151 rendszerekben haszn\u00e1lhat\u00f3<br \/>\n-Az FAD-O420 \u00e9rz\u00e9kel\u0151 riaszt\u00e1sjelz\u0151 LED-jelz\u0151f\u00e9ny\u00e9t az \u00e1ttetsz\u0151 fed\u00e9len kereszt\u00fcl l\u00e1that\u00f3<br \/>\n-A fed\u00e9l nem k\u00edv\u00e1natos elt\u00e1vol\u00edt\u00e1s\u00e1nak megakad\u00e1lyoz\u00e1sa<br \/>\n-Dupla izol\u00e1torral rendlkezik<\/p>\n","protected":false},"excerpt":{"rendered":"<p>Rendel\u00e9si k\u00f3d: F.01U.029.411<\/p>\n","protected":false},"featured_media":5677,"template":"","meta":[],"product_brand":[],"product_cat":[388],"product_tag":[25],"class_list":{"0":"post-5678","1":"product","2":"type-product","3":"status-publish","4":"has-post-thumbnail","6":"product_cat-legcsatorna-erzekelo","7":"product_tag-bosch","9":"first","10":"instock","11":"taxable","12":"shipping-taxable","13":"purchasable","14":"product-type-simple"},"jetpack_sharing_enabled":true,"_links":{"self":[{"href":"https:\/\/bpont.hu\/shop\/index.php\/wp-json\/wp\/v2\/product\/5678","targetHints":{"allow":["GET"]}}],"collection":[{"href":"https:\/\/bpont.hu\/shop\/index.php\/wp-json\/wp\/v2\/product"}],"about":[{"href":"https:\/\/bpont.hu\/shop\/index.php\/wp-json\/wp\/v2\/types\/product"}],"version-history":[{"count":3,"href":"https:\/\/bpont.hu\/shop\/index.php\/wp-json\/wp\/v2\/product\/5678\/revisions"}],"predecessor-version":[{"id":8386,"href":"https:\/\/bpont.hu\/shop\/index.php\/wp-json\/wp\/v2\/product\/5678\/revisions\/8386"}],"wp:featuredmedia":[{"embeddable":true,"href":"https:\/\/bpont.hu\/shop\/index.php\/wp-json\/wp\/v2\/media\/5677"}],"wp:attachment":[{"href":"https:\/\/bpont.hu\/shop\/index.php\/wp-json\/wp\/v2\/media?parent=5678"}],"wp:term":[{"taxonomy":"product_brand","embeddable":true,"href":"https:\/\/bpont.hu\/shop\/index.php\/wp-json\/wp\/v2\/product_brand?post=5678"},{"taxonomy":"product_cat","embeddable":true,"href":"https:\/\/bpont.hu\/shop\/index.php\/wp-json\/wp\/v2\/product_cat?post=5678"},{"taxonomy":"product_tag","embeddable":true,"href":"https:\/\/bpont.hu\/shop\/index.php\/wp-json\/wp\/v2\/product_tag?post=5678"}],"curies":[{"name":"wp","href":"https:\/\/api.w.org\/{rel}","templated":true}]}}