{"id":5668,"date":"2025-08-04T09:28:44","date_gmt":"2025-08-04T08:28:44","guid":{"rendered":"https:\/\/bpont.hu\/shop\/index.php\/product\/reflexios-vonali-fusterzekelo-bovito-fireray5000-hez\/"},"modified":"2026-03-11T16:40:36","modified_gmt":"2026-03-11T14:40:36","slug":"reflexios-vonali-fusterzekelo-bovito-fireray5000-hez","status":"publish","type":"product","link":"https:\/\/bpont.hu\/shop\/index.php\/product\/reflexios-vonali-fusterzekelo-bovito-fireray5000-hez\/","title":{"rendered":"FRAY5000-HEAD-EN<br>Reflexi\u00f3s vonali f\u00fcst\u00e9rz\u00e9kel\u0151 b\u0151v\u00edt\u0151 Fireray5000-hez"},"content":{"rendered":"<p>FRAY5000-HEAD-EN<br \/>\nA Fireray5000-EN vonali f\u00fcst\u00e9rz\u00e9kel\u0151 8 \u00e9s 100 m k\u00f6z\u00f6tti t\u00e1vols\u00e1gokban haszn\u00e1lhat\u00f3. T\u00fckr\u00f6z\u0151 prizma teszi lehet\u0151v\u00e9 a f\u00fcstr\u00e9szecsk\u00e9k pontos \u00e9rz\u00e9kel\u00e9s\u00e9t az adott t\u00e1vols\u00e1gi tartom\u00e1nyon bel\u00fcl.<br \/>\nA 8 \u00e9s 50 m k\u00f6z\u00f6tti tartom\u00e1nyban egyetlen prizma elegend\u0151. 50 \u00e9s 100 m k\u00f6z\u00f6tt n\u00e9gy prizm\u00e1ra van sz\u00fcks\u00e9g. Az FRay5000-LR-Kit nagy hat\u00f3t\u00e1vols\u00e1g\u00fa k\u00e9szlet tartalmazza a kieg\u00e9sz\u00edt\u0151 prizm\u00e1kat.<br \/>\nA legfontosabb alkalmaz\u00e1si ter\u00fcletek: nagy bels\u0151 terek, p\u00e9ld\u00e1ul m\u0171eml\u00e9k \u00e9p\u00fcletek, templomok, m\u00fazeumok, bev\u00e1s\u00e1rl\u00f3k\u00f6zpontok, \u00fczemcsarnokok, rakt\u00e1rak, stb.<br \/>\nA Fireray5000-EN vonali f\u00fcst\u00e9rz\u00e9kel\u0151 olyan ter\u00fcleteken haszn\u00e1lhat\u00f3, ahol a pontszer\u0171 \u00e9rz\u00e9kel\u0151k nem hat\u00e9konyak<br \/>\nA Fireray5000-EN vonali f\u00fcst\u00e9rz\u00e9kel\u0151 egy kieg\u00e9sz\u00edt\u0151 FRAY5000-HEAD-EN \u00e9rz\u00e9kel\u0151fejjel b\u0151v\u00edthet\u0151.<br \/>\nA rendszervez\u00e9rl\u0151 legfeljebb k\u00e9t \u00e9rz\u00e9kel\u0151t k\u00e9pes vez\u00e9relni.<br \/>\nAz \u00e9rz\u00e9kel\u0151fejek k\u00fcl\u00f6n programozhat\u00f3k.<br \/>\nTulajdons\u00e1gok:<br \/>\n&#8211; Kib\u0151v\u00edtett megfigyel\u00e9si ter\u00fclet<br \/>\n&#8211; Rendszervez\u00e9rl\u0151nk\u00e9nt max. 2 \u00e9rz\u00e9kel\u0151 K\u00e9t p\u00e1r t\u0171z- \u00e9s hibarel\u00e9 (\u00e9rz\u00e9kel\u0151nk\u00e9nt egy)<br \/>\n&#8211; Ad\u00f3- \u00e9s vev\u0151egys\u00e9g k\u00f6z\u00f6s kompakt h\u00e1zba be\u00e9p\u00edtve<br \/>\n&#8211; Integr\u00e1lt L\u00c9ZERES be\u00e1ll\u00edt\u00e1s<br \/>\n&#8211; \u00d6nbe\u00e1ll\u00edt\u00e1s m\u0171k\u00f6d\u00e9s k\u00f6zben<br \/>\n&#8211; Szemmagass\u00e1gba felszerelt t\u00e1vvez\u00e9rl\u0151 egys\u00e9g az egyszer\u0171 telep\u00edt\u00e9s \u00e9s programozhat\u00f3s\u00e1g \u00e9rdek\u00e9ben<br \/>\n&#8211; Automatikus szennyez\u0151d\u00e9s-kompenz\u00e1ci\u00f3<br \/>\n&#8211; LED- \u00e9s LCD-kijelz\u0151vel felszerelt vez\u00e9rl\u0151egys\u00e9g<br \/>\n&#8211; Be\u00e1ll\u00edthat\u00f3 riaszt\u00e1si k\u00fcsz\u00f6b\u00f6k<br \/>\n&#8211; \u00c9p\u00fcletelmozdul\u00e1s-kompenz\u00e1ci\u00f3<\/p>\n","protected":false},"excerpt":{"rendered":"<p>Rendel\u00e9si k\u00f3d: F.01U.143.247<\/p>\n","protected":false},"featured_media":5667,"template":"","meta":[],"product_brand":[],"product_cat":[387],"product_tag":[25],"class_list":{"0":"post-5668","1":"product","2":"type-product","3":"status-publish","4":"has-post-thumbnail","6":"product_cat-vonali-fusterzekelok-es-kiegeszitoi","7":"product_tag-bosch","9":"first","10":"instock","11":"taxable","12":"shipping-taxable","13":"purchasable","14":"product-type-simple"},"jetpack_sharing_enabled":true,"_links":{"self":[{"href":"https:\/\/bpont.hu\/shop\/index.php\/wp-json\/wp\/v2\/product\/5668","targetHints":{"allow":["GET"]}}],"collection":[{"href":"https:\/\/bpont.hu\/shop\/index.php\/wp-json\/wp\/v2\/product"}],"about":[{"href":"https:\/\/bpont.hu\/shop\/index.php\/wp-json\/wp\/v2\/types\/product"}],"version-history":[{"count":3,"href":"https:\/\/bpont.hu\/shop\/index.php\/wp-json\/wp\/v2\/product\/5668\/revisions"}],"predecessor-version":[{"id":8381,"href":"https:\/\/bpont.hu\/shop\/index.php\/wp-json\/wp\/v2\/product\/5668\/revisions\/8381"}],"wp:featuredmedia":[{"embeddable":true,"href":"https:\/\/bpont.hu\/shop\/index.php\/wp-json\/wp\/v2\/media\/5667"}],"wp:attachment":[{"href":"https:\/\/bpont.hu\/shop\/index.php\/wp-json\/wp\/v2\/media?parent=5668"}],"wp:term":[{"taxonomy":"product_brand","embeddable":true,"href":"https:\/\/bpont.hu\/shop\/index.php\/wp-json\/wp\/v2\/product_brand?post=5668"},{"taxonomy":"product_cat","embeddable":true,"href":"https:\/\/bpont.hu\/shop\/index.php\/wp-json\/wp\/v2\/product_cat?post=5668"},{"taxonomy":"product_tag","embeddable":true,"href":"https:\/\/bpont.hu\/shop\/index.php\/wp-json\/wp\/v2\/product_tag?post=5668"}],"curies":[{"name":"wp","href":"https:\/\/api.w.org\/{rel}","templated":true}]}}