{"id":5664,"date":"2025-08-04T09:28:43","date_gmt":"2025-08-04T08:28:43","guid":{"rendered":"https:\/\/bpont.hu\/shop\/index.php\/product\/ado-vevo-bol-allo-vonali-fusterzekelo-bovito-fireray3000-hez\/"},"modified":"2026-03-11T16:40:36","modified_gmt":"2026-03-11T14:40:36","slug":"ado-vevo-bol-allo-vonali-fusterzekelo-bovito-fireray3000-hez","status":"publish","type":"product","link":"https:\/\/bpont.hu\/shop\/index.php\/product\/ado-vevo-bol-allo-vonali-fusterzekelo-bovito-fireray3000-hez\/","title":{"rendered":"FIRERAY3000-HD<br>Ad\u00f3-Vev\u0151-b\u0151l \u00e1ll\u00f3 vonali f\u00fcst\u00e9rz\u00e9kel\u0151 b\u0151v\u00edt\u0151 Fireray3000-hez"},"content":{"rendered":"<p>FIRERAY3000-HD<br \/>\nA Fireray3000 optikai vonali f\u00fcst\u00e9rz\u00e9kel\u0151 a vil\u00e1gos \u00e9s s\u00f6t\u00e9t f\u00fcst\u00f6t \u00e9rz\u00e9keli 5 &#8211; 120 m-es ter\u00fcleten (max. 100 m a DIN VDE 0833-2 szerint).<br \/>\nAz aj\u00e1nlott alkalmaz\u00e1si ter\u00fcletek a kiterjedt, nagy m\u00e9ret\u0171 csarnokok, pl. rep\u00fcl\u0151g\u00e9phang\u00e1rok, gy\u00e1r\u00e9p\u00fcletek \u00e9s hasonl\u00f3k, ahol a pont jelleg\u0171 \u00e9rz\u00e9kel\u0151k nem haszn\u00e1lhat\u00f3k.<\/p>\n<p>Tulajdons\u00e1gok:<\/p>\n<p>&#8211; Megfigyel\u00e9si ter\u00fclet: 5 \u2013 120 m (max. 100 m a DIN VDE 0833-2 szerint)<br \/>\n&#8211; Rendszervez\u00e9rl\u0151nk\u00e9nt max. 2 \u00e9rz\u00e9kel\u0151<br \/>\n&#8211; K\u00e9t p\u00e1r t\u0171z- \u00e9s hibarel\u00e9 (\u00e9rz\u00e9kel\u0151nk\u00e9nt egy)<br \/>\n&#8211; Ad\u00f3- \u00e9s vev\u0151egys\u00e9g k\u00f6z\u00f6s kompakt h\u00e1zba be\u00e9p\u00edtve<br \/>\n&#8211; Integr\u00e1lt L\u00c9ZERES be\u00e1ll\u00edt\u00e1s<\/p>\n<p>A Fireray3000 optikai vonali f\u00fcst\u00e9rz\u00e9kel\u0151 a vil\u00e1gos \u00e9s s\u00f6t\u00e9t f\u00fcst\u00f6t \u00e9rz\u00e9keli 5 &#8211; 120 m-es ter\u00fcleten (max. 100 m a DIN VDE 0833-2 szerint). Az aj\u00e1nlott alkalmaz\u00e1si ter\u00fcletek a kiterjedt, nagy m\u00e9ret\u0171 csarnokok, pl. rep\u00fcl\u0151g\u00e9phang\u00e1rok, gy\u00e1r\u00e9p\u00fcletek \u00e9s hasonl\u00f3k, ahol a pont jelleg\u0171 \u00e9rz\u00e9kel\u0151k nem haszn\u00e1lhat\u00f3k.<\/p>\n","protected":false},"excerpt":{"rendered":"<p>Rendel\u00e9si k\u00f3d: F.01U.290.196<\/p>\n","protected":false},"featured_media":5663,"template":"","meta":[],"product_brand":[],"product_cat":[387],"product_tag":[25],"class_list":{"0":"post-5664","1":"product","2":"type-product","3":"status-publish","4":"has-post-thumbnail","6":"product_cat-vonali-fusterzekelok-es-kiegeszitoi","7":"product_tag-bosch","9":"first","10":"instock","11":"taxable","12":"shipping-taxable","13":"purchasable","14":"product-type-simple"},"jetpack_sharing_enabled":true,"_links":{"self":[{"href":"https:\/\/bpont.hu\/shop\/index.php\/wp-json\/wp\/v2\/product\/5664","targetHints":{"allow":["GET"]}}],"collection":[{"href":"https:\/\/bpont.hu\/shop\/index.php\/wp-json\/wp\/v2\/product"}],"about":[{"href":"https:\/\/bpont.hu\/shop\/index.php\/wp-json\/wp\/v2\/types\/product"}],"version-history":[{"count":3,"href":"https:\/\/bpont.hu\/shop\/index.php\/wp-json\/wp\/v2\/product\/5664\/revisions"}],"predecessor-version":[{"id":8379,"href":"https:\/\/bpont.hu\/shop\/index.php\/wp-json\/wp\/v2\/product\/5664\/revisions\/8379"}],"wp:featuredmedia":[{"embeddable":true,"href":"https:\/\/bpont.hu\/shop\/index.php\/wp-json\/wp\/v2\/media\/5663"}],"wp:attachment":[{"href":"https:\/\/bpont.hu\/shop\/index.php\/wp-json\/wp\/v2\/media?parent=5664"}],"wp:term":[{"taxonomy":"product_brand","embeddable":true,"href":"https:\/\/bpont.hu\/shop\/index.php\/wp-json\/wp\/v2\/product_brand?post=5664"},{"taxonomy":"product_cat","embeddable":true,"href":"https:\/\/bpont.hu\/shop\/index.php\/wp-json\/wp\/v2\/product_cat?post=5664"},{"taxonomy":"product_tag","embeddable":true,"href":"https:\/\/bpont.hu\/shop\/index.php\/wp-json\/wp\/v2\/product_tag?post=5664"}],"curies":[{"name":"wp","href":"https:\/\/api.w.org\/{rel}","templated":true}]}}