{"id":5660,"date":"2025-08-04T09:28:42","date_gmt":"2025-08-04T08:28:42","guid":{"rendered":"https:\/\/bpont.hu\/shop\/index.php\/product\/titanus-pro-sens-tp-2-konvencionalis-legbeszivasos-fusterzekelo-2-erzekelo-fogadasa-diferencial-mod\/"},"modified":"2026-05-05T14:46:31","modified_gmt":"2026-05-05T12:46:31","slug":"titanus-pro-sens-tp-2-konvencionalis-legbeszivasos-fusterzekelo-2-erzekelo-fogadasa-diferencial-mod","status":"publish","type":"product","link":"https:\/\/bpont.hu\/shop\/index.php\/product\/titanus-pro-sens-tp-2-konvencionalis-legbeszivasos-fusterzekelo-2-erzekelo-fogadasa-diferencial-mod\/","title":{"rendered":"FCS-320-TP2<br>Titanus PRO SENS TP-2, Konvencion\u00e1lis,"},"content":{"rendered":"<p>FCS-320-TP2<br \/>\nAz FCS-320-TP2 sorozat\u00fa 2cs\u00f6ves 2 \u00e9rz\u00e9kel\u0151s aspir\u00e1ci\u00f3s f\u00fcst\u00e9rz\u00e9kel\u0151k korai t\u0171z\u00e9rz\u00e9kel\u00e9st lehet\u0151v\u00e9 tev\u0151, t\u00e9r- \u00e9s berendez\u00e9sv\u00e9delemre egyar\u00e1nt haszn\u00e1lhat\u00f3 akt\u00edv f\u00fcst\u00e9rz\u00e9kel\u0151 rendszerek, melyek alkalmasak l\u00e9gkondicion\u00e1l\u00f3 berendez\u00e9sek vagy l\u00e9gcsatorn\u00e1k fel\u00fcgyelet\u00e9re is.<br \/>\nA leg\u00fajabb \u00e9rz\u00e9kel\u00e9si technol\u00f3gi\u00e1val rendelkeznek.<br \/>\nMegb\u00edzhat\u00f3 m\u0171k\u00f6d\u00e9s\u00fcket szennyez\u00e9ssel szembeni ellen\u00e1ll\u00f3 k\u00e9pess\u00e9g\u00fck, az \u00e9rz\u00e9kel\u0151k jeleinek h\u0151m\u00e9rs\u00e9kletkompenz\u00e1l\u00e1sa \u00e9s a l\u00e9gnyom\u00e1shoz igazod\u00f3 inicializ\u00e1l\u00e1s biztos\u00edtja, m\u00e9g k\u00fcl\u00f6nleges k\u00f6rnyezeti felt\u00e9telek k\u00f6z\u00f6tt is.<br \/>\nA k\u00e9t \u00e9rz\u00e9kel\u0151vel differenci\u00e1l \u00fczemm\u00f3dban is haszn\u00e1lhat\u00f3.<\/p>\n","protected":false},"excerpt":{"rendered":"<p>Rendel\u00e9si k\u00f3d: F.01U.141.198<\/p>\n","protected":false},"featured_media":5658,"template":"","meta":[],"product_brand":[],"product_cat":[386],"product_tag":[25],"class_list":{"0":"post-5660","1":"product","2":"type-product","3":"status-publish","4":"has-post-thumbnail","6":"product_cat-hagyomanyos-aspiracios-erzekelok","7":"product_tag-bosch","9":"first","10":"instock","11":"taxable","12":"shipping-taxable","13":"product-type-simple"},"jetpack_sharing_enabled":true,"_links":{"self":[{"href":"https:\/\/bpont.hu\/shop\/index.php\/wp-json\/wp\/v2\/product\/5660","targetHints":{"allow":["GET"]}}],"collection":[{"href":"https:\/\/bpont.hu\/shop\/index.php\/wp-json\/wp\/v2\/product"}],"about":[{"href":"https:\/\/bpont.hu\/shop\/index.php\/wp-json\/wp\/v2\/types\/product"}],"version-history":[{"count":3,"href":"https:\/\/bpont.hu\/shop\/index.php\/wp-json\/wp\/v2\/product\/5660\/revisions"}],"predecessor-version":[{"id":8377,"href":"https:\/\/bpont.hu\/shop\/index.php\/wp-json\/wp\/v2\/product\/5660\/revisions\/8377"}],"wp:featuredmedia":[{"embeddable":true,"href":"https:\/\/bpont.hu\/shop\/index.php\/wp-json\/wp\/v2\/media\/5658"}],"wp:attachment":[{"href":"https:\/\/bpont.hu\/shop\/index.php\/wp-json\/wp\/v2\/media?parent=5660"}],"wp:term":[{"taxonomy":"product_brand","embeddable":true,"href":"https:\/\/bpont.hu\/shop\/index.php\/wp-json\/wp\/v2\/product_brand?post=5660"},{"taxonomy":"product_cat","embeddable":true,"href":"https:\/\/bpont.hu\/shop\/index.php\/wp-json\/wp\/v2\/product_cat?post=5660"},{"taxonomy":"product_tag","embeddable":true,"href":"https:\/\/bpont.hu\/shop\/index.php\/wp-json\/wp\/v2\/product_tag?post=5660"}],"curies":[{"name":"wp","href":"https:\/\/api.w.org\/{rel}","templated":true}]}}