{"id":565,"date":"2025-06-27T11:11:01","date_gmt":"2025-06-27T10:11:01","guid":{"rendered":"https:\/\/bpont.shop.hu\/?post_type=product&#038;p=565"},"modified":"2026-03-11T16:39:14","modified_gmt":"2026-03-11T14:39:14","slug":"tc9208-belteri-fali-tarto-boxkamerakhoz-200mm","status":"publish","type":"product","link":"https:\/\/bpont.hu\/shop\/index.php\/product\/tc9208-belteri-fali-tarto-boxkamerakhoz-200mm\/","title":{"rendered":"TC9208<br>Belt\u00e9ri Fali tart\u00f3 box kamer\u00e1khoz (200mm)"},"content":{"rendered":"<p>TC9208<br \/>\nA TC92xx sorozat\u00fa belt\u00e9ri kameraszerelv\u00e9nyek fix, vagy variof\u00f3kuszos CCD kamer\u00e1kkal haszn\u00e1lhat\u00f3k.<br \/>\nEzek a massz\u00edv, tetszet\u0151s szerelv\u00e9nyek teljes m\u00e9rt\u00e9kben \u00e1ll\u00edthat\u00f3 fejszerelv\u00e9nyekkel \u00e9s szabv\u00e1nyos 1\/4-20 kamerar\u00f6gz\u00edt\u0151 csavarokkal vannak ell\u00e1tva.<br \/>\nA legnagyobb terhelhet\u0151s\u00e9g 2 kg \u00e9s 10 kg k\u00f6z\u00f6tt van.<br \/>\nEzek a sokoldal\u00fa t\u00edpusok talapzati, fali vagy mennyezeti szerelv\u00e9nyk\u00e9nt haszn\u00e1lhat\u00f3k, \u00e9s kiv\u00e1l\u00f3an alkalmasak CCD kamer\u00e1k sz\u00e1m\u00e1ra.<br \/>\nA TC9208 t\u00edpus egy gazdas\u00e1gos 200 mm (8&#8243;) \u00e1ltal\u00e1nos c\u00e9l\u00fa szerelv\u00e9ny 4 kg terhelhet\u0151s\u00e9gig.<br \/>\nAlum\u00ednium bevonattal \u00e9s szab\u00e1lyozhat\u00f3 g\u00f6mbcsukl\u00f3s kamerar\u00f6gz\u00edt\u00e9ssel rendelkezik a kamera helyzet\u00e9nek be\u00e1ll\u00edt\u00e1s\u00e1hoz.<\/p>\n","protected":false},"excerpt":{"rendered":"<p>Rendel\u00e9si k\u00f3d: F.01U.143.919<\/p>\n","protected":false},"featured_media":566,"template":"","meta":[],"product_brand":[],"product_cat":[320],"product_tag":[25],"class_list":{"0":"post-565","1":"product","2":"type-product","3":"status-publish","4":"has-post-thumbnail","6":"product_cat-kamerahazak-konzolok","7":"product_tag-bosch","9":"first","10":"instock","11":"taxable","12":"shipping-taxable","13":"purchasable","14":"product-type-simple"},"jetpack_sharing_enabled":true,"_links":{"self":[{"href":"https:\/\/bpont.hu\/shop\/index.php\/wp-json\/wp\/v2\/product\/565","targetHints":{"allow":["GET"]}}],"collection":[{"href":"https:\/\/bpont.hu\/shop\/index.php\/wp-json\/wp\/v2\/product"}],"about":[{"href":"https:\/\/bpont.hu\/shop\/index.php\/wp-json\/wp\/v2\/types\/product"}],"version-history":[{"count":5,"href":"https:\/\/bpont.hu\/shop\/index.php\/wp-json\/wp\/v2\/product\/565\/revisions"}],"predecessor-version":[{"id":7391,"href":"https:\/\/bpont.hu\/shop\/index.php\/wp-json\/wp\/v2\/product\/565\/revisions\/7391"}],"wp:featuredmedia":[{"embeddable":true,"href":"https:\/\/bpont.hu\/shop\/index.php\/wp-json\/wp\/v2\/media\/566"}],"wp:attachment":[{"href":"https:\/\/bpont.hu\/shop\/index.php\/wp-json\/wp\/v2\/media?parent=565"}],"wp:term":[{"taxonomy":"product_brand","embeddable":true,"href":"https:\/\/bpont.hu\/shop\/index.php\/wp-json\/wp\/v2\/product_brand?post=565"},{"taxonomy":"product_cat","embeddable":true,"href":"https:\/\/bpont.hu\/shop\/index.php\/wp-json\/wp\/v2\/product_cat?post=565"},{"taxonomy":"product_tag","embeddable":true,"href":"https:\/\/bpont.hu\/shop\/index.php\/wp-json\/wp\/v2\/product_tag?post=565"}],"curies":[{"name":"wp","href":"https:\/\/api.w.org\/{rel}","templated":true}]}}