{"id":5626,"date":"2025-08-04T09:28:30","date_gmt":"2025-08-04T08:28:30","guid":{"rendered":"https:\/\/bpont.hu\/shop\/index.php\/product\/aviotec-ip-starlight-8000\/"},"modified":"2026-03-11T16:40:34","modified_gmt":"2026-03-11T14:40:34","slug":"aviotec-ip-starlight-8000","status":"publish","type":"product","link":"https:\/\/bpont.hu\/shop\/index.php\/product\/aviotec-ip-starlight-8000\/","title":{"rendered":"FCS-8000-VFD-B<br>AVIOTEC IP starlight 8000"},"content":{"rendered":"<p>FCS-8000-VFD-B<br \/>\nAz AVIOTEC IP starlight 8000 a kiemelked\u0151 sebess\u00e9ggel p\u00e1ros\u00edtott megb\u00edzhat\u00f3 f\u00fcst- \u00e9s<br \/>\nt\u0171z\u00e9szlel\u00e9snek k\u00f6sz\u00f6nhet\u0151en forradalmi v\u00e1ltoz\u00e1st jelent a vizu\u00e1lis t\u0171z\u00e9rz\u00e9kel\u00e9s ter\u00fclet\u00e9n.<br \/>\nA videoalap\u00fa t\u0171z\u00e9rz\u00e9kel\u00e9s a t\u00f6k\u00e9letes v\u00e1laszt\u00e1s, amennyiben megb\u00edzhat\u00f3 vide\u00f3s mozg\u00e1s- \u00e9s t\u0171z\u00e9rz\u00e9kel\u00e9sre van sz\u00fcks\u00e9g, p\u00e9ld\u00e1ul olyan felhaszn\u00e1l\u00e1shoz, amelyre nem vonatkoznak az \u00e9p\u00edtm\u00e9nyekkel kapcsolatos el\u0151\u00edr\u00e1sok, illetve olyan esetben, amikor a rendszert megl\u00e9v\u0151 t\u0171zjelz\u0151 rendszerek kieg\u00e9sz\u00edt\u00e9sek\u00e9nt k\u00edv\u00e1nj\u00e1k haszn\u00e1lni.<br \/>\nAz AVIOTEC IP starlight 8000 \u00f6n\u00e1ll\u00f3 egys\u00e9gk\u00e9nt m\u0171k\u00f6dik, k\u00fcl\u00f6n ki\u00e9rt\u00e9kel\u0151 egys\u00e9gre nincs sz\u00fcks\u00e9g.<br \/>\nEmellett az Intelligent Video Analytics minden funkci\u00f3j\u00e1t is mag\u00e1ban foglalja, mely lehet\u0151v\u00e9 teszi a mozg\u00f3 t\u00e1rgyak p\u00e1rhuzamos elemz\u00e9s\u00e9t \u00e9s ki\u00e9rt\u00e9kel\u00e9s\u00e9t is.<br \/>\nA videoalap\u00fa t\u0171z\u00e9rz\u00e9kel\u00e9s \u00e9s az Intelligent Video Analytics egym\u00e1st\u00f3l f\u00fcggetlen\u00fcl m\u0171k\u00f6dik, \u00e9s be\u00e1ll\u00edt\u00e1suk is k\u00fcl\u00f6n t\u00f6rt\u00e9nik.<\/p>\n","protected":false},"excerpt":{"rendered":"<p>Rendel\u00e9si k\u00f3d: F.01U.317.536<\/p>\n","protected":false},"featured_media":5625,"template":"","meta":[],"product_brand":[],"product_cat":[382],"product_tag":[25],"class_list":{"0":"post-5626","1":"product","2":"type-product","3":"status-publish","4":"has-post-thumbnail","6":"product_cat-video-kamera-alapu-erzekeles","7":"product_tag-bosch","9":"first","10":"instock","11":"taxable","12":"shipping-taxable","13":"purchasable","14":"product-type-simple"},"jetpack_sharing_enabled":true,"_links":{"self":[{"href":"https:\/\/bpont.hu\/shop\/index.php\/wp-json\/wp\/v2\/product\/5626","targetHints":{"allow":["GET"]}}],"collection":[{"href":"https:\/\/bpont.hu\/shop\/index.php\/wp-json\/wp\/v2\/product"}],"about":[{"href":"https:\/\/bpont.hu\/shop\/index.php\/wp-json\/wp\/v2\/types\/product"}],"version-history":[{"count":3,"href":"https:\/\/bpont.hu\/shop\/index.php\/wp-json\/wp\/v2\/product\/5626\/revisions"}],"predecessor-version":[{"id":8354,"href":"https:\/\/bpont.hu\/shop\/index.php\/wp-json\/wp\/v2\/product\/5626\/revisions\/8354"}],"wp:featuredmedia":[{"embeddable":true,"href":"https:\/\/bpont.hu\/shop\/index.php\/wp-json\/wp\/v2\/media\/5625"}],"wp:attachment":[{"href":"https:\/\/bpont.hu\/shop\/index.php\/wp-json\/wp\/v2\/media?parent=5626"}],"wp:term":[{"taxonomy":"product_brand","embeddable":true,"href":"https:\/\/bpont.hu\/shop\/index.php\/wp-json\/wp\/v2\/product_brand?post=5626"},{"taxonomy":"product_cat","embeddable":true,"href":"https:\/\/bpont.hu\/shop\/index.php\/wp-json\/wp\/v2\/product_cat?post=5626"},{"taxonomy":"product_tag","embeddable":true,"href":"https:\/\/bpont.hu\/shop\/index.php\/wp-json\/wp\/v2\/product_tag?post=5626"}],"curies":[{"name":"wp","href":"https:\/\/api.w.org\/{rel}","templated":true}]}}