{"id":5622,"date":"2025-08-04T09:28:29","date_gmt":"2025-08-04T08:28:29","guid":{"rendered":"https:\/\/bpont.hu\/shop\/index.php\/product\/robbanasbiztos-kezi-jelzesado-kettos-mukodesu-piros-sb3-szukseges\/"},"modified":"2026-05-05T14:46:30","modified_gmt":"2026-05-05T12:46:30","slug":"robbanasbiztos-kezi-jelzesado-kettos-mukodesu-piros-sb3-szukseges","status":"publish","type":"product","link":"https:\/\/bpont.hu\/shop\/index.php\/product\/robbanasbiztos-kezi-jelzesado-kettos-mukodesu-piros-sb3-szukseges\/","title":{"rendered":"DM1103B-EX<br>Robban\u00e1sbiztos k\u00e9zi jelz\u00e9sad\u00f3, kett\u0151s m\u0171k\u00f6d\u00e9s\u0171, piros, (SB3 sz\u00fcks\u00e9ges)"},"content":{"rendered":"<p>DM1103B-EX<br \/>\nRobban\u00e1svesz\u00e9lyes ter\u00fcletekre (Z\u00f3na 1 \u00e9s Z\u00f3na 2)<br \/>\nT\u0171zjelz\u0151 rendszer kollekt\u00edv\/SynoLINE600 jelvonal\u00e1ra illeszthet\u0151 k\u00e9zi jelz\u00e9sad\u00f3k<br \/>\nDM1103: k\u00f6zvetett m\u0171k\u00f6d\u00e9s\u0171 k\u00e9zi jelz\u00e9sad\u00f3<br \/>\nDM1104: k\u00f6zvetlen m\u0171k\u00f6d\u00e9s\u0171 k\u00e9zi jelz\u00e9sad\u00f3<br \/>\nKapcsol\u00f3d\u00e1s az \u00e9rz\u00e9kel\u0151 vonalhoz DC1192 be\/kimeneti modulon kereszt\u00fcl \u2013  Galvanikus lev\u00e1laszt\u00e1s \u00e9s kapcsol\u00f3d\u00e1s a kollekt\u00edv\/SynoLINE600, interakt\u00edv vagy AnalogPLUS\/SynoLOOP t\u0171zjelz\u0151 rendszerekhez<br \/>\nKapcsol\u00f3d\u00e1s az \u00e9rz\u00e9kel\u0151 vonalhoz FDCIO223 transzponder modulon kereszt\u00fcl \u2013  Galvanikus lev\u00e1laszt\u00e1s \u00e9s kapcsol\u00f3d\u00e1s a c\u00edmezhet\u0151 FDnet\/C-NET t\u0171zjelz\u0151rendszerekhez<br \/>\nK\u00e9tvezet\u00e9kes szerel\u00e9s <\/p>\n","protected":false},"excerpt":{"rendered":"<p>Rendel\u00e9si k\u00f3d: 4.998.112.084<\/p>\n","protected":false},"featured_media":5621,"template":"","meta":[],"product_brand":[],"product_cat":[341],"product_tag":[25],"class_list":{"0":"post-5622","1":"product","2":"type-product","3":"status-publish","4":"has-post-thumbnail","6":"product_cat-robbanasbiztos-tuzjelzo-eszkozok","7":"product_tag-bosch","9":"first","10":"instock","11":"taxable","12":"shipping-taxable","13":"product-type-simple"},"jetpack_sharing_enabled":true,"_links":{"self":[{"href":"https:\/\/bpont.hu\/shop\/index.php\/wp-json\/wp\/v2\/product\/5622","targetHints":{"allow":["GET"]}}],"collection":[{"href":"https:\/\/bpont.hu\/shop\/index.php\/wp-json\/wp\/v2\/product"}],"about":[{"href":"https:\/\/bpont.hu\/shop\/index.php\/wp-json\/wp\/v2\/types\/product"}],"version-history":[{"count":3,"href":"https:\/\/bpont.hu\/shop\/index.php\/wp-json\/wp\/v2\/product\/5622\/revisions"}],"predecessor-version":[{"id":8352,"href":"https:\/\/bpont.hu\/shop\/index.php\/wp-json\/wp\/v2\/product\/5622\/revisions\/8352"}],"wp:featuredmedia":[{"embeddable":true,"href":"https:\/\/bpont.hu\/shop\/index.php\/wp-json\/wp\/v2\/media\/5621"}],"wp:attachment":[{"href":"https:\/\/bpont.hu\/shop\/index.php\/wp-json\/wp\/v2\/media?parent=5622"}],"wp:term":[{"taxonomy":"product_brand","embeddable":true,"href":"https:\/\/bpont.hu\/shop\/index.php\/wp-json\/wp\/v2\/product_brand?post=5622"},{"taxonomy":"product_cat","embeddable":true,"href":"https:\/\/bpont.hu\/shop\/index.php\/wp-json\/wp\/v2\/product_cat?post=5622"},{"taxonomy":"product_tag","embeddable":true,"href":"https:\/\/bpont.hu\/shop\/index.php\/wp-json\/wp\/v2\/product_tag?post=5622"}],"curies":[{"name":"wp","href":"https:\/\/api.w.org\/{rel}","templated":true}]}}