{"id":5619,"date":"2025-08-04T09:28:28","date_gmt":"2025-08-04T08:28:28","guid":{"rendered":"https:\/\/bpont.hu\/shop\/index.php\/product\/sik-lathatatlan-erzekelo-hagyomanyos-optikai-fusterzekelo-szinezheto\/"},"modified":"2026-05-05T14:46:30","modified_gmt":"2026-05-05T12:46:30","slug":"sik-lathatatlan-erzekelo-hagyomanyos-optikai-fusterzekelo-szinezheto","status":"publish","type":"product","link":"https:\/\/bpont.hu\/shop\/index.php\/product\/sik-lathatatlan-erzekelo-hagyomanyos-optikai-fusterzekelo-szinezheto\/","title":{"rendered":"FCP-O 500-P<br>S\u00edk (l\u00e1thatatlan \u00e9rz\u00e9kel\u0151) Hagyom\u00e1nyos optikai f\u00fcst\u00e9rz\u00e9kel\u0151, sz\u00ednezhet\u0151"},"content":{"rendered":"<p>FCP-O 500-P<br \/>\nK\u00f6rnyezethez illeszthet\u0151 sz\u00ednes gy\u0171r\u0171kkel \u00e9s a teljesen s\u00edk fel\u00fclete miatt szinte l\u00e1thatatlann\u00e1 v\u00e1lik az \u00e9rz\u00e9kel\u0151.<br \/>\nF\u00fcstkamra n\u00e9lk\u00fcli kivitel, nem kell takar\u00edtani, poros (sil\u00f3k, fafeldolgoz\u00f3k\u2026) k\u00f6rnyezetben is j\u00f3l m\u0171k\u00f6dik.<br \/>\nTulajdons\u00e1gok:<br \/>\n&#8211; Modern, rendk\u00edv\u00fcl lapos kivitel<br \/>\n&#8211; A sz\u00edn\u00e1rnyal\u00f3 bet\u00e9tek seg\u00edts\u00e9g\u00e9vel a k\u00f6rnyezethez illeszthet\u0151<br \/>\n&#8211; Sima, k\u00f6nnyen tiszt\u00edthat\u00f3 \u00e9rz\u00e9kel\u0151fel\u00fclet<br \/>\n&#8211; Innovat\u00edv \u00e9rz\u00e9kel\u0151r\u00f6gz\u00edt\u00e9si mechanizm-s<br \/>\n&#8211; Nagy megb\u00edzhat\u00f3s\u00e1g<br \/>\nFCP-500 hagyom\u00e1nyos, automatikus t\u0171z\u00e9rz\u00e9kel\u0151k lapos kialak\u00edt\u00e1suknak, s\u00fcllyesztett mennyezeti elhelyez\u00e9s\u00fcknek \u00e9s sz\u00ednv\u00e1laszt\u00e1si lehet\u0151s\u00e9g\u00fckne k\u00f6sz\u00f6nhet\u0151en a legszigor\u00fabb eszt\u00e9tikai ig\u00e9nyeket is kiel\u00e9g\u00edtik. Az FCP-500 kaphat\u00f3 sz\u00f3rtf\u00e9ny\u00e9rz\u00e9kel\u0151 f\u00fcst\u00e9rz\u00e9kel\u0151k\u00e9nt, vagy kieg\u00e9sz\u00edt\u0151 \u00e9g\u00e9sg\u00e1z-\u00e9rz\u00e9kel\u0151vel felszerelt, multiszenzoros \u00e9rz\u00e9kel\u0151k\u00e9nt Az \u00e9rz\u00e9kel\u0151k feh\u00e9r sz\u00ednben vagy \u00e1tl\u00e1tsz\u00f3 kivitelben, sz\u00ednez\u0151bet\u00e9tekkel kaphat\u00f3k.<\/p>\n","protected":false},"excerpt":{"rendered":"<p>Rendel\u00e9si k\u00f3d: F.01U.510.654<\/p>\n","protected":false},"featured_media":5562,"template":"","meta":[],"product_brand":[],"product_cat":[403],"product_tag":[25],"class_list":{"0":"post-5619","1":"product","2":"type-product","3":"status-publish","4":"has-post-thumbnail","6":"product_cat-hagyomanyos-erzekelok-pontszeru-erzekelok-erzekelok-tuzjelzo-rendszerek","7":"product_tag-bosch","9":"first","10":"instock","11":"taxable","12":"shipping-taxable","13":"product-type-simple"},"jetpack_sharing_enabled":true,"_links":{"self":[{"href":"https:\/\/bpont.hu\/shop\/index.php\/wp-json\/wp\/v2\/product\/5619","targetHints":{"allow":["GET"]}}],"collection":[{"href":"https:\/\/bpont.hu\/shop\/index.php\/wp-json\/wp\/v2\/product"}],"about":[{"href":"https:\/\/bpont.hu\/shop\/index.php\/wp-json\/wp\/v2\/types\/product"}],"version-history":[{"count":3,"href":"https:\/\/bpont.hu\/shop\/index.php\/wp-json\/wp\/v2\/product\/5619\/revisions"}],"predecessor-version":[{"id":8350,"href":"https:\/\/bpont.hu\/shop\/index.php\/wp-json\/wp\/v2\/product\/5619\/revisions\/8350"}],"wp:featuredmedia":[{"embeddable":true,"href":"https:\/\/bpont.hu\/shop\/index.php\/wp-json\/wp\/v2\/media\/5562"}],"wp:attachment":[{"href":"https:\/\/bpont.hu\/shop\/index.php\/wp-json\/wp\/v2\/media?parent=5619"}],"wp:term":[{"taxonomy":"product_brand","embeddable":true,"href":"https:\/\/bpont.hu\/shop\/index.php\/wp-json\/wp\/v2\/product_brand?post=5619"},{"taxonomy":"product_cat","embeddable":true,"href":"https:\/\/bpont.hu\/shop\/index.php\/wp-json\/wp\/v2\/product_cat?post=5619"},{"taxonomy":"product_tag","embeddable":true,"href":"https:\/\/bpont.hu\/shop\/index.php\/wp-json\/wp\/v2\/product_tag?post=5619"}],"curies":[{"name":"wp","href":"https:\/\/api.w.org\/{rel}","templated":true}]}}