{"id":5615,"date":"2025-08-04T09:28:28","date_gmt":"2025-08-04T08:28:28","guid":{"rendered":"https:\/\/bpont.hu\/shop\/index.php\/product\/hagyomanyos-aljzat-fcp-500-hoz\/"},"modified":"2026-05-05T14:46:30","modified_gmt":"2026-05-05T12:46:30","slug":"hagyomanyos-aljzat-fcp-500-hoz","status":"publish","type":"product","link":"https:\/\/bpont.hu\/shop\/index.php\/product\/hagyomanyos-aljzat-fcp-500-hoz\/","title":{"rendered":"FCA-500-EU<br>Hagyom\u00e1nyos aljzat FCP-500-hoz"},"content":{"rendered":"<p>FCA-500-EU<br \/>\nFCA-500-E- hagyom\u00e1nyos aljza, tFCP-500 \u00e9rz\u00e9kel\u0151k telep\u00edt\u00e9s\u00e9hez.<br \/>\nF\u0151bb funkci\u00f3kA csavarozhat\u00f3 kapcsok garant\u00e1lj\u00e1k a biztons\u00e1goselektromos csatlakoz\u00e1st a cs\u00edptet\u0151aljzatokhoz FCP-500\u00e9rz\u00e9kel\u0151 telep\u00edt\u00e9se eset\u00e9n.<br \/>\nAz aljzatok h\u00e1rom k\u00e1belk\u00f6t\u00e9ssel felszereltek.<\/p>\n","protected":false},"excerpt":{"rendered":"<p>Rendel\u00e9si k\u00f3d: F.01U.510.647<\/p>\n","protected":false},"featured_media":5614,"template":"","meta":[],"product_brand":[],"product_cat":[403],"product_tag":[25],"class_list":{"0":"post-5615","1":"product","2":"type-product","3":"status-publish","4":"has-post-thumbnail","6":"product_cat-hagyomanyos-erzekelok-pontszeru-erzekelok-erzekelok-tuzjelzo-rendszerek","7":"product_tag-bosch","9":"first","10":"instock","11":"taxable","12":"shipping-taxable","13":"product-type-simple"},"jetpack_sharing_enabled":true,"_links":{"self":[{"href":"https:\/\/bpont.hu\/shop\/index.php\/wp-json\/wp\/v2\/product\/5615","targetHints":{"allow":["GET"]}}],"collection":[{"href":"https:\/\/bpont.hu\/shop\/index.php\/wp-json\/wp\/v2\/product"}],"about":[{"href":"https:\/\/bpont.hu\/shop\/index.php\/wp-json\/wp\/v2\/types\/product"}],"version-history":[{"count":3,"href":"https:\/\/bpont.hu\/shop\/index.php\/wp-json\/wp\/v2\/product\/5615\/revisions"}],"predecessor-version":[{"id":8346,"href":"https:\/\/bpont.hu\/shop\/index.php\/wp-json\/wp\/v2\/product\/5615\/revisions\/8346"}],"wp:featuredmedia":[{"embeddable":true,"href":"https:\/\/bpont.hu\/shop\/index.php\/wp-json\/wp\/v2\/media\/5614"}],"wp:attachment":[{"href":"https:\/\/bpont.hu\/shop\/index.php\/wp-json\/wp\/v2\/media?parent=5615"}],"wp:term":[{"taxonomy":"product_brand","embeddable":true,"href":"https:\/\/bpont.hu\/shop\/index.php\/wp-json\/wp\/v2\/product_brand?post=5615"},{"taxonomy":"product_cat","embeddable":true,"href":"https:\/\/bpont.hu\/shop\/index.php\/wp-json\/wp\/v2\/product_cat?post=5615"},{"taxonomy":"product_tag","embeddable":true,"href":"https:\/\/bpont.hu\/shop\/index.php\/wp-json\/wp\/v2\/product_tag?post=5615"}],"curies":[{"name":"wp","href":"https:\/\/api.w.org\/{rel}","templated":true}]}}