{"id":5607,"date":"2025-08-04T09:28:25","date_gmt":"2025-08-04T08:28:25","guid":{"rendered":"https:\/\/bpont.hu\/shop\/index.php\/product\/hagyomanyos-optikai-fusterzekelo-820%cf%89\/"},"modified":"2026-05-05T14:46:29","modified_gmt":"2026-05-05T12:46:29","slug":"hagyomanyos-optikai-fusterzekelo-820","status":"publish","type":"product","link":"https:\/\/bpont.hu\/shop\/index.php\/product\/hagyomanyos-optikai-fusterzekelo-820\/","title":{"rendered":"FCP-O320<br>Hagyom\u00e1nyos optikai f\u00fcst\u00e9rz\u00e9kel\u0151  (820 Ohm)"},"content":{"rendered":"<p>FCP-O320<br \/>\nAz optikai f\u00fcst\u00e9rz\u00e9kel\u0151 a sz\u00f3rt f\u00e9ny elv\u00e9t haszn\u00e1lja. Egy LED f\u00e9nyt bocs\u00e1t a m\u00e9r\u0151kamr\u00e1ba, amelyben annak labirintuskialak\u00edt\u00e1sa miatt elnyel\u0151dik. T\u0171z eset\u00e9n a m\u00e9r\u0151kamr\u00e1ba f\u00fcst ker\u00fcl, a LED f\u00e9ny\u00e9t a f\u00fcstr\u00e9szecsk\u00e9k sz\u00e9tsz\u00f3rj\u00e1k. A f\u00e9ny\u00e9rz\u00e9kel\u0151 di\u00f3d\u00e1t el\u00e9r\u0151 f\u00e9nymennyis\u00e9g egy vele ar\u00e1nyos elektromos jelet hoz l\u00e9tre. Az \u00e9rz\u00e9kel\u0151k jeleit folyamatosan ellen\u0151rzi a bels\u0151 jelfeldolgoz\u00f3 elektronika, az el\u0151re be\u00e1ll\u00edtott \u00e9rt\u00e9kek lapj\u00e1n eld\u00f6nti a riaszt\u00e1s t\u00e9ny\u00e9t.<br \/>\nAz \u00e9rz\u00e9kel\u0151 haszn\u00e1lhat\u00f3 behatol\u00e1s jelz\u0151 rendszerekhez MSR 320 rel\u00e9s aljzattal.<\/p>\n","protected":false},"excerpt":{"rendered":"<p>Rendel\u00e9si k\u00f3d: F.01U.026.293<\/p>\n","protected":false},"featured_media":5606,"template":"","meta":[],"product_brand":[],"product_cat":[403],"product_tag":[25],"class_list":{"0":"post-5607","1":"product","2":"type-product","3":"status-publish","4":"has-post-thumbnail","6":"product_cat-hagyomanyos-erzekelok-pontszeru-erzekelok-erzekelok-tuzjelzo-rendszerek","7":"product_tag-bosch","9":"first","10":"instock","11":"taxable","12":"shipping-taxable","13":"product-type-simple"},"jetpack_sharing_enabled":true,"_links":{"self":[{"href":"https:\/\/bpont.hu\/shop\/index.php\/wp-json\/wp\/v2\/product\/5607","targetHints":{"allow":["GET"]}}],"collection":[{"href":"https:\/\/bpont.hu\/shop\/index.php\/wp-json\/wp\/v2\/product"}],"about":[{"href":"https:\/\/bpont.hu\/shop\/index.php\/wp-json\/wp\/v2\/types\/product"}],"version-history":[{"count":4,"href":"https:\/\/bpont.hu\/shop\/index.php\/wp-json\/wp\/v2\/product\/5607\/revisions"}],"predecessor-version":[{"id":9749,"href":"https:\/\/bpont.hu\/shop\/index.php\/wp-json\/wp\/v2\/product\/5607\/revisions\/9749"}],"wp:featuredmedia":[{"embeddable":true,"href":"https:\/\/bpont.hu\/shop\/index.php\/wp-json\/wp\/v2\/media\/5606"}],"wp:attachment":[{"href":"https:\/\/bpont.hu\/shop\/index.php\/wp-json\/wp\/v2\/media?parent=5607"}],"wp:term":[{"taxonomy":"product_brand","embeddable":true,"href":"https:\/\/bpont.hu\/shop\/index.php\/wp-json\/wp\/v2\/product_brand?post=5607"},{"taxonomy":"product_cat","embeddable":true,"href":"https:\/\/bpont.hu\/shop\/index.php\/wp-json\/wp\/v2\/product_cat?post=5607"},{"taxonomy":"product_tag","embeddable":true,"href":"https:\/\/bpont.hu\/shop\/index.php\/wp-json\/wp\/v2\/product_tag?post=5607"}],"curies":[{"name":"wp","href":"https:\/\/api.w.org\/{rel}","templated":true}]}}