{"id":5601,"date":"2025-08-04T09:28:24","date_gmt":"2025-08-04T08:28:24","guid":{"rendered":"https:\/\/bpont.hu\/shop\/index.php\/product\/futoelem-erzekelo-ala-szerelheto\/"},"modified":"2026-05-05T14:46:29","modified_gmt":"2026-05-05T12:46:29","slug":"futoelem-erzekelo-ala-szerelheto","status":"publish","type":"product","link":"https:\/\/bpont.hu\/shop\/index.php\/product\/futoelem-erzekelo-ala-szerelheto\/","title":{"rendered":"MH 400<br>F\u0171t\u0151elem, \u00e9rz\u00e9kel\u0151 al\u00e1 szerelhet\u0151"},"content":{"rendered":"<p>MH 400<br \/>\nAz MH 400 \u00e9rz\u00e9kel\u0151f\u0171t\u0151 elem olyan helyeken lehethasznos, ahol az \u00e9rz\u00e9kel\u0151 megb\u00edzhat\u00f3 m\u0171k\u00f6d\u00e9s\u00e9tp\u00e1ralecsap\u00f3d\u00e1s cs\u00f6kkentheti, pl. olyan rakt\u00e1rban, amelyetr\u00f6vid id\u0151re nyitnak ki j\u00e1rm\u0171vek ki- \u00e9s behajt\u00e1sa c\u00e9lj\u00e1b\u00f3l.<\/p>\n","protected":false},"excerpt":{"rendered":"<p>Rendel\u00e9si k\u00f3d: 4998025373<\/p>\n","protected":false},"featured_media":5600,"template":"","meta":[],"product_brand":[],"product_cat":[379],"product_tag":[25],"class_list":{"0":"post-5601","1":"product","2":"type-product","3":"status-publish","4":"has-post-thumbnail","6":"product_cat-pontszeru-erzekelo-kiegeszitok","7":"product_tag-bosch","9":"first","10":"instock","11":"taxable","12":"shipping-taxable","13":"product-type-simple"},"jetpack_sharing_enabled":true,"_links":{"self":[{"href":"https:\/\/bpont.hu\/shop\/index.php\/wp-json\/wp\/v2\/product\/5601","targetHints":{"allow":["GET"]}}],"collection":[{"href":"https:\/\/bpont.hu\/shop\/index.php\/wp-json\/wp\/v2\/product"}],"about":[{"href":"https:\/\/bpont.hu\/shop\/index.php\/wp-json\/wp\/v2\/types\/product"}],"version-history":[{"count":3,"href":"https:\/\/bpont.hu\/shop\/index.php\/wp-json\/wp\/v2\/product\/5601\/revisions"}],"predecessor-version":[{"id":8339,"href":"https:\/\/bpont.hu\/shop\/index.php\/wp-json\/wp\/v2\/product\/5601\/revisions\/8339"}],"wp:featuredmedia":[{"embeddable":true,"href":"https:\/\/bpont.hu\/shop\/index.php\/wp-json\/wp\/v2\/media\/5600"}],"wp:attachment":[{"href":"https:\/\/bpont.hu\/shop\/index.php\/wp-json\/wp\/v2\/media?parent=5601"}],"wp:term":[{"taxonomy":"product_brand","embeddable":true,"href":"https:\/\/bpont.hu\/shop\/index.php\/wp-json\/wp\/v2\/product_brand?post=5601"},{"taxonomy":"product_cat","embeddable":true,"href":"https:\/\/bpont.hu\/shop\/index.php\/wp-json\/wp\/v2\/product_cat?post=5601"},{"taxonomy":"product_tag","embeddable":true,"href":"https:\/\/bpont.hu\/shop\/index.php\/wp-json\/wp\/v2\/product_tag?post=5601"}],"curies":[{"name":"wp","href":"https:\/\/api.w.org\/{rel}","templated":true}]}}