{"id":5599,"date":"2025-08-04T09:28:24","date_gmt":"2025-08-04T08:28:24","guid":{"rendered":"https:\/\/bpont.hu\/shop\/index.php\/product\/jelolo-tabla-matricahoz-8-m-ig-50-db-csom-min-rendeles-1-csomag\/"},"modified":"2026-05-05T14:46:29","modified_gmt":"2026-05-05T12:46:29","slug":"jelolo-tabla-matricahoz-8-m-ig-50-db-csom-min-rendeles-1-csomag","status":"publish","type":"product","link":"https:\/\/bpont.hu\/shop\/index.php\/product\/jelolo-tabla-matricahoz-8-m-ig-50-db-csom-min-rendeles-1-csomag\/","title":{"rendered":"TP8 400<br>Jel\u00f6l\u0151 t\u00e1bla matric\u00e1hoz 8 m-ig, (50 db\/csom) min. rendel\u00e9s 1 csomag"},"content":{"rendered":"<p>TP8 400<br \/>\n\u00c9rz\u00e9kel\u0151 aljzat al\u00e1 szerelhet\u0151.<br \/>\nA tart\u00f3lemez 1,8 mm vastag ABS m\u0171anyagb\u00f3l k\u00e9sz\u00fcl (Novodur, sz\u00edne az RAL 9010-hez hasonl\u00f3), \u00e9s az \u00e9rz\u00e9kel\u0151aljzat, valamint a plafon k\u00f6z\u00e9 cs\u00edptethet\u0151.<br \/>\n97 x 44 mm m\u00e9ret\u0171 \u00f6ntapad\u00f3 c\u00edmke helyezhet\u0151 el.<br \/>\nAz \u00e1r 1db-ra vonatkozik, a legkisebb megrendelhet\u0151 mennyis\u00e9g 50db (1 csomag).<\/p>\n","protected":false},"excerpt":{"rendered":"<p>Rendel\u00e9si k\u00f3d: 4.998.084.710<\/p>\n","protected":false},"featured_media":5597,"template":"","meta":[],"product_brand":[],"product_cat":[379],"product_tag":[25],"class_list":{"0":"post-5599","1":"product","2":"type-product","3":"status-publish","4":"has-post-thumbnail","6":"product_cat-pontszeru-erzekelo-kiegeszitok","7":"product_tag-bosch","9":"first","10":"instock","11":"taxable","12":"shipping-taxable","13":"product-type-simple"},"jetpack_sharing_enabled":true,"_links":{"self":[{"href":"https:\/\/bpont.hu\/shop\/index.php\/wp-json\/wp\/v2\/product\/5599","targetHints":{"allow":["GET"]}}],"collection":[{"href":"https:\/\/bpont.hu\/shop\/index.php\/wp-json\/wp\/v2\/product"}],"about":[{"href":"https:\/\/bpont.hu\/shop\/index.php\/wp-json\/wp\/v2\/types\/product"}],"version-history":[{"count":3,"href":"https:\/\/bpont.hu\/shop\/index.php\/wp-json\/wp\/v2\/product\/5599\/revisions"}],"predecessor-version":[{"id":8338,"href":"https:\/\/bpont.hu\/shop\/index.php\/wp-json\/wp\/v2\/product\/5599\/revisions\/8338"}],"wp:featuredmedia":[{"embeddable":true,"href":"https:\/\/bpont.hu\/shop\/index.php\/wp-json\/wp\/v2\/media\/5597"}],"wp:attachment":[{"href":"https:\/\/bpont.hu\/shop\/index.php\/wp-json\/wp\/v2\/media?parent=5599"}],"wp:term":[{"taxonomy":"product_brand","embeddable":true,"href":"https:\/\/bpont.hu\/shop\/index.php\/wp-json\/wp\/v2\/product_brand?post=5599"},{"taxonomy":"product_cat","embeddable":true,"href":"https:\/\/bpont.hu\/shop\/index.php\/wp-json\/wp\/v2\/product_cat?post=5599"},{"taxonomy":"product_tag","embeddable":true,"href":"https:\/\/bpont.hu\/shop\/index.php\/wp-json\/wp\/v2\/product_tag?post=5599"}],"curies":[{"name":"wp","href":"https:\/\/api.w.org\/{rel}","templated":true}]}}