{"id":5596,"date":"2025-08-04T09:28:23","date_gmt":"2025-08-04T08:28:23","guid":{"rendered":"https:\/\/bpont.hu\/shop\/index.php\/product\/porvedo-sapka-erzekelokhoz-10-db-csomag-min-rendeles-1-csomag\/"},"modified":"2026-05-05T14:46:29","modified_gmt":"2026-05-05T12:46:29","slug":"porvedo-sapka-erzekelokhoz-10-db-csomag-min-rendeles-1-csomag","status":"publish","type":"product","link":"https:\/\/bpont.hu\/shop\/index.php\/product\/porvedo-sapka-erzekelokhoz-10-db-csomag-min-rendeles-1-csomag\/","title":{"rendered":"SSK400<br>Porv\u00e9d\u0151 sapka \u00e9rz\u00e9kel\u0151kh\u00f6z (10 db\/csomag), min. rendel\u00e9s 1 csomag"},"content":{"rendered":"<p>SSK400<br \/>\n\u00c9rz\u00e9kel\u0151 v\u00e9d\u0151-sapka, \u00e1talak\u00edt\u00e1sok, fest\u00e9s, poros munk\u00e1latok eset\u00e9re ideiglenes kitakar\u00e1sra haszn\u00e1lhat\u00f3.<\/p>\n","protected":false},"excerpt":{"rendered":"<p>Rendel\u00e9si k\u00f3d: 4.998.035.312<\/p>\n","protected":false},"featured_media":5595,"template":"","meta":[],"product_brand":[],"product_cat":[379],"product_tag":[25],"class_list":{"0":"post-5596","1":"product","2":"type-product","3":"status-publish","4":"has-post-thumbnail","6":"product_cat-pontszeru-erzekelo-kiegeszitok","7":"product_tag-bosch","9":"first","10":"instock","11":"taxable","12":"shipping-taxable","13":"product-type-simple"},"jetpack_sharing_enabled":true,"_links":{"self":[{"href":"https:\/\/bpont.hu\/shop\/index.php\/wp-json\/wp\/v2\/product\/5596","targetHints":{"allow":["GET"]}}],"collection":[{"href":"https:\/\/bpont.hu\/shop\/index.php\/wp-json\/wp\/v2\/product"}],"about":[{"href":"https:\/\/bpont.hu\/shop\/index.php\/wp-json\/wp\/v2\/types\/product"}],"version-history":[{"count":3,"href":"https:\/\/bpont.hu\/shop\/index.php\/wp-json\/wp\/v2\/product\/5596\/revisions"}],"predecessor-version":[{"id":8336,"href":"https:\/\/bpont.hu\/shop\/index.php\/wp-json\/wp\/v2\/product\/5596\/revisions\/8336"}],"wp:featuredmedia":[{"embeddable":true,"href":"https:\/\/bpont.hu\/shop\/index.php\/wp-json\/wp\/v2\/media\/5595"}],"wp:attachment":[{"href":"https:\/\/bpont.hu\/shop\/index.php\/wp-json\/wp\/v2\/media?parent=5596"}],"wp:term":[{"taxonomy":"product_brand","embeddable":true,"href":"https:\/\/bpont.hu\/shop\/index.php\/wp-json\/wp\/v2\/product_brand?post=5596"},{"taxonomy":"product_cat","embeddable":true,"href":"https:\/\/bpont.hu\/shop\/index.php\/wp-json\/wp\/v2\/product_cat?post=5596"},{"taxonomy":"product_tag","embeddable":true,"href":"https:\/\/bpont.hu\/shop\/index.php\/wp-json\/wp\/v2\/product_tag?post=5596"}],"curies":[{"name":"wp","href":"https:\/\/api.w.org\/{rel}","templated":true}]}}