{"id":5594,"date":"2025-08-04T09:28:23","date_gmt":"2025-08-04T08:28:23","guid":{"rendered":"https:\/\/bpont.hu\/shop\/index.php\/product\/fem-racs-erzekelok-mechanikai-vedelemere\/"},"modified":"2026-05-05T14:46:29","modified_gmt":"2026-05-05T12:46:29","slug":"fem-racs-erzekelok-mechanikai-vedelemere","status":"publish","type":"product","link":"https:\/\/bpont.hu\/shop\/index.php\/product\/fem-racs-erzekelok-mechanikai-vedelemere\/","title":{"rendered":"SK 400<br>F\u00e9m r\u00e1cs, \u00e9rz\u00e9kel\u0151k mechanikai v\u00e9delem\u00e9re"},"content":{"rendered":"<p>SK 400<br \/>\nA v\u00e9d\u0151 kos\u00e1r megakad\u00e1lyozza pl. egy sportcsarnokban, hogy a labd\u00e1k meg\u00fctnek \u00e9s k\u00e1ros\u00edtj\u00e1k az \u00e9rz\u00e9kel\u0151t.<br \/>\nA robusztus v\u00e9d\u0151 kos\u00e1r 5 mm-es k\u00f6rgy\u0171r\u0171b\u0151l \u00e1ll, \u00e9s festett alum\u00edniumsz\u00fcrke (RAL 9007).<br \/>\n\u00c1tm\u00e9r\u0151 (max.): 148 mmMagass\u00e1g: 75 mm<\/p>\n","protected":false},"excerpt":{"rendered":"<p>Rendel\u00e9si k\u00f3d: 4.998.025.369<\/p>\n","protected":false},"featured_media":5593,"template":"","meta":[],"product_brand":[],"product_cat":[379],"product_tag":[25],"class_list":{"0":"post-5594","1":"product","2":"type-product","3":"status-publish","4":"has-post-thumbnail","6":"product_cat-pontszeru-erzekelo-kiegeszitok","7":"product_tag-bosch","9":"first","10":"instock","11":"taxable","12":"shipping-taxable","13":"product-type-simple"},"jetpack_sharing_enabled":true,"_links":{"self":[{"href":"https:\/\/bpont.hu\/shop\/index.php\/wp-json\/wp\/v2\/product\/5594","targetHints":{"allow":["GET"]}}],"collection":[{"href":"https:\/\/bpont.hu\/shop\/index.php\/wp-json\/wp\/v2\/product"}],"about":[{"href":"https:\/\/bpont.hu\/shop\/index.php\/wp-json\/wp\/v2\/types\/product"}],"version-history":[{"count":3,"href":"https:\/\/bpont.hu\/shop\/index.php\/wp-json\/wp\/v2\/product\/5594\/revisions"}],"predecessor-version":[{"id":8335,"href":"https:\/\/bpont.hu\/shop\/index.php\/wp-json\/wp\/v2\/product\/5594\/revisions\/8335"}],"wp:featuredmedia":[{"embeddable":true,"href":"https:\/\/bpont.hu\/shop\/index.php\/wp-json\/wp\/v2\/media\/5593"}],"wp:attachment":[{"href":"https:\/\/bpont.hu\/shop\/index.php\/wp-json\/wp\/v2\/media?parent=5594"}],"wp:term":[{"taxonomy":"product_brand","embeddable":true,"href":"https:\/\/bpont.hu\/shop\/index.php\/wp-json\/wp\/v2\/product_brand?post=5594"},{"taxonomy":"product_cat","embeddable":true,"href":"https:\/\/bpont.hu\/shop\/index.php\/wp-json\/wp\/v2\/product_cat?post=5594"},{"taxonomy":"product_tag","embeddable":true,"href":"https:\/\/bpont.hu\/shop\/index.php\/wp-json\/wp\/v2\/product_tag?post=5594"}],"curies":[{"name":"wp","href":"https:\/\/api.w.org\/{rel}","templated":true}]}}