{"id":5592,"date":"2025-08-04T09:28:22","date_gmt":"2025-08-04T08:28:22","guid":{"rendered":"https:\/\/bpont.hu\/shop\/index.php\/product\/reles-hagyomanyos-erzekelo-aljzat\/"},"modified":"2026-05-05T14:46:29","modified_gmt":"2026-05-05T12:46:29","slug":"reles-hagyomanyos-erzekelo-aljzat","status":"publish","type":"product","link":"https:\/\/bpont.hu\/shop\/index.php\/product\/reles-hagyomanyos-erzekelo-aljzat\/","title":{"rendered":"MSR 320<br>Rel\u00e9s Hagyom\u00e1nyos \u00c9rz\u00e9kel\u0151 Aljzat"},"content":{"rendered":"<p>MSR 320<br \/>\nA brit szabv\u00e1nynak megfelel\u0151 haszn\u00e1lat eset\u00e9n, a 320-as sorozat\u00fa \u00e9rz\u00e9kel\u0151t a hagyom\u00e1nyos, rel\u00e9vel ell\u00e1tott MSR 320 GLT \u00e9rz\u00e9kel\u0151aljzatra kell felszerelni.<\/p>\n","protected":false},"excerpt":{"rendered":"<p>Rendel\u00e9si k\u00f3d: 4.998.114.565<\/p>\n","protected":false},"featured_media":5591,"template":"","meta":[],"product_brand":[],"product_cat":[379],"product_tag":[25],"class_list":{"0":"post-5592","1":"product","2":"type-product","3":"status-publish","4":"has-post-thumbnail","6":"product_cat-pontszeru-erzekelo-kiegeszitok","7":"product_tag-bosch","9":"first","10":"instock","11":"taxable","12":"shipping-taxable","13":"product-type-simple"},"jetpack_sharing_enabled":true,"_links":{"self":[{"href":"https:\/\/bpont.hu\/shop\/index.php\/wp-json\/wp\/v2\/product\/5592","targetHints":{"allow":["GET"]}}],"collection":[{"href":"https:\/\/bpont.hu\/shop\/index.php\/wp-json\/wp\/v2\/product"}],"about":[{"href":"https:\/\/bpont.hu\/shop\/index.php\/wp-json\/wp\/v2\/types\/product"}],"version-history":[{"count":3,"href":"https:\/\/bpont.hu\/shop\/index.php\/wp-json\/wp\/v2\/product\/5592\/revisions"}],"predecessor-version":[{"id":8334,"href":"https:\/\/bpont.hu\/shop\/index.php\/wp-json\/wp\/v2\/product\/5592\/revisions\/8334"}],"wp:featuredmedia":[{"embeddable":true,"href":"https:\/\/bpont.hu\/shop\/index.php\/wp-json\/wp\/v2\/media\/5591"}],"wp:attachment":[{"href":"https:\/\/bpont.hu\/shop\/index.php\/wp-json\/wp\/v2\/media?parent=5592"}],"wp:term":[{"taxonomy":"product_brand","embeddable":true,"href":"https:\/\/bpont.hu\/shop\/index.php\/wp-json\/wp\/v2\/product_brand?post=5592"},{"taxonomy":"product_cat","embeddable":true,"href":"https:\/\/bpont.hu\/shop\/index.php\/wp-json\/wp\/v2\/product_cat?post=5592"},{"taxonomy":"product_tag","embeddable":true,"href":"https:\/\/bpont.hu\/shop\/index.php\/wp-json\/wp\/v2\/product_tag?post=5592"}],"curies":[{"name":"wp","href":"https:\/\/api.w.org\/{rel}","templated":true}]}}