{"id":5587,"date":"2025-08-04T09:28:21","date_gmt":"2025-08-04T08:28:21","guid":{"rendered":"https:\/\/bpont.hu\/shop\/index.php\/product\/erzekelo-aljzat-2-vezetekes\/"},"modified":"2026-05-05T14:46:29","modified_gmt":"2026-05-05T12:46:29","slug":"erzekelo-aljzat-2-vezetekes","status":"publish","type":"product","link":"https:\/\/bpont.hu\/shop\/index.php\/product\/erzekelo-aljzat-2-vezetekes\/","title":{"rendered":"MS 400<br>\u00c9rz\u00e9kel\u0151-aljzat 2 vezet\u00e9kes"},"content":{"rendered":"<p>MS 400<br \/>\nAz aljzat egyar\u00e1nt alkalmas falon k\u00edv\u00fcli \u00e9s s\u00fcllyesztettk\u00e1belvezet\u00e9shez, \u00e9s k\u00fcl\u00f6n szerel\u0151furatokkalrendelkezik plafonra szerel\u00e9shez vagy s\u00fcllyesztettdobozba \u00e9p\u00edt\u00e9shez. Ezen k\u00edv\u00fcl illeszkedik mindenszabv\u00e1nyos furatt\u00edpushoz.Az \u00e9rz\u00e9kel\u0151aljzat feh\u00e9r ABS m\u0171anyagb\u00f3l k\u00e9sz\u00fclt,(Novodur, a RAL 9010-hez hasonl\u00f3 sz\u00edn\u0171), fel\u00fcletematt, \u00e9s h\u00e9t csavarkapoccsal csatlakoztathat\u00f3 at\u0171zjelz\u0151 k\u00f6zponthoz.Csatlakoz\u00f3 \u00e9rintkez\u0151k garant\u00e1lj\u00e1k a k\u00e1bel \u00e9s az\u00e9rz\u00e9kel\u0151 k\u00f6z\u00f6tti biztons\u00e1gos elektromos kapcsolat<br \/>\nKompatibilit\u00e1s:<br \/>\n&#8211; AVENAR Detector 4000<br \/>\n&#8211; 420 Sz\u00e9ria LSNi<br \/>\n&#8211; 400 Sz\u00e9ria LSN<br \/>\n&#8211; 300 Sz\u00e9ria (hagyom\u00e1nyos)<\/p>\n","protected":false},"excerpt":{"rendered":"<p>Rendel\u00e9si k\u00f3d: 4.998.021.535<\/p>\n","protected":false},"featured_media":5586,"template":"","meta":[],"product_brand":[],"product_cat":[379],"product_tag":[25],"class_list":{"0":"post-5587","1":"product","2":"type-product","3":"status-publish","4":"has-post-thumbnail","6":"product_cat-pontszeru-erzekelo-kiegeszitok","7":"product_tag-bosch","9":"first","10":"instock","11":"taxable","12":"shipping-taxable","13":"product-type-simple"},"jetpack_sharing_enabled":true,"_links":{"self":[{"href":"https:\/\/bpont.hu\/shop\/index.php\/wp-json\/wp\/v2\/product\/5587","targetHints":{"allow":["GET"]}}],"collection":[{"href":"https:\/\/bpont.hu\/shop\/index.php\/wp-json\/wp\/v2\/product"}],"about":[{"href":"https:\/\/bpont.hu\/shop\/index.php\/wp-json\/wp\/v2\/types\/product"}],"version-history":[{"count":3,"href":"https:\/\/bpont.hu\/shop\/index.php\/wp-json\/wp\/v2\/product\/5587\/revisions"}],"predecessor-version":[{"id":8331,"href":"https:\/\/bpont.hu\/shop\/index.php\/wp-json\/wp\/v2\/product\/5587\/revisions\/8331"}],"wp:featuredmedia":[{"embeddable":true,"href":"https:\/\/bpont.hu\/shop\/index.php\/wp-json\/wp\/v2\/media\/5586"}],"wp:attachment":[{"href":"https:\/\/bpont.hu\/shop\/index.php\/wp-json\/wp\/v2\/media?parent=5587"}],"wp:term":[{"taxonomy":"product_brand","embeddable":true,"href":"https:\/\/bpont.hu\/shop\/index.php\/wp-json\/wp\/v2\/product_brand?post=5587"},{"taxonomy":"product_cat","embeddable":true,"href":"https:\/\/bpont.hu\/shop\/index.php\/wp-json\/wp\/v2\/product_cat?post=5587"},{"taxonomy":"product_tag","embeddable":true,"href":"https:\/\/bpont.hu\/shop\/index.php\/wp-json\/wp\/v2\/product_tag?post=5587"}],"curies":[{"name":"wp","href":"https:\/\/api.w.org\/{rel}","templated":true}]}}