{"id":5584,"date":"2025-08-04T09:28:21","date_gmt":"2025-08-04T08:28:21","guid":{"rendered":"https:\/\/bpont.hu\/shop\/index.php\/product\/rugo-beton-fa-mennyezethez-fap-500-es-fcp-500-hoz\/"},"modified":"2026-03-11T16:40:32","modified_gmt":"2026-03-11T14:40:32","slug":"rugo-beton-fa-mennyezethez-fap-500-es-fcp-500-hoz","status":"publish","type":"product","link":"https:\/\/bpont.hu\/shop\/index.php\/product\/rugo-beton-fa-mennyezethez-fap-500-es-fcp-500-hoz\/","title":{"rendered":"FAA-500-SPRING<br>Rug\u00f3 beton \/ fa mennyezethez FAP 500 \u00e9s FCP 500-hoz"},"content":{"rendered":"<p>FAA-500-SPRING<br \/>\nRug\u00f3 a beton-\/fa-mennyezethez, rezg\u00e9s csillap\u00edt\u00e1sra<\/p>\n","protected":false},"excerpt":{"rendered":"<p>Rendel\u00e9si k\u00f3d: F.01U.510.028<\/p>\n","protected":false},"featured_media":5583,"template":"","meta":[],"product_brand":[],"product_cat":[379],"product_tag":[25],"class_list":{"0":"post-5584","1":"product","2":"type-product","3":"status-publish","4":"has-post-thumbnail","6":"product_cat-pontszeru-erzekelo-kiegeszitok","7":"product_tag-bosch","9":"first","10":"instock","11":"taxable","12":"shipping-taxable","13":"purchasable","14":"product-type-simple"},"jetpack_sharing_enabled":true,"_links":{"self":[{"href":"https:\/\/bpont.hu\/shop\/index.php\/wp-json\/wp\/v2\/product\/5584","targetHints":{"allow":["GET"]}}],"collection":[{"href":"https:\/\/bpont.hu\/shop\/index.php\/wp-json\/wp\/v2\/product"}],"about":[{"href":"https:\/\/bpont.hu\/shop\/index.php\/wp-json\/wp\/v2\/types\/product"}],"version-history":[{"count":3,"href":"https:\/\/bpont.hu\/shop\/index.php\/wp-json\/wp\/v2\/product\/5584\/revisions"}],"predecessor-version":[{"id":8329,"href":"https:\/\/bpont.hu\/shop\/index.php\/wp-json\/wp\/v2\/product\/5584\/revisions\/8329"}],"wp:featuredmedia":[{"embeddable":true,"href":"https:\/\/bpont.hu\/shop\/index.php\/wp-json\/wp\/v2\/media\/5583"}],"wp:attachment":[{"href":"https:\/\/bpont.hu\/shop\/index.php\/wp-json\/wp\/v2\/media?parent=5584"}],"wp:term":[{"taxonomy":"product_brand","embeddable":true,"href":"https:\/\/bpont.hu\/shop\/index.php\/wp-json\/wp\/v2\/product_brand?post=5584"},{"taxonomy":"product_cat","embeddable":true,"href":"https:\/\/bpont.hu\/shop\/index.php\/wp-json\/wp\/v2\/product_cat?post=5584"},{"taxonomy":"product_tag","embeddable":true,"href":"https:\/\/bpont.hu\/shop\/index.php\/wp-json\/wp\/v2\/product_tag?post=5584"}],"curies":[{"name":"wp","href":"https:\/\/api.w.org\/{rel}","templated":true}]}}