{"id":5582,"date":"2025-08-04T09:28:20","date_gmt":"2025-08-04T08:28:20","guid":{"rendered":"https:\/\/bpont.hu\/shop\/index.php\/product\/feluletre-szerelheto-hatoldali-doboz-porvedo-tomitessel-fap-500-es-fcp-500-hoz\/"},"modified":"2026-05-05T14:46:29","modified_gmt":"2026-05-05T12:46:29","slug":"feluletre-szerelheto-hatoldali-doboz-porvedo-tomitessel-fap-500-es-fcp-500-hoz","status":"publish","type":"product","link":"https:\/\/bpont.hu\/shop\/index.php\/product\/feluletre-szerelheto-hatoldali-doboz-porvedo-tomitessel-fap-500-es-fcp-500-hoz\/","title":{"rendered":"FAA-500-SB-H<br>Fel\u00fcletre szerelhet\u0151 h\u00e1toldali doboz porv\u00e9d\u0151 t\u00f6m\u00edt\u00e9ssel FAP 500 \u00e9s FCP 500-hoz"},"content":{"rendered":"<p>FAA-500-SB-H<br \/>\nEz haszn\u00e1lhat\u00f3 a mennyezeti szerel\u0151dobozok helyett.<br \/>\nA falon k\u00edv\u00fcli szerel\u0151dobozok falon k\u00edv\u00fcl illetve falba s\u00fcllyesztett szerel\u00e9s\u0171 k\u00e1belez\u00e9shez vannak tervezve.<br \/>\nAz FAA500-SB-H kieg\u00e9sz\u00edt\u0151 szigetel\u0151vel rendelkezik p\u00e1r\u00e1s helyis\u00e9gekhez.<\/p>\n","protected":false},"excerpt":{"rendered":"<p>Rendel\u00e9si k\u00f3d: F.01U.510.166<\/p>\n","protected":false},"featured_media":5581,"template":"","meta":[],"product_brand":[],"product_cat":[379],"product_tag":[25],"class_list":{"0":"post-5582","1":"product","2":"type-product","3":"status-publish","4":"has-post-thumbnail","6":"product_cat-pontszeru-erzekelo-kiegeszitok","7":"product_tag-bosch","9":"first","10":"instock","11":"taxable","12":"shipping-taxable","13":"product-type-simple"},"jetpack_sharing_enabled":true,"_links":{"self":[{"href":"https:\/\/bpont.hu\/shop\/index.php\/wp-json\/wp\/v2\/product\/5582","targetHints":{"allow":["GET"]}}],"collection":[{"href":"https:\/\/bpont.hu\/shop\/index.php\/wp-json\/wp\/v2\/product"}],"about":[{"href":"https:\/\/bpont.hu\/shop\/index.php\/wp-json\/wp\/v2\/types\/product"}],"version-history":[{"count":3,"href":"https:\/\/bpont.hu\/shop\/index.php\/wp-json\/wp\/v2\/product\/5582\/revisions"}],"predecessor-version":[{"id":8328,"href":"https:\/\/bpont.hu\/shop\/index.php\/wp-json\/wp\/v2\/product\/5582\/revisions\/8328"}],"wp:featuredmedia":[{"embeddable":true,"href":"https:\/\/bpont.hu\/shop\/index.php\/wp-json\/wp\/v2\/media\/5581"}],"wp:attachment":[{"href":"https:\/\/bpont.hu\/shop\/index.php\/wp-json\/wp\/v2\/media?parent=5582"}],"wp:term":[{"taxonomy":"product_brand","embeddable":true,"href":"https:\/\/bpont.hu\/shop\/index.php\/wp-json\/wp\/v2\/product_brand?post=5582"},{"taxonomy":"product_cat","embeddable":true,"href":"https:\/\/bpont.hu\/shop\/index.php\/wp-json\/wp\/v2\/product_cat?post=5582"},{"taxonomy":"product_tag","embeddable":true,"href":"https:\/\/bpont.hu\/shop\/index.php\/wp-json\/wp\/v2\/product_tag?post=5582"}],"curies":[{"name":"wp","href":"https:\/\/api.w.org\/{rel}","templated":true}]}}