{"id":5578,"date":"2025-08-04T09:28:15","date_gmt":"2025-08-04T08:28:15","guid":{"rendered":"https:\/\/bpont.hu\/shop\/index.php\/product\/szinezheto-keret-fap-500xxp-hez-fcp-500xxp-hez\/"},"modified":"2026-05-05T14:46:29","modified_gmt":"2026-05-05T12:46:29","slug":"szinezheto-keret-fap-500xxp-hez-fcp-500xxp-hez","status":"publish","type":"product","link":"https:\/\/bpont.hu\/shop\/index.php\/product\/szinezheto-keret-fap-500xxp-hez-fcp-500xxp-hez\/","title":{"rendered":"FAA-500-TR-P<br>Sz\u00ednezhet\u0151 keret FAP 500xxP-hez FCP 500xxP-hez"},"content":{"rendered":"<p>FAA-500-TR-P<br \/>\nSz\u00ednes, el\u0151re legy\u00e1rtott k\u0151r-alak\u00fa bet\u00e9tekkel a helysz\u00ednen illeszthet\u0151 az \u00e9rz\u00e9kel\u0151 sz\u00edne, \u00edgy szinte teljesen l\u00e1thatatlann\u00e1 v\u00e1lik.<\/p>\n","protected":false},"excerpt":{"rendered":"<p>Rendel\u00e9si k\u00f3d: 4.998.151.296<\/p>\n","protected":false},"featured_media":5577,"template":"","meta":[],"product_brand":[],"product_cat":[379],"product_tag":[25],"class_list":{"0":"post-5578","1":"product","2":"type-product","3":"status-publish","4":"has-post-thumbnail","6":"product_cat-pontszeru-erzekelo-kiegeszitok","7":"product_tag-bosch","9":"first","10":"instock","11":"taxable","12":"shipping-taxable","13":"product-type-simple"},"jetpack_sharing_enabled":true,"_links":{"self":[{"href":"https:\/\/bpont.hu\/shop\/index.php\/wp-json\/wp\/v2\/product\/5578","targetHints":{"allow":["GET"]}}],"collection":[{"href":"https:\/\/bpont.hu\/shop\/index.php\/wp-json\/wp\/v2\/product"}],"about":[{"href":"https:\/\/bpont.hu\/shop\/index.php\/wp-json\/wp\/v2\/types\/product"}],"version-history":[{"count":3,"href":"https:\/\/bpont.hu\/shop\/index.php\/wp-json\/wp\/v2\/product\/5578\/revisions"}],"predecessor-version":[{"id":8326,"href":"https:\/\/bpont.hu\/shop\/index.php\/wp-json\/wp\/v2\/product\/5578\/revisions\/8326"}],"wp:featuredmedia":[{"embeddable":true,"href":"https:\/\/bpont.hu\/shop\/index.php\/wp-json\/wp\/v2\/media\/5577"}],"wp:attachment":[{"href":"https:\/\/bpont.hu\/shop\/index.php\/wp-json\/wp\/v2\/media?parent=5578"}],"wp:term":[{"taxonomy":"product_brand","embeddable":true,"href":"https:\/\/bpont.hu\/shop\/index.php\/wp-json\/wp\/v2\/product_brand?post=5578"},{"taxonomy":"product_cat","embeddable":true,"href":"https:\/\/bpont.hu\/shop\/index.php\/wp-json\/wp\/v2\/product_cat?post=5578"},{"taxonomy":"product_tag","embeddable":true,"href":"https:\/\/bpont.hu\/shop\/index.php\/wp-json\/wp\/v2\/product_tag?post=5578"}],"curies":[{"name":"wp","href":"https:\/\/api.w.org\/{rel}","templated":true}]}}