{"id":5572,"date":"2025-08-04T09:28:13","date_gmt":"2025-08-04T08:28:13","guid":{"rendered":"https:\/\/bpont.hu\/shop\/index.php\/product\/sullyeszto-doboz-beton-fodemhez-fap-500-es-fcp-500-hoz\/"},"modified":"2026-05-05T14:46:28","modified_gmt":"2026-05-05T12:46:28","slug":"sullyeszto-doboz-beton-fodemhez-fap-500-es-fcp-500-hoz","status":"publish","type":"product","link":"https:\/\/bpont.hu\/shop\/index.php\/product\/sullyeszto-doboz-beton-fodemhez-fap-500-es-fcp-500-hoz\/","title":{"rendered":"FAA-500-CB<br>S\u00fcllyeszt\u0151 doboz beton f\u00f6d\u00e9mhez FAP 500 \u00e9s FCP 500-hoz"},"content":{"rendered":"<p>FAA-500-CB<br \/>\nAz FAA-500-CB be\u00e9p\u00edtett h\u00e1z az FPA-500-as \u00e9s FPA-520-as \u00e9rz\u00e9kel\u0151k betonmennyezetbe \u00e9p\u00edt\u00e9s\u00e9re val\u00f3. Betonoz\u00e1s el\u00f6tt sz\u00fcks\u00e9ges a beszerel\u00e9se.<br \/>\nSeg\u00edts\u00e9g\u00e9vel k\u00f6nnyen \u00e9s pontosan be\u00e1ll\u00edthat\u00f3 a k\u00e1belbevezet\u0151 ny\u00edl\u00e1sok helyzete a CB 500 BB aljzat\/\u00e1lmennyezeti doboz r\u00e9sz\u00e9re.<\/p>\n","protected":false},"excerpt":{"rendered":"<p>Rendel\u00e9si k\u00f3d: F.01U.508.713<\/p>\n","protected":false},"featured_media":5571,"template":"","meta":[],"product_brand":[],"product_cat":[379],"product_tag":[25],"class_list":{"0":"post-5572","1":"product","2":"type-product","3":"status-publish","4":"has-post-thumbnail","6":"product_cat-pontszeru-erzekelo-kiegeszitok","7":"product_tag-bosch","9":"first","10":"instock","11":"taxable","12":"shipping-taxable","13":"product-type-simple"},"jetpack_sharing_enabled":true,"_links":{"self":[{"href":"https:\/\/bpont.hu\/shop\/index.php\/wp-json\/wp\/v2\/product\/5572","targetHints":{"allow":["GET"]}}],"collection":[{"href":"https:\/\/bpont.hu\/shop\/index.php\/wp-json\/wp\/v2\/product"}],"about":[{"href":"https:\/\/bpont.hu\/shop\/index.php\/wp-json\/wp\/v2\/types\/product"}],"version-history":[{"count":3,"href":"https:\/\/bpont.hu\/shop\/index.php\/wp-json\/wp\/v2\/product\/5572\/revisions"}],"predecessor-version":[{"id":8323,"href":"https:\/\/bpont.hu\/shop\/index.php\/wp-json\/wp\/v2\/product\/5572\/revisions\/8323"}],"wp:featuredmedia":[{"embeddable":true,"href":"https:\/\/bpont.hu\/shop\/index.php\/wp-json\/wp\/v2\/media\/5571"}],"wp:attachment":[{"href":"https:\/\/bpont.hu\/shop\/index.php\/wp-json\/wp\/v2\/media?parent=5572"}],"wp:term":[{"taxonomy":"product_brand","embeddable":true,"href":"https:\/\/bpont.hu\/shop\/index.php\/wp-json\/wp\/v2\/product_brand?post=5572"},{"taxonomy":"product_cat","embeddable":true,"href":"https:\/\/bpont.hu\/shop\/index.php\/wp-json\/wp\/v2\/product_cat?post=5572"},{"taxonomy":"product_tag","embeddable":true,"href":"https:\/\/bpont.hu\/shop\/index.php\/wp-json\/wp\/v2\/product_tag?post=5572"}],"curies":[{"name":"wp","href":"https:\/\/api.w.org\/{rel}","templated":true}]}}