{"id":5567,"date":"2025-08-04T09:28:12","date_gmt":"2025-08-04T08:28:12","guid":{"rendered":"https:\/\/bpont.hu\/shop\/index.php\/product\/kettos-optikai-es-ho-erzekelo-e-smog-erzekeles-tarcsaval-is-cimezheto-eu\/"},"modified":"2026-05-05T14:46:28","modified_gmt":"2026-05-05T12:46:28","slug":"kettos-optikai-es-ho-erzekelo-e-smog-erzekeles-tarcsaval-is-cimezheto-eu","status":"publish","type":"product","link":"https:\/\/bpont.hu\/shop\/index.php\/product\/kettos-optikai-es-ho-erzekelo-e-smog-erzekeles-tarcsaval-is-cimezheto-eu\/","title":{"rendered":"FAP-425-DOT-R<br>Kett\u0151s Optikai \u00e9s H\u0151-\u00e9rz\u00e9kel\u0151, e-smog \u00e9rz\u00e9kel\u00e9s, t\u00e1rcs\u00e1val is c\u00edmezhet\u0151 (EU)"},"content":{"rendered":"<p>FAP-425-DOT-R<br \/>\nAz AVENAR detector 4000 a rendk\u00edv\u00fcli pontoss\u00e1got \u00e9s \u00e9rz\u00e9kel\u00e9si k\u00e9pess\u00e9get k\u00edn\u00e1l\u00f3 t\u0171z\u00e9rz\u00e9kel\u0151k \u00faj term\u00e9kcsal\u00e1dja.<br \/>\nA kett\u0151s optikai (DO) szenzorral szerelt v\u00e1ltozatok a legkisebb f\u00fcstmennyis\u00e9get is \u00e9rz\u00e9kelik (ezzel megfelelnek a TF1- \u00e9s TF9-tesztek k\u00f6vetelm\u00e9nyeinek).<br \/>\nA term\u00e9kcsal\u00e1dban tal\u00e1lhat\u00f3k forg\u00f3kapcsol\u00f3s, k\u00e9zi \u00e9s automatikus c\u00edmz\u00e9st is t\u00e1mogat\u00f3 \u00e9rz\u00e9kel\u0151k, valamint forg\u00f3kapcsol\u00f3 n\u00e9lk\u00fcli, csak automatikus c\u00edmz\u00e9st t\u00e1mogat\u00f3 k\u00e9sz\u00fcl\u00e9kek is.<\/p>\n","protected":false},"excerpt":{"rendered":"<p>Rendel\u00e9si k\u00f3d: F.01U.307.730<\/p>\n","protected":false},"featured_media":5565,"template":"","meta":[],"product_brand":[],"product_cat":[402],"product_tag":[25],"class_list":{"0":"post-5567","1":"product","2":"type-product","3":"status-publish","4":"has-post-thumbnail","6":"product_cat-intelligens-erzekelok-pontszeru-erzekelok-erzekelok-tuzjelzo-rendszerek","7":"product_tag-bosch","9":"first","10":"instock","11":"taxable","12":"shipping-taxable","13":"product-type-simple"},"jetpack_sharing_enabled":true,"_links":{"self":[{"href":"https:\/\/bpont.hu\/shop\/index.php\/wp-json\/wp\/v2\/product\/5567","targetHints":{"allow":["GET"]}}],"collection":[{"href":"https:\/\/bpont.hu\/shop\/index.php\/wp-json\/wp\/v2\/product"}],"about":[{"href":"https:\/\/bpont.hu\/shop\/index.php\/wp-json\/wp\/v2\/types\/product"}],"version-history":[{"count":3,"href":"https:\/\/bpont.hu\/shop\/index.php\/wp-json\/wp\/v2\/product\/5567\/revisions"}],"predecessor-version":[{"id":8320,"href":"https:\/\/bpont.hu\/shop\/index.php\/wp-json\/wp\/v2\/product\/5567\/revisions\/8320"}],"wp:featuredmedia":[{"embeddable":true,"href":"https:\/\/bpont.hu\/shop\/index.php\/wp-json\/wp\/v2\/media\/5565"}],"wp:attachment":[{"href":"https:\/\/bpont.hu\/shop\/index.php\/wp-json\/wp\/v2\/media?parent=5567"}],"wp:term":[{"taxonomy":"product_brand","embeddable":true,"href":"https:\/\/bpont.hu\/shop\/index.php\/wp-json\/wp\/v2\/product_brand?post=5567"},{"taxonomy":"product_cat","embeddable":true,"href":"https:\/\/bpont.hu\/shop\/index.php\/wp-json\/wp\/v2\/product_cat?post=5567"},{"taxonomy":"product_tag","embeddable":true,"href":"https:\/\/bpont.hu\/shop\/index.php\/wp-json\/wp\/v2\/product_tag?post=5567"}],"curies":[{"name":"wp","href":"https:\/\/api.w.org\/{rel}","templated":true}]}}