{"id":5557,"date":"2025-08-04T09:28:09","date_gmt":"2025-08-04T08:28:09","guid":{"rendered":"https:\/\/bpont.hu\/shop\/index.php\/product\/opcionalis-kulcs-a-2-es-szinthez\/"},"modified":"2026-03-11T16:40:32","modified_gmt":"2026-03-11T14:40:32","slug":"opcionalis-kulcs-a-2-es-szinthez","status":"publish","type":"product","link":"https:\/\/bpont.hu\/shop\/index.php\/product\/opcionalis-kulcs-a-2-es-szinthez\/","title":{"rendered":"FPC-500-KEY<br>Opcion\u00e1lis kulcs a 2-es szinthez"},"content":{"rendered":"<p>FPC-500-KEY<br \/>\nA kulcsoskapcsol\u00f3 kieg\u00e9sz\u00edt\u0151 haszn\u00e1lat\u00e1val egyszer\u0171en \u00e1ll\u00edthat\u00f3 a felhaszn\u00e1l\u00f3i szint, nem sz\u00fcks\u00e9ges a k\u00f3dok haszn\u00e1lata.<br \/>\nAz el\u0151re kialak\u00edtott hely\u00e9re gyorsan beszerelhet\u0151 \u00e9s csatlakoztathat\u00f3 a vez\u00e9rl\u0151h\u00f6z.<\/p>\n","protected":false},"excerpt":{"rendered":"<p>Rendel\u00e9si k\u00f3d: F.01U.164.844<\/p>\n","protected":false},"featured_media":5556,"template":"","meta":[],"product_brand":[],"product_cat":[376],"product_tag":[25],"class_list":{"0":"post-5557","1":"product","2":"type-product","3":"status-publish","4":"has-post-thumbnail","6":"product_cat-hagyomanyos-kozpontok-es-kiegeszitoi","7":"product_tag-bosch","9":"first","10":"instock","11":"taxable","12":"shipping-taxable","13":"purchasable","14":"product-type-simple"},"jetpack_sharing_enabled":true,"_links":{"self":[{"href":"https:\/\/bpont.hu\/shop\/index.php\/wp-json\/wp\/v2\/product\/5557","targetHints":{"allow":["GET"]}}],"collection":[{"href":"https:\/\/bpont.hu\/shop\/index.php\/wp-json\/wp\/v2\/product"}],"about":[{"href":"https:\/\/bpont.hu\/shop\/index.php\/wp-json\/wp\/v2\/types\/product"}],"version-history":[{"count":3,"href":"https:\/\/bpont.hu\/shop\/index.php\/wp-json\/wp\/v2\/product\/5557\/revisions"}],"predecessor-version":[{"id":8314,"href":"https:\/\/bpont.hu\/shop\/index.php\/wp-json\/wp\/v2\/product\/5557\/revisions\/8314"}],"wp:featuredmedia":[{"embeddable":true,"href":"https:\/\/bpont.hu\/shop\/index.php\/wp-json\/wp\/v2\/media\/5556"}],"wp:attachment":[{"href":"https:\/\/bpont.hu\/shop\/index.php\/wp-json\/wp\/v2\/media?parent=5557"}],"wp:term":[{"taxonomy":"product_brand","embeddable":true,"href":"https:\/\/bpont.hu\/shop\/index.php\/wp-json\/wp\/v2\/product_brand?post=5557"},{"taxonomy":"product_cat","embeddable":true,"href":"https:\/\/bpont.hu\/shop\/index.php\/wp-json\/wp\/v2\/product_cat?post=5557"},{"taxonomy":"product_tag","embeddable":true,"href":"https:\/\/bpont.hu\/shop\/index.php\/wp-json\/wp\/v2\/product_tag?post=5557"}],"curies":[{"name":"wp","href":"https:\/\/api.w.org\/{rel}","templated":true}]}}