{"id":5553,"date":"2025-08-04T09:28:08","date_gmt":"2025-08-04T08:28:08","guid":{"rendered":"https:\/\/bpont.hu\/shop\/index.php\/product\/opcionalis-oc-kimenet-4-8-zonas-kozponthoz\/"},"modified":"2026-03-11T16:40:31","modified_gmt":"2026-03-11T14:40:31","slug":"opcionalis-oc-kimenet-4-8-zonas-kozponthoz","status":"publish","type":"product","link":"https:\/\/bpont.hu\/shop\/index.php\/product\/opcionalis-oc-kimenet-4-8-zonas-kozponthoz\/","title":{"rendered":"FPC-500-OCEXT<br>Opcion\u00e1lis OC kimenet 4\/8 z\u00f3n\u00e1s k\u00f6zponthoz"},"content":{"rendered":"<p>FPC-500-OCEXT<br \/>\nAz FPC 500-as hagyom\u00e1nyos t\u0171zjelz\u0151 k\u00f6zpontba be\u00e9p\u00edthet\u0151 Open Collectoros modul.<br \/>\nA 4 z\u00f3n\u00e1s vez\u00e9rl\u0151h\u00f6z 1, a 8 z\u00f3n\u00e1s vez\u00e9rl\u0151h\u00f6z 2 modul illeszthet\u0151.<br \/>\nModulonk\u00e9nt 4 db OC kisfesz\u00fclts\u00e9g\u0171 kimenet haszn\u00e1lhat\u00f3.<\/p>\n","protected":false},"excerpt":{"rendered":"<p>Rendel\u00e9si k\u00f3d: F.01U.164.794<\/p>\n","protected":false},"featured_media":5552,"template":"","meta":[],"product_brand":[],"product_cat":[376],"product_tag":[25],"class_list":{"0":"post-5553","1":"product","2":"type-product","3":"status-publish","4":"has-post-thumbnail","6":"product_cat-hagyomanyos-kozpontok-es-kiegeszitoi","7":"product_tag-bosch","9":"first","10":"instock","11":"taxable","12":"shipping-taxable","13":"purchasable","14":"product-type-simple"},"jetpack_sharing_enabled":true,"_links":{"self":[{"href":"https:\/\/bpont.hu\/shop\/index.php\/wp-json\/wp\/v2\/product\/5553","targetHints":{"allow":["GET"]}}],"collection":[{"href":"https:\/\/bpont.hu\/shop\/index.php\/wp-json\/wp\/v2\/product"}],"about":[{"href":"https:\/\/bpont.hu\/shop\/index.php\/wp-json\/wp\/v2\/types\/product"}],"version-history":[{"count":3,"href":"https:\/\/bpont.hu\/shop\/index.php\/wp-json\/wp\/v2\/product\/5553\/revisions"}],"predecessor-version":[{"id":8312,"href":"https:\/\/bpont.hu\/shop\/index.php\/wp-json\/wp\/v2\/product\/5553\/revisions\/8312"}],"wp:featuredmedia":[{"embeddable":true,"href":"https:\/\/bpont.hu\/shop\/index.php\/wp-json\/wp\/v2\/media\/5552"}],"wp:attachment":[{"href":"https:\/\/bpont.hu\/shop\/index.php\/wp-json\/wp\/v2\/media?parent=5553"}],"wp:term":[{"taxonomy":"product_brand","embeddable":true,"href":"https:\/\/bpont.hu\/shop\/index.php\/wp-json\/wp\/v2\/product_brand?post=5553"},{"taxonomy":"product_cat","embeddable":true,"href":"https:\/\/bpont.hu\/shop\/index.php\/wp-json\/wp\/v2\/product_cat?post=5553"},{"taxonomy":"product_tag","embeddable":true,"href":"https:\/\/bpont.hu\/shop\/index.php\/wp-json\/wp\/v2\/product_tag?post=5553"}],"curies":[{"name":"wp","href":"https:\/\/api.w.org\/{rel}","templated":true}]}}