{"id":5549,"date":"2025-08-04T09:28:07","date_gmt":"2025-08-04T08:28:07","guid":{"rendered":"https:\/\/bpont.hu\/shop\/index.php\/product\/konvencionalis-tuzjelzo-kozpont-2-zonas\/"},"modified":"2026-03-11T16:40:31","modified_gmt":"2026-03-11T14:40:31","slug":"konvencionalis-tuzjelzo-kozpont-2-zonas","status":"publish","type":"product","link":"https:\/\/bpont.hu\/shop\/index.php\/product\/konvencionalis-tuzjelzo-kozpont-2-zonas\/","title":{"rendered":"FPC-500-2<br>Konvencion\u00e1lis t\u0171zjelz\u0151 k\u00f6zpont 2 z\u00f3n\u00e1s"},"content":{"rendered":"<p>FPC-500-2<br \/>\nAz FPC 500-as hagyom\u00e1nyos t\u0171zjelz\u0151 k\u00f6zpont sorozat teljes m\u00e9rt\u00e9kben biztos\u00edtja az iskol\u00e1k, \u00f3vod\u00e1k rakt\u00e1rak, kisebb int\u00e9zm\u00e9nyek, \u00fczletek t\u0171zjelz\u00e9ssel kapcsolatos ig\u00e9nyeit.<br \/>\nA sorozat 2-8 \u00e9rz\u00e9kel\u0151-hurokkal ker\u00fcl forgalomba, ak\u00e1r 256 \u00e9rz\u00e9kel\u00e9si pont kialak\u00edthat\u00f3.<br \/>\nA modern, vonz\u00f3 design \u00e9s kis m\u00e9rete ellen\u00e9re a funkcionalit\u00e1s magas sz\u00ednvonalon tart\u00e1s\u00e1val teszi kedvez\u0151v\u00e9 a v\u00e9gfelhaszn\u00e1l\u00f3k r\u00e9sz\u00e9re.<br \/>\nAz 500-as sorozat rendk\u00edv\u00fcl k\u00f6nnyen telep\u00edthet\u0151 \u00e9s programozhat\u00f3 vet\u00e9lyt\u00e1rsaival szemben, karbantart\u00e1sa \u00e9s \u00fczemeltet\u00e9se igen k\u00f6lts\u00e9ghat\u00e9kony. A rendszerek kieg\u00e9sz\u00edt\u0151 panelekkel testre szabhat\u00f3k.<br \/>\nA k\u00f6zpontok telep\u00edt\u00e9se \u00e9s haszn\u00e1lata nem ig\u00e9nyel k\u00fcl\u00f6nleges oktat\u00e1sokat, k\u00f6sz\u00f6nhet\u0151en az intuit\u00edv kezel\u0151i fel\u00fcletnek, valamint az egy\u00e9rtelm\u0171 \u201eicon\u201d-os kezel\u0151-gomboknak.<\/p>\n","protected":false},"excerpt":{"rendered":"<p>Rendel\u00e9si k\u00f3d: F.01U.164.791<\/p>\n","protected":false},"featured_media":5548,"template":"","meta":[],"product_brand":[],"product_cat":[376],"product_tag":[25],"class_list":{"0":"post-5549","1":"product","2":"type-product","3":"status-publish","4":"has-post-thumbnail","6":"product_cat-hagyomanyos-kozpontok-es-kiegeszitoi","7":"product_tag-bosch","9":"first","10":"instock","11":"taxable","12":"shipping-taxable","13":"purchasable","14":"product-type-simple"},"jetpack_sharing_enabled":true,"_links":{"self":[{"href":"https:\/\/bpont.hu\/shop\/index.php\/wp-json\/wp\/v2\/product\/5549","targetHints":{"allow":["GET"]}}],"collection":[{"href":"https:\/\/bpont.hu\/shop\/index.php\/wp-json\/wp\/v2\/product"}],"about":[{"href":"https:\/\/bpont.hu\/shop\/index.php\/wp-json\/wp\/v2\/types\/product"}],"version-history":[{"count":3,"href":"https:\/\/bpont.hu\/shop\/index.php\/wp-json\/wp\/v2\/product\/5549\/revisions"}],"predecessor-version":[{"id":8309,"href":"https:\/\/bpont.hu\/shop\/index.php\/wp-json\/wp\/v2\/product\/5549\/revisions\/8309"}],"wp:featuredmedia":[{"embeddable":true,"href":"https:\/\/bpont.hu\/shop\/index.php\/wp-json\/wp\/v2\/media\/5548"}],"wp:attachment":[{"href":"https:\/\/bpont.hu\/shop\/index.php\/wp-json\/wp\/v2\/media?parent=5549"}],"wp:term":[{"taxonomy":"product_brand","embeddable":true,"href":"https:\/\/bpont.hu\/shop\/index.php\/wp-json\/wp\/v2\/product_brand?post=5549"},{"taxonomy":"product_cat","embeddable":true,"href":"https:\/\/bpont.hu\/shop\/index.php\/wp-json\/wp\/v2\/product_cat?post=5549"},{"taxonomy":"product_tag","embeddable":true,"href":"https:\/\/bpont.hu\/shop\/index.php\/wp-json\/wp\/v2\/product_tag?post=5549"}],"curies":[{"name":"wp","href":"https:\/\/api.w.org\/{rel}","templated":true}]}}