{"id":5544,"date":"2025-08-04T09:28:06","date_gmt":"2025-08-04T08:28:06","guid":{"rendered":"https:\/\/bpont.hu\/shop\/index.php\/product\/fire-monitoring-system-5000-program-win-ra-5000-pontig\/"},"modified":"2026-05-05T14:46:28","modified_gmt":"2026-05-05T12:46:28","slug":"fire-monitoring-system-5000-program-win-ra-5000-pontig","status":"publish","type":"product","link":"https:\/\/bpont.hu\/shop\/index.php\/product\/fire-monitoring-system-5000-program-win-ra-5000-pontig\/","title":{"rendered":"FSM-5000<br>Fire Monitoring System 5000 program WIN-ra, 5000 pontig"},"content":{"rendered":"<p>FSM-5000<br \/>\nA t\u0171zjelz\u0151-fel\u00fcgyeleti rendszer egy olyan grafikuskezel\u0151i fel\u00fclet, amely ell\u00e1tja az \u00f6sszesen ak\u00e1r 5000\u00e9rz\u00e9kel\u00e9si ponttal rendelkez\u0151 kis- \u00e9s k\u00f6zepes m\u00e9ret\u0171t\u0171zjelz\u0151 rendszerek megjelen\u00edt\u00e9s\u00e9t \u00e9s fel\u00fcgyelet\u00e9t. Arendszer az FPA-5000 \u00e9s az FPA-1200 t\u0171zjelz\u0151k\u00f6zpontokkal kompatibilis.<\/p>\n<p>&#8211; Egyedi vagy h\u00e1l\u00f3zatba kapcsolt k\u00f6zpontokfel\u00fcgyelete<br \/>\n&#8211; Ak\u00e1r 5000 \u00e9rz\u00e9kel\u00e9si pont kezel\u00e9se (FSM500)<br \/>\n&#8211; Ak\u00e1r 10 kliens egyidej\u0171 csatlakoz\u00e1sa<br \/>\n&#8211; Esem\u00e9nyek \u00e9s m\u0171veletek r\u00e9szletes napl\u00f3z\u00e1sa<br \/>\n&#8211; Felhaszn\u00e1l\u00f3bar\u00e1t telep\u00edt\u00e9s \u00e9s konfigur\u00e1l\u00e1s<\/p>\n","protected":false},"excerpt":{"rendered":"<p>Rendel\u00e9si k\u00f3d: F.01U.314.991<\/p>\n","protected":false},"featured_media":5543,"template":"","meta":[],"product_brand":[],"product_cat":[375],"product_tag":[25],"class_list":{"0":"post-5544","1":"product","2":"type-product","3":"status-publish","4":"has-post-thumbnail","6":"product_cat-monitoring-szoftver","7":"product_tag-bosch","9":"first","10":"instock","11":"featured","12":"taxable","13":"shipping-taxable","14":"product-type-simple"},"jetpack_sharing_enabled":true,"_links":{"self":[{"href":"https:\/\/bpont.hu\/shop\/index.php\/wp-json\/wp\/v2\/product\/5544","targetHints":{"allow":["GET"]}}],"collection":[{"href":"https:\/\/bpont.hu\/shop\/index.php\/wp-json\/wp\/v2\/product"}],"about":[{"href":"https:\/\/bpont.hu\/shop\/index.php\/wp-json\/wp\/v2\/types\/product"}],"version-history":[{"count":3,"href":"https:\/\/bpont.hu\/shop\/index.php\/wp-json\/wp\/v2\/product\/5544\/revisions"}],"predecessor-version":[{"id":8305,"href":"https:\/\/bpont.hu\/shop\/index.php\/wp-json\/wp\/v2\/product\/5544\/revisions\/8305"}],"wp:featuredmedia":[{"embeddable":true,"href":"https:\/\/bpont.hu\/shop\/index.php\/wp-json\/wp\/v2\/media\/5543"}],"wp:attachment":[{"href":"https:\/\/bpont.hu\/shop\/index.php\/wp-json\/wp\/v2\/media?parent=5544"}],"wp:term":[{"taxonomy":"product_brand","embeddable":true,"href":"https:\/\/bpont.hu\/shop\/index.php\/wp-json\/wp\/v2\/product_brand?post=5544"},{"taxonomy":"product_cat","embeddable":true,"href":"https:\/\/bpont.hu\/shop\/index.php\/wp-json\/wp\/v2\/product_cat?post=5544"},{"taxonomy":"product_tag","embeddable":true,"href":"https:\/\/bpont.hu\/shop\/index.php\/wp-json\/wp\/v2\/product_tag?post=5544"}],"curies":[{"name":"wp","href":"https:\/\/api.w.org\/{rel}","templated":true}]}}