{"id":5538,"date":"2025-08-04T09:28:03","date_gmt":"2025-08-04T08:28:03","guid":{"rendered":"https:\/\/bpont.hu\/shop\/index.php\/product\/aux-tapegyseg-keszlet-dobozlva\/"},"modified":"2026-03-11T16:40:30","modified_gmt":"2026-03-11T14:40:30","slug":"aux-tapegyseg-keszlet-dobozlva","status":"publish","type":"product","link":"https:\/\/bpont.hu\/shop\/index.php\/product\/aux-tapegyseg-keszlet-dobozlva\/","title":{"rendered":"FPP 5000<br>AUX t\u00e1pegys\u00e9g k\u00e9szlet, dobozlva"},"content":{"rendered":"<p>FPP 5000<br \/>\nAz FPP-5000 k\u00fcls\u0151 t\u00e1pegys\u00e9g univerz\u00e1lis t\u00e1pell\u00e1t\u00e1sra k\u00e9sz\u00fclt, \u00e9s k\u00e9t 12 V\/45 Ah-s akkumul\u00e1tor f\u00e9r el benne.<br \/>\nAz FPA\u20115000 modul\u00e1ris t\u0171zjelz\u0151 k\u00f6zpontok \u00f6sszetev\u0151ihez konfigur\u00e1lt\u00e1k.<br \/>\nTulajdons\u00e1gok:<br \/>\n&#8211; H\u0151m\u00e9rs\u00e9klet- \u00e9s id\u0151vez\u00e9relt t\u00f6lt\u00e9si folyamat<br \/>\n&#8211; Egyenk\u00e9nt elektronikusan biztos\u00edtott \u00e9s p\u00e1rhuzamosan csatlakoztathat\u00f3 fesz\u00fclts\u00e9gkimenetek<br \/>\n&#8211; K\u00e9t akkumul\u00e1tor elhelyez\u00e9s\u00e9re alkalmasTartoz\u00e9kok<br \/>\n1db PMF 0002 A keretre szerelhet\u0151 k\u00f6zepes m\u00e9ret\u0171 t\u00e1pegys\u00e9gh\u00e1z konzollal<br \/>\n1db FMH 0000 A k\u00f6zepes m\u00e9ret\u0171 szerel\u0151keret<br \/>\n1db UPS 2416 24 V\/6 A-es univerz\u00e1lis t\u00e1pegys\u00e9g<br \/>\n1db PRS 0002 A r\u00f6vid k\u00f6zponts\u00edn<br \/>\n1db BCM-0000-B akkumul\u00e1tor-ellen\u0151rz\u0151 modul<br \/>\n1db CPB 0000 A BCM\/UPS k\u00e1belk\u00e9szlet<\/p>\n","protected":false},"excerpt":{"rendered":"<p>Rendel\u00e9si k\u00f3d: F.01U.511.307<\/p>\n","protected":false},"featured_media":5537,"template":"","meta":[],"product_brand":[],"product_cat":[313],"product_tag":[25],"class_list":{"0":"post-5538","1":"product","2":"type-product","3":"status-publish","4":"has-post-thumbnail","6":"product_cat-kozpont-modulok-hazak-tartozekok","7":"product_tag-bosch","9":"first","10":"instock","11":"taxable","12":"shipping-taxable","13":"purchasable","14":"product-type-simple"},"jetpack_sharing_enabled":true,"_links":{"self":[{"href":"https:\/\/bpont.hu\/shop\/index.php\/wp-json\/wp\/v2\/product\/5538","targetHints":{"allow":["GET"]}}],"collection":[{"href":"https:\/\/bpont.hu\/shop\/index.php\/wp-json\/wp\/v2\/product"}],"about":[{"href":"https:\/\/bpont.hu\/shop\/index.php\/wp-json\/wp\/v2\/types\/product"}],"version-history":[{"count":3,"href":"https:\/\/bpont.hu\/shop\/index.php\/wp-json\/wp\/v2\/product\/5538\/revisions"}],"predecessor-version":[{"id":8302,"href":"https:\/\/bpont.hu\/shop\/index.php\/wp-json\/wp\/v2\/product\/5538\/revisions\/8302"}],"wp:featuredmedia":[{"embeddable":true,"href":"https:\/\/bpont.hu\/shop\/index.php\/wp-json\/wp\/v2\/media\/5537"}],"wp:attachment":[{"href":"https:\/\/bpont.hu\/shop\/index.php\/wp-json\/wp\/v2\/media?parent=5538"}],"wp:term":[{"taxonomy":"product_brand","embeddable":true,"href":"https:\/\/bpont.hu\/shop\/index.php\/wp-json\/wp\/v2\/product_brand?post=5538"},{"taxonomy":"product_cat","embeddable":true,"href":"https:\/\/bpont.hu\/shop\/index.php\/wp-json\/wp\/v2\/product_cat?post=5538"},{"taxonomy":"product_tag","embeddable":true,"href":"https:\/\/bpont.hu\/shop\/index.php\/wp-json\/wp\/v2\/product_tag?post=5538"}],"curies":[{"name":"wp","href":"https:\/\/api.w.org\/{rel}","templated":true}]}}