{"id":5535,"date":"2025-08-04T09:28:02","date_gmt":"2025-08-04T08:28:02","guid":{"rendered":"https:\/\/bpont.hu\/shop\/index.php\/product\/tapegysegtarto-1-es-kivitel-psb-0004-a-tapegysegekhez\/"},"modified":"2026-03-11T16:40:30","modified_gmt":"2026-03-11T14:40:30","slug":"tapegysegtarto-1-es-kivitel-psb-0004-a-tapegysegekhez","status":"publish","type":"product","link":"https:\/\/bpont.hu\/shop\/index.php\/product\/tapegysegtarto-1-es-kivitel-psb-0004-a-tapegysegekhez\/","title":{"rendered":"FPO-5000-PSB1<br>T\u00e1pegys\u00e9gtart\u00f3 1-es kivitel PSB 0004 A t\u00e1pegys\u00e9gekhez"},"content":{"rendered":"<p>FPO-5000-PSB1<br \/>\nA t\u00e1pegys\u00e9gkonzolokat falra szerelhet\u0151 h\u00e1zba szerelik, \u00e9s egy t\u00e1pegys\u00e9g befogad\u00e1s\u00e1ra alkalmasak.<br \/>\nA t\u00e1pegys\u00e9g az el\u0151vezet\u00e9kezett csatlakoz\u00e1sok r\u00e9v\u00e9n azonnal \u00fczemk\u00e9sz.<br \/>\nA konzolok \u00fcvegsz\u00e1llal meger\u0151s\u00edtett m\u0171anyagb\u00f3l k\u00e9sz\u00fclnek, \u00e9s rendelkeznek egy h\u0151m\u00e9rs\u00e9klet-\u00e9rz\u00e9kelvel \u00e9s egy T10A h\u00e1l\u00f3zati biztos\u00edt\u00e9kkal.<\/p>\n","protected":false},"excerpt":{"rendered":"<p>Rendel\u00e9si k\u00f3d: F.01U.078.858<\/p>\n","protected":false},"featured_media":5534,"template":"","meta":[],"product_brand":[],"product_cat":[313],"product_tag":[25],"class_list":{"0":"post-5535","1":"product","2":"type-product","3":"status-publish","4":"has-post-thumbnail","6":"product_cat-kozpont-modulok-hazak-tartozekok","7":"product_tag-bosch","9":"first","10":"instock","11":"taxable","12":"shipping-taxable","13":"purchasable","14":"product-type-simple"},"jetpack_sharing_enabled":true,"_links":{"self":[{"href":"https:\/\/bpont.hu\/shop\/index.php\/wp-json\/wp\/v2\/product\/5535","targetHints":{"allow":["GET"]}}],"collection":[{"href":"https:\/\/bpont.hu\/shop\/index.php\/wp-json\/wp\/v2\/product"}],"about":[{"href":"https:\/\/bpont.hu\/shop\/index.php\/wp-json\/wp\/v2\/types\/product"}],"version-history":[{"count":3,"href":"https:\/\/bpont.hu\/shop\/index.php\/wp-json\/wp\/v2\/product\/5535\/revisions"}],"predecessor-version":[{"id":8300,"href":"https:\/\/bpont.hu\/shop\/index.php\/wp-json\/wp\/v2\/product\/5535\/revisions\/8300"}],"wp:featuredmedia":[{"embeddable":true,"href":"https:\/\/bpont.hu\/shop\/index.php\/wp-json\/wp\/v2\/media\/5534"}],"wp:attachment":[{"href":"https:\/\/bpont.hu\/shop\/index.php\/wp-json\/wp\/v2\/media?parent=5535"}],"wp:term":[{"taxonomy":"product_brand","embeddable":true,"href":"https:\/\/bpont.hu\/shop\/index.php\/wp-json\/wp\/v2\/product_brand?post=5535"},{"taxonomy":"product_cat","embeddable":true,"href":"https:\/\/bpont.hu\/shop\/index.php\/wp-json\/wp\/v2\/product_cat?post=5535"},{"taxonomy":"product_tag","embeddable":true,"href":"https:\/\/bpont.hu\/shop\/index.php\/wp-json\/wp\/v2\/product_tag?post=5535"}],"curies":[{"name":"wp","href":"https:\/\/api.w.org\/{rel}","templated":true}]}}